{"id":2031,"date":"2024-01-17T11:31:24","date_gmt":"2024-01-17T11:31:24","guid":{"rendered":"https:\/\/wpayo.com\/fr\/?post_type=product&#038;p=2031"},"modified":"2024-01-17T11:31:25","modified_gmt":"2024-01-17T11:31:25","slug":"ccavenue-payment-gateway-learndash","status":"publish","type":"product","link":"https:\/\/wpayo.com\/fr\/paiement-gateway\/ccavenue-payment-gateway-learndash\/","title":{"rendered":"CCAvenue Payment Gateway pour LearnDash"},"content":{"rendered":"<div class=\"flex flex-grow flex-col max-w-full gap-3 gizmo:gap-0\">\n<div class=\"min-h-[20px] text-message flex flex-col items-start gap-3 whitespace-pre-wrap break-words [.text-message+&amp;]:mt-5 overflow-x-auto\" data-message-author-role=\"assistant\" data-message-id=\"fdecd845-b36a-487e-b48a-004103ac4343\">\n<div class=\"markdown prose w-full break-words dark:prose-invert dark\">\n<p><strong>D\u00e9couvrez la Collecte de Paiements sans Couture pour Votre Plateforme d&rsquo;Apprentissage en Ligne avec l&rsquo;Int\u00e9gration de CCAvenue et LearnDash<\/strong><\/p>\n<p><strong>Qu&rsquo;est-ce que CCAvenue?<\/strong><\/p>\n<p>CCAvenue est une passerelle de paiement en ligne bien connue et un service de traitement en Inde, offrant une plateforme s\u00e9curis\u00e9e et efficace aux entreprises et aux propri\u00e9taires de sites Web pour accepter les paiements en ligne. Avec une large gamme d&rsquo;options de paiement, y compris les cartes de cr\u00e9dit, les cartes de d\u00e9bit, le paiement en ligne et les portefeuilles num\u00e9riques, CCAvenue est une solution polyvalente pour diverses plates-formes en ligne, y compris les sites Web d&rsquo;apprentissage en ligne.<\/p>\n<p><strong>Caract\u00e9ristiques Principales de la Passerelle de Paiement CCAvenue pour LearnDash :<\/strong><\/p>\n<ol>\n<li><strong>Int\u00e9gration sans Effort :<\/strong> Int\u00e9grez facilement CCAvenue dans votre plateforme LearnDash sans configurations complexes. Commencez \u00e0 accepter les paiements de cours, les abonnements, et plus en quelques minutes, quel que soit votre niveau d&rsquo;expertise technique.<\/li>\n<li><strong>S\u00e9curit\u00e9 Robuste :<\/strong> B\u00e9n\u00e9ficiez d&rsquo;une s\u00e9curit\u00e9 de premier ordre pour toutes les transactions, assurant la confidentialit\u00e9 des informations de paiement de vos apprenants.<\/li>\n<li><strong>Options de Paiement Personnalisables :<\/strong> Adaptez vos tarifs de cours et mod\u00e8les d&rsquo;abonnement \u00e0 vos besoins sp\u00e9cifiques. Que vous proposiez des cours individuels, des abonnements, ou des parcours d&rsquo;apprentissage personnalis\u00e9s, tout est sous votre contr\u00f4le.<\/li>\n<li><strong>Port\u00e9e Mondiale :<\/strong> Attirez des apprenants du monde entier en acceptant les paiements dans plusieurs devises, offrant ainsi une commodit\u00e9 aux \u00e9tudiants internationaux.<\/li>\n<li><strong>Inscription Automatique :<\/strong> Simplifiez la gestion des cours avec une inscription automatique apr\u00e8s un paiement r\u00e9ussi, assurant un parcours d&rsquo;apprentissage fluide et sans tracas pour vos \u00e9tudiants.<\/li>\n<\/ol>\n<p><strong>Pourquoi Choisir CCAvenue pour LearnDash ?<\/strong><\/p>\n<ul>\n<li><strong>Fiabilit\u00e9 :<\/strong> CCAvenue est un nom de confiance dans le traitement des paiements en ligne, reconnu pour sa fiabilit\u00e9 et ses solides mesures de s\u00e9curit\u00e9.<\/li>\n<li><strong>Facilit\u00e9 d&rsquo;Utilisation :<\/strong> Le plugin est con\u00e7u en pensant \u00e0 l&rsquo;exp\u00e9rience utilisateur, facilitant la configuration et la gestion des transactions, m\u00eame pour ceux qui d\u00e9couvrent les paiements en ligne.<\/li>\n<li><strong>Adaptabilit\u00e9 :<\/strong> Que vous proposiez des cours individuels, un apprentissage bas\u00e9 sur l&rsquo;abonnement ou des parcours d&rsquo;apprentissage personnalis\u00e9s, le plugin s&rsquo;adapte \u00e0 vos besoins. Personnalisez les options de paiement pour correspondre \u00e0 vos offres de cours.<\/li>\n<li><strong>Support D\u00e9di\u00e9 :<\/strong> Une \u00e9quipe de support est disponible pour vous aider avec tout probl\u00e8me ou question, assurant le bon fonctionnement de votre plateforme d&rsquo;apprentissage en ligne.<\/li>\n<\/ul>\n<p><strong>Commencez d\u00e8s Aujourd&rsquo;hui :<\/strong><\/p>\n<p>Ne manquez pas de revenus potentiels ou l&rsquo;occasion de fournir une \u00e9ducation pr\u00e9cieuse. Am\u00e9liorez votre plateforme d&rsquo;apprentissage en ligne avec la Passerelle de Paiement CCAvenue pour LearnDash. Simplifiez le processus de paiement, inspirez confiance \u00e0 vos apprenants et stimulez le succ\u00e8s de vos cours en ligne. Commencez votre parcours d\u00e8s maintenant et d\u00e9bloquez les avantages des transactions en ligne sans faille.<\/p>\n<p><strong>Exigences :<\/strong><\/p>\n<ul>\n<li>Compte actif <a href=\"https:\/\/www.ccavenue.com\/\" target=\"_new\" rel=\"noopener\">CCAvenue<\/a> \u2013 Vous devez \u00eatre un commer\u00e7ant indien pour vous inscrire.<\/li>\n<li>Plugin LearnDash.<\/li>\n<li>Les formulaires doivent fonctionner en mode non- AJAX.<\/li>\n<li>Un certificat SSL valide est recommand\u00e9 pour la s\u00e9curit\u00e9 des d\u00e9tails de carte de cr\u00e9dit des clients.<\/li>\n<\/ul>\n<p><strong>Avis de Non-responsabilit\u00e9 :<\/strong><\/p>\n<p>Toutes les transactions sont trait\u00e9es en toute s\u00e9curit\u00e9 sur la plateforme CCAvenue, garantissant les plus hauts niveaux de s\u00e9curit\u00e9 et de conformit\u00e9.<\/p>\n<\/div>\n<\/div>\n<\/div>\n","protected":false},"excerpt":{"rendered":"<p>Integrate CCAvenue Gateway for LearnDash<\/p>\n","protected":false},"featured_media":2032,"comment_status":"open","ping_status":"closed","template":"","meta":{"_acf_changed":false},"product_cat":[55],"product_tag":[175],"class_list":{"0":"post-2031","1":"product","2":"type-product","3":"status-publish","4":"has-post-thumbnail","6":"product_cat-learndash","7":"product_tag-ccavenue","9":"first","10":"instock","11":"shipping-taxable","12":"purchasable","13":"product-type-simple"},"acf":[],"_links":{"self":[{"href":"https:\/\/wpayo.com\/fr\/wp-json\/wp\/v2\/product\/2031","targetHints":{"allow":["GET"]}}],"collection":[{"href":"https:\/\/wpayo.com\/fr\/wp-json\/wp\/v2\/product"}],"about":[{"href":"https:\/\/wpayo.com\/fr\/wp-json\/wp\/v2\/types\/product"}],"replies":[{"embeddable":true,"href":"https:\/\/wpayo.com\/fr\/wp-json\/wp\/v2\/comments?post=2031"}],"wp:featuredmedia":[{"embeddable":true,"href":"https:\/\/wpayo.com\/fr\/wp-json\/wp\/v2\/media\/2032"}],"wp:attachment":[{"href":"https:\/\/wpayo.com\/fr\/wp-json\/wp\/v2\/media?parent=2031"}],"wp:term":[{"taxonomy":"product_cat","embeddable":true,"href":"https:\/\/wpayo.com\/fr\/wp-json\/wp\/v2\/product_cat?post=2031"},{"taxonomy":"product_tag","embeddable":true,"href":"https:\/\/wpayo.com\/fr\/wp-json\/wp\/v2\/product_tag?post=2031"}],"curies":[{"name":"wp","href":"https:\/\/api.w.org\/{rel}","templated":true}]}}