{"id":2034,"date":"2024-01-17T11:31:23","date_gmt":"2024-01-17T11:31:23","guid":{"rendered":"https:\/\/wpayo.com\/fr\/?post_type=product&#038;p=2034"},"modified":"2024-01-17T11:31:24","modified_gmt":"2024-01-17T11:31:24","slug":"ccavenue-payment-gateway-learnpress","status":"publish","type":"product","link":"https:\/\/wpayo.com\/fr\/paiement-gateway\/ccavenue-payment-gateway-learnpress\/","title":{"rendered":"CCAvenue Payment Gateway pour LearnPress"},"content":{"rendered":"<div class=\"flex flex-grow flex-col max-w-full gap-3 gizmo:gap-0\">\n<div class=\"min-h-[20px] text-message flex flex-col items-start gap-3 whitespace-pre-wrap break-words [.text-message+&amp;]:mt-5 overflow-x-auto\" data-message-author-role=\"assistant\" data-message-id=\"18500f85-3cb1-4787-be0d-b7a0a1701f1e\">\n<div class=\"markdown prose w-full break-words dark:prose-invert dark\">\n<p><strong>Pr\u00e9sentation de l&rsquo;Int\u00e9gration de la Passerelle de Paiement CCAvenue pour LearnPress : Une Solution Compl\u00e8te pour Simplifier la Collecte de Paiements sur Votre Plateforme d&rsquo;Apprentissage en Ligne<\/strong><\/p>\n<p><strong>Pourquoi Choisir CCAvenue ?<\/strong><\/p>\n<p>CCAvenue est un nom de confiance dans le monde des paiements en ligne, avec une r\u00e9putation de fournir des solutions de paiement s\u00e9curis\u00e9es et efficaces. En explorant l&rsquo;int\u00e9gration de CCAvenue pour LearnPress, vous pouvez vous attendre \u00e0 :<\/p>\n<ol>\n<li><strong>Int\u00e9gration sans Effort :<\/strong> Int\u00e9grez facilement CCAvenue dans votre plateforme LearnPress. Peu importe votre expertise technique, vous pouvez commencer \u00e0 accepter les paiements pour vos cours et abonnements en quelques minutes.<\/li>\n<li><strong>S\u00e9curit\u00e9 de Haut Niveau :<\/strong> Soyez assur\u00e9 que les mesures de s\u00e9curit\u00e9 avanc\u00e9es de CCAvenue prot\u00e8gent toutes les transactions. Les informations sensibles de paiement de vos apprenants restent confidentielles et s\u00e9curis\u00e9es.<\/li>\n<li><strong>Options de Paiement Personnalisables :<\/strong> Adaptez vos tarifs de cours et mod\u00e8les d&rsquo;abonnement \u00e0 vos besoins sp\u00e9cifiques. Que vous proposiez des cours individuels, un apprentissage bas\u00e9 sur l&rsquo;abonnement, ou des parcours d&rsquo;apprentissage personnalis\u00e9s, CCAvenue offre une flexibilit\u00e9.<\/li>\n<li><strong>Port\u00e9e Mondiale :<\/strong> Attirez des apprenants du monde entier en acceptant les paiements dans plusieurs devises. Cette commodit\u00e9 facilite l&rsquo;acc\u00e8s de vos cours aux \u00e9tudiants internationaux.<\/li>\n<li><strong>Inscription Automatique :<\/strong> Simplifiez la gestion des cours avec une inscription automatique apr\u00e8s un paiement r\u00e9ussi. Vos apprenants profiteront d&rsquo;un parcours d&rsquo;apprentissage fluide et sans tracas.<\/li>\n<\/ol>\n<p><strong>Commencez d\u00e8s Aujourd&rsquo;hui :<\/strong><\/p>\n<p>Ne manquez pas de revenus potentiels ou l&rsquo;occasion de fournir une \u00e9ducation pr\u00e9cieuse. Am\u00e9liorez votre plateforme d&rsquo;apprentissage en ligne avec la Passerelle de Paiement CCAvenue pour LearnPress. Simplifiez le processus de paiement, inspirez confiance \u00e0 vos apprenants et boostez le succ\u00e8s de vos cours en ligne.<\/p>\n<p><strong>Exigences :<\/strong><\/p>\n<ul>\n<li>Compte actif <a href=\"https:\/\/www.ccavenue.com\/\" target=\"_new\" rel=\"noopener\">CCAvenue<\/a> \u2013 Vous devez \u00eatre un commer\u00e7ant indien pour vous inscrire.<\/li>\n<li>Plugin LearnPress.<\/li>\n<li>Les formulaires doivent fonctionner en mode non-AJAX.<\/li>\n<li>Un certificat SSL valide n&rsquo;est pas requis car les d\u00e9tails de carte de cr\u00e9dit de vos clients sont saisis en toute s\u00e9curit\u00e9 sur les pages h\u00e9berg\u00e9es par CCAvenue, cependant, il est recommand\u00e9 d&rsquo;en avoir un. Ce plugin ne stocke pas les num\u00e9ros de carte de cr\u00e9dit ou les informations sensibles des clients sur votre site Web.<\/li>\n<\/ul>\n<p><strong>Avis de Non-responsabilit\u00e9 :<\/strong><\/p>\n<p>Toutes les transactions sont trait\u00e9es en toute s\u00e9curit\u00e9 sur la plateforme CCAvenue, garantissant les plus hauts niveaux de s\u00e9curit\u00e9 et de conformit\u00e9.<\/p>\n<\/div>\n<\/div>\n<\/div>\n","protected":false},"excerpt":{"rendered":"<p>Integrate CCAvenue Gateway for LearnPress<\/p>\n","protected":false},"featured_media":2035,"comment_status":"open","ping_status":"closed","template":"","meta":{"_acf_changed":false},"product_cat":[94],"product_tag":[175],"class_list":{"0":"post-2034","1":"product","2":"type-product","3":"status-publish","4":"has-post-thumbnail","6":"product_cat-learnpress","7":"product_tag-ccavenue","9":"first","10":"instock","11":"shipping-taxable","12":"purchasable","13":"product-type-simple"},"acf":[],"_links":{"self":[{"href":"https:\/\/wpayo.com\/fr\/wp-json\/wp\/v2\/product\/2034","targetHints":{"allow":["GET"]}}],"collection":[{"href":"https:\/\/wpayo.com\/fr\/wp-json\/wp\/v2\/product"}],"about":[{"href":"https:\/\/wpayo.com\/fr\/wp-json\/wp\/v2\/types\/product"}],"replies":[{"embeddable":true,"href":"https:\/\/wpayo.com\/fr\/wp-json\/wp\/v2\/comments?post=2034"}],"wp:featuredmedia":[{"embeddable":true,"href":"https:\/\/wpayo.com\/fr\/wp-json\/wp\/v2\/media\/2035"}],"wp:attachment":[{"href":"https:\/\/wpayo.com\/fr\/wp-json\/wp\/v2\/media?parent=2034"}],"wp:term":[{"taxonomy":"product_cat","embeddable":true,"href":"https:\/\/wpayo.com\/fr\/wp-json\/wp\/v2\/product_cat?post=2034"},{"taxonomy":"product_tag","embeddable":true,"href":"https:\/\/wpayo.com\/fr\/wp-json\/wp\/v2\/product_tag?post=2034"}],"curies":[{"name":"wp","href":"https:\/\/api.w.org\/{rel}","templated":true}]}}