{"id":2036,"date":"2024-01-17T11:31:22","date_gmt":"2024-01-17T11:31:22","guid":{"rendered":"https:\/\/wpayo.com\/fr\/?post_type=product&#038;p=2036"},"modified":"2024-01-17T11:31:23","modified_gmt":"2024-01-17T11:31:23","slug":"ccavenue-payment-gateway-wpforms","status":"publish","type":"product","link":"https:\/\/wpayo.com\/fr\/paiement-gateway\/ccavenue-payment-gateway-wpforms\/","title":{"rendered":"CCAvenue Payment Gateway pour WPForms"},"content":{"rendered":"<div class=\"flex flex-grow flex-col max-w-full gap-3 gizmo:gap-0\">\n<div class=\"min-h-[20px] text-message flex flex-col items-start gap-3 whitespace-pre-wrap break-words [.text-message+&amp;]:mt-5 overflow-x-auto\" data-message-author-role=\"assistant\" data-message-id=\"17eb3a10-c181-4e13-a19e-048f4a0de563\">\n<div class=\"markdown prose w-full break-words dark:prose-invert dark\">\n<p><strong>Pr\u00e9sentation de l&rsquo;Int\u00e9gration de la Passerelle de Paiement CCAvenue pour WPForms : Une Solution Puissante pour Simplifier la Collecte de Paiements sur Votre Site Web<\/strong><\/p>\n<p><strong>Pourquoi Choisir CCAvenue ?<\/strong><\/p>\n<p>CCAvenue est une passerelle de paiement en ligne de confiance et s\u00e9curis\u00e9e, reconnue pour sa fiabilit\u00e9. En int\u00e9grant CCAvenue dans vos WPForms, vous pouvez offrir \u00e0 vos clients une exp\u00e9rience de paiement sans tracas et s\u00e9curis\u00e9e.<\/p>\n<p><strong>Pourquoi Choisir CCAvenue ?<\/strong><\/p>\n<p>CCAvenue est un nom bien \u00e9tabli dans le monde des paiements en ligne, reconnu pour ses mesures de s\u00e9curit\u00e9 solides et sa fiabilit\u00e9. Voici pourquoi vous devriez envisager l&rsquo;int\u00e9gration de CCAvenue pour WPForms :<\/p>\n<ul>\n<li><strong>Int\u00e9gration sans Effort :<\/strong> Int\u00e9grez facilement CCAvenue dans votre configuration WPForms sans avoir besoin de codage complexe. Commencez \u00e0 accepter les paiements, les dons et les commandes en quelques minutes, m\u00eame si vous n&rsquo;\u00eates pas un expert technique.<\/li>\n<li><strong>S\u00e9curit\u00e9 Robuste :<\/strong> Soyez assur\u00e9 que toutes les transactions de paiement sont prot\u00e9g\u00e9es par les fonctionnalit\u00e9s de s\u00e9curit\u00e9 avanc\u00e9es de CCAvenue, garantissant la s\u00e9curit\u00e9 des donn\u00e9es sensibles de vos clients.<\/li>\n<li><strong>Formulaires Personnalisables :<\/strong> Cr\u00e9ez des formulaires de paiement sur mesure qui correspondent \u00e0 vos besoins uniques. Personnalisez les champs et les options pour offrir une exp\u00e9rience de paiement conviviale et engageante.<\/li>\n<li><strong>Prise en Charge de Plusieurs Devises :<\/strong> \u00c9largissez votre port\u00e9e mondiale en acceptant les paiements dans plusieurs devises, offrant ainsi une commodit\u00e9 aux clients internationaux.<\/li>\n<li><strong>Rapports D\u00e9taill\u00e9s :<\/strong> Suivez vos transactions financi\u00e8res avec des fonctionnalit\u00e9s de rapports compl\u00e8tes qui vous aident \u00e0 rester organis\u00e9 et \u00e0 prendre des d\u00e9cisions \u00e9clair\u00e9es.<\/li>\n<\/ul>\n<p><strong>Commencez d\u00e8s Aujourd&rsquo;hui :<\/strong><\/p>\n<p>Ne manquez pas de ventes potentielles, de dons ou de commandes. Simplifiez votre processus de paiement, inspirez la confiance de vos clients et dynamisez votre entreprise en ligne avec la Passerelle de Paiement CCAvenue pour WPForms.<\/p>\n<p><strong>Exigences :<\/strong><\/p>\n<ul>\n<li>Compte actif <a href=\"https:\/\/www.ccavenue.com\/\" target=\"_new\" rel=\"noopener\">CCAvenue<\/a> \u2013 Vous devez \u00eatre un commer\u00e7ant indien pour vous inscrire.<\/li>\n<li>Plugin WPForms.<\/li>\n<li>Les formulaires doivent fonctionner en mode non-AJAX.<\/li>\n<li>Un certificat SSL valide n&rsquo;est pas requis car les d\u00e9tails de carte de cr\u00e9dit de vos clients sont saisis en toute s\u00e9curit\u00e9 sur les pages h\u00e9berg\u00e9es par CCAvenue, cependant, il est recommand\u00e9 d&rsquo;en avoir un. Ce plugin ne stocke pas les num\u00e9ros de carte de cr\u00e9dit ou les informations sensibles des clients sur votre site Web.<\/li>\n<\/ul>\n<p><strong>Avis de Non-responsabilit\u00e9 :<\/strong><\/p>\n<p>Toutes les transactions sont trait\u00e9es en toute s\u00e9curit\u00e9 sur la plateforme CCAvenue, garantissant les plus hauts niveaux de s\u00e9curit\u00e9 et de conformit\u00e9.<\/p>\n<\/div>\n<\/div>\n<\/div>\n","protected":false},"excerpt":{"rendered":"<p>Integrate CCAvenue Gateway for WPForms<\/p>\n","protected":false},"featured_media":2037,"comment_status":"open","ping_status":"closed","template":"","meta":{"_acf_changed":false},"product_cat":[49],"product_tag":[175],"class_list":{"0":"post-2036","1":"product","2":"type-product","3":"status-publish","4":"has-post-thumbnail","6":"product_cat-wpforms","7":"product_tag-ccavenue","9":"first","10":"instock","11":"shipping-taxable","12":"purchasable","13":"product-type-simple"},"acf":[],"_links":{"self":[{"href":"https:\/\/wpayo.com\/fr\/wp-json\/wp\/v2\/product\/2036","targetHints":{"allow":["GET"]}}],"collection":[{"href":"https:\/\/wpayo.com\/fr\/wp-json\/wp\/v2\/product"}],"about":[{"href":"https:\/\/wpayo.com\/fr\/wp-json\/wp\/v2\/types\/product"}],"replies":[{"embeddable":true,"href":"https:\/\/wpayo.com\/fr\/wp-json\/wp\/v2\/comments?post=2036"}],"wp:featuredmedia":[{"embeddable":true,"href":"https:\/\/wpayo.com\/fr\/wp-json\/wp\/v2\/media\/2037"}],"wp:attachment":[{"href":"https:\/\/wpayo.com\/fr\/wp-json\/wp\/v2\/media?parent=2036"}],"wp:term":[{"taxonomy":"product_cat","embeddable":true,"href":"https:\/\/wpayo.com\/fr\/wp-json\/wp\/v2\/product_cat?post=2036"},{"taxonomy":"product_tag","embeddable":true,"href":"https:\/\/wpayo.com\/fr\/wp-json\/wp\/v2\/product_tag?post=2036"}],"curies":[{"name":"wp","href":"https:\/\/api.w.org\/{rel}","templated":true}]}}