{"id":2038,"date":"2024-01-17T11:31:21","date_gmt":"2024-01-17T11:31:21","guid":{"rendered":"https:\/\/wpayo.com\/fr\/?post_type=product&#038;p=2038"},"modified":"2024-01-17T11:31:22","modified_gmt":"2024-01-17T11:31:22","slug":"ccavenue-payment-gateway-bookly-pro","status":"publish","type":"product","link":"https:\/\/wpayo.com\/fr\/paiement-gateway\/ccavenue-payment-gateway-bookly-pro\/","title":{"rendered":"CCAvenue Payment Gateway pour Bookly Pro"},"content":{"rendered":"<p>\u00c9levez votre processus de r\u00e9servation de rendez-vous et de collecte de paiements avec la passerelle de paiement CCAvenue pour Bookly Pro. CCAvenue est une passerelle de paiement en ligne fiable et s\u00e9curis\u00e9e, reconnue pour sa fiabilit\u00e9 et ses fonctionnalit\u00e9s de s\u00e9curit\u00e9 robustes. En int\u00e9grant CCAvenue \u00e0 votre configuration Bookly Pro, vous pouvez faciliter plus que jamais la collecte de paiements pour les rendez-vous et les services.<\/p>\n<p><strong>Pourquoi choisir CCAvenue pour Bookly Pro?<\/strong><\/p>\n<ol>\n<li><strong>Int\u00e9gration sans effort:<\/strong> Int\u00e9grez en toute transparence CCAvenue dans votre cadre Bookly Pro sans avoir besoin de coder de mani\u00e8re complexe. Commencez \u00e0 accepter les paiements pour les rendez-vous en quelques minutes, sans n\u00e9cessiter d&rsquo;expertise technique.<\/li>\n<li><strong>S\u00e9curit\u00e9 de premier ordre:<\/strong> Dormez tranquille en sachant que toutes les transactions de paiement sont prot\u00e9g\u00e9es par les fonctionnalit\u00e9s de s\u00e9curit\u00e9 avanc\u00e9es de CCAvenue, assurant la s\u00e9curit\u00e9 des donn\u00e9es sensibles de vos clients.<\/li>\n<li><strong>Formulaires de r\u00e9servation personnalisables:<\/strong> Cr\u00e9ez des formulaires de r\u00e9servation de rendez-vous sur mesure qui correspondent \u00e0 vos offres de services uniques. Personnalisez les champs et les options pour impliquer efficacement vos clients.<\/li>\n<li><strong>Support multi-devises:<\/strong> \u00c9largissez votre port\u00e9e mondiale en acceptant les paiements dans plusieurs devises, offrant ainsi une commodit\u00e9 aux clients internationaux.<\/li>\n<li><strong>Confirmation automatique de r\u00e9servation:<\/strong> Simplifiez la gestion des rendez-vous avec des confirmations de r\u00e9servation automatiques et des rappels, garantissant que vos clients restent organis\u00e9s et \u00e0 jour.<\/li>\n<\/ol>\n<p><strong>Commencez d\u00e8s aujourd&rsquo;hui:<\/strong> Ne manquez pas de r\u00e9servations potentielles et de revenus pour votre entreprise bas\u00e9e sur les services. Faites passer votre gestion des rendez-vous au niveau sup\u00e9rieur avec la passerelle de paiement CCAvenue pour Bookly Pro. Rationalisez le processus de paiement, renforcez la confiance des clients et dynamisez votre entreprise de services. Lancez-vous d\u00e8s maintenant et d\u00e9couvrez les avantages des transactions en ligne sans tracas.<\/p>\n<p>Pr\u00eat \u00e0 transformer votre syst\u00e8me de r\u00e9servation? T\u00e9l\u00e9chargez la <a href=\"https:\/\/wpayo.com\/fr\/meilleures-passerelles-de-paiement-startups\/\">passerelle de paiement CCAvenue pour Bookly Pro et commencez \u00e0 accepter les<\/a> paiements en toute confiance.<\/p>\n<div class=\"cl-preview-section\">\n<h4 id=\"requirements\">Exigences<\/h4>\n<\/div>\n<div class=\"cl-preview-section\">\n<ul>\n<li>Compte <a href=\"https:\/\/www.ccavenue.com\/\" target=\"_blank\" rel=\"noopener noreferrer\">CCAvenue<\/a> actif &#8211; Vous devez \u00eatre un commer\u00e7ant indien pour pouvoir vous inscrire.<\/li>\n<li>Plugin Bookly Pro<\/li>\n<li>Les formulaires doivent fonctionner en mode non-AJAX.<\/li>\n<li>Un certificat SSL valide n&rsquo;est pas n\u00e9cessaire car les d\u00e9tails de la carte de cr\u00e9dit de votre client sont entr\u00e9s en toute s\u00e9curit\u00e9 sur des pages h\u00e9berg\u00e9es par CCAvenue, cependant, il est recommand\u00e9 d&rsquo;en avoir un. Ce plugin ne stocke pas les num\u00e9ros de carte de cr\u00e9dit du client ni les informations sensibles sur votre site web.<\/li>\n<\/ul>\n<\/div>\n<div class=\"cl-preview-section\">\n<h4 id=\"disclaimer\">Avertissement<\/h4>\n<\/div>\n<div class=\"cl-preview-section\">\n<p>Toutes les transactions sont trait\u00e9es de mani\u00e8re s\u00e9curis\u00e9e sur la plateforme CCAvenue, garantissant les plus hauts niveaux de s\u00e9curit\u00e9 et de conformit\u00e9.<\/p>\n<\/div>\n","protected":false},"excerpt":{"rendered":"<p>Integrate CCAvenue Gateway for Bookly Pro<\/p>\n","protected":false},"featured_media":2039,"comment_status":"open","ping_status":"closed","template":"","meta":{"_acf_changed":false},"product_cat":[127,72],"product_tag":[175],"class_list":{"0":"post-2038","1":"product","2":"type-product","3":"status-publish","4":"has-post-thumbnail","6":"product_cat-bookly-pro","7":"product_cat-bookly","8":"product_tag-ccavenue","10":"first","11":"instock","12":"shipping-taxable","13":"purchasable","14":"product-type-simple"},"acf":[],"_links":{"self":[{"href":"https:\/\/wpayo.com\/fr\/wp-json\/wp\/v2\/product\/2038","targetHints":{"allow":["GET"]}}],"collection":[{"href":"https:\/\/wpayo.com\/fr\/wp-json\/wp\/v2\/product"}],"about":[{"href":"https:\/\/wpayo.com\/fr\/wp-json\/wp\/v2\/types\/product"}],"replies":[{"embeddable":true,"href":"https:\/\/wpayo.com\/fr\/wp-json\/wp\/v2\/comments?post=2038"}],"wp:featuredmedia":[{"embeddable":true,"href":"https:\/\/wpayo.com\/fr\/wp-json\/wp\/v2\/media\/2039"}],"wp:attachment":[{"href":"https:\/\/wpayo.com\/fr\/wp-json\/wp\/v2\/media?parent=2038"}],"wp:term":[{"taxonomy":"product_cat","embeddable":true,"href":"https:\/\/wpayo.com\/fr\/wp-json\/wp\/v2\/product_cat?post=2038"},{"taxonomy":"product_tag","embeddable":true,"href":"https:\/\/wpayo.com\/fr\/wp-json\/wp\/v2\/product_tag?post=2038"}],"curies":[{"name":"wp","href":"https:\/\/api.w.org\/{rel}","templated":true}]}}