{"id":2040,"date":"2024-01-17T11:31:20","date_gmt":"2024-01-17T11:31:20","guid":{"rendered":"https:\/\/wpayo.com\/fr\/?post_type=product&#038;p=2040"},"modified":"2024-01-17T11:31:21","modified_gmt":"2024-01-17T11:31:21","slug":"ccavenue-payment-gateway-awpcp","status":"publish","type":"product","link":"https:\/\/wpayo.com\/fr\/paiement-gateway\/ccavenue-payment-gateway-awpcp\/","title":{"rendered":"CCAvenue Payment Gateway pour AWPCP"},"content":{"rendered":"<p>Dans le monde en constante \u00e9volution des transactions en ligne, disposer d&rsquo;une passerelle de paiement fiable et s\u00e9curis\u00e9e est crucial. CCAvenue, un nom de confiance dans l&rsquo;industrie, fait sensation avec sa s\u00e9curit\u00e9 robuste et son traitement de paiement fluide. Maintenant, vous pouvez exploiter la puissance de CCAvenue avec le plugin AWPCP (Another WordPress Classifieds Plugin) pour rationaliser les paiements et am\u00e9liorer l&rsquo;exp\u00e9rience utilisateur sur votre plateforme d&rsquo;annonces class\u00e9es.<\/p>\n<p><strong>Qu&rsquo;est-ce que CCAvenue ?<\/strong><\/p>\n<p>CCAvenue est une passerelle de paiement en ligne de premier plan r\u00e9put\u00e9e pour sa fiabilit\u00e9 et son engagement envers un traitement de paiement s\u00e9curis\u00e9 et efficace. Il offre une plateforme fluide et s\u00e9curis\u00e9e aux entreprises et aux sites Web pour accepter les paiements, en faisant le choix privil\u00e9gi\u00e9 de nombreuses entreprises en ligne.<\/p>\n<p><strong>Pourquoi choisir CCAvenue pour AWPCP ?<\/strong><\/p>\n<ol>\n<li><strong>Int\u00e9gration sans effort :<\/strong> Int\u00e9grez en toute transparence CCAvenue dans votre cadre AWPCP sans avoir besoin de coder de mani\u00e8re complexe. Commencez \u00e0 accepter les paiements pour les annonces class\u00e9es en quelques minutes, m\u00eame si vous n&rsquo;\u00eates pas un expert technique.<\/li>\n<li><strong>S\u00e9curit\u00e9 robuste :<\/strong> Avec CCAvenue, la s\u00e9curit\u00e9 est une priorit\u00e9 absolue. Toutes les transactions de paiement sont prot\u00e9g\u00e9es par des fonctionnalit\u00e9s de s\u00e9curit\u00e9 avanc\u00e9es, assurant la s\u00e9curit\u00e9 des informations sensibles de paiement.<\/li>\n<li><strong>Forfaits publicitaires personnalisables :<\/strong> Adaptez vos forfaits publicitaires et options de tarification \u00e0 votre site Web d&rsquo;annonces class\u00e9es unique. Personnalisez les forfaits pour correspondre \u00e0 votre niche sp\u00e9cifique et \u00e0 votre strat\u00e9gie de tarification.<\/li>\n<li><strong>Support multi-devises :<\/strong> \u00c9largissez votre port\u00e9e mondiale en acceptant les paiements dans plusieurs devises, offrant ainsi une commodit\u00e9 aux utilisateurs et annonceurs internationaux.<\/li>\n<li><strong>Rapports d\u00e9taill\u00e9s :<\/strong> Suivez vos transactions financi\u00e8res avec des fonctionnalit\u00e9s de rapport compl\u00e8tes qui vous aident \u00e0 rester organis\u00e9 et \u00e0 prendre des d\u00e9cisions \u00e9clair\u00e9es.<\/li>\n<\/ol>\n<p><strong>Commencez d\u00e8s aujourd&rsquo;hui :<\/strong> Ne manquez pas de revenus potentiels et de croissance pour votre plateforme d&rsquo;annonces class\u00e9es. Portez la gestion de vos annonces class\u00e9es au niveau sup\u00e9rieur avec la passerelle de paiement CCAvenue pour AWPCP. Rationalisez le processus de paiement, renforcez la confiance de l&rsquo;utilisateur et stimulez votre entreprise d&rsquo;annonces class\u00e9es. Lancez-vous d\u00e8s maintenant et d\u00e9couvrez les avantages des transactions en ligne sans tracas.<\/p>\n<div class=\"cl-preview-section\">\n<h4 id=\"requirements\">Exigences<\/h4>\n<\/div>\n<div class=\"cl-preview-section\">\n<ul>\n<li>Compte <a href=\"https:\/\/www.ccavenue.com\/\" target=\"_blank\" rel=\"noopener noreferrer\">CCAvenue<\/a> actif &#8211; Vous devez \u00eatre un commer\u00e7ant indien pour pouvoir vous inscrire.<\/li>\n<li>Plugin AWPCP<\/li>\n<li>Les formulaires doivent fonctionner en mode non-AJAX.<\/li>\n<li>Un certificat SSL valide n&rsquo;est pas n\u00e9cessaire car les d\u00e9tails de la carte de cr\u00e9dit de votre client sont entr\u00e9s en toute s\u00e9curit\u00e9 sur des pages h\u00e9berg\u00e9es par CCAvenue, cependant, il est recommand\u00e9 d&rsquo;en avoir un. Ce plugin ne stocke pas les num\u00e9ros de carte de cr\u00e9dit du client ni les informations sensibles sur votre site Web.<\/li>\n<\/ul>\n<\/div>\n<div class=\"cl-preview-section\">\n<h4 id=\"disclaimer\">Avertissement<\/h4>\n<\/div>\n<div class=\"cl-preview-section\">\n<p>Toutes les transactions sont trait\u00e9es de mani\u00e8re s\u00e9curis\u00e9e sur la plateforme CCAvenue, garantissant les plus hauts niveaux de s\u00e9curit\u00e9 et de conformit\u00e9.<\/p>\n<\/div>\n","protected":false},"excerpt":{"rendered":"<p>Integrate CCAvenue Gateway for AWPCP<\/p>\n","protected":false},"featured_media":2041,"comment_status":"open","ping_status":"closed","template":"","meta":{"_acf_changed":false},"product_cat":[237],"product_tag":[175],"class_list":{"0":"post-2040","1":"product","2":"type-product","3":"status-publish","4":"has-post-thumbnail","6":"product_cat-awpcp","7":"product_tag-ccavenue","9":"first","10":"instock","11":"shipping-taxable","12":"purchasable","13":"product-type-simple"},"acf":[],"_links":{"self":[{"href":"https:\/\/wpayo.com\/fr\/wp-json\/wp\/v2\/product\/2040","targetHints":{"allow":["GET"]}}],"collection":[{"href":"https:\/\/wpayo.com\/fr\/wp-json\/wp\/v2\/product"}],"about":[{"href":"https:\/\/wpayo.com\/fr\/wp-json\/wp\/v2\/types\/product"}],"replies":[{"embeddable":true,"href":"https:\/\/wpayo.com\/fr\/wp-json\/wp\/v2\/comments?post=2040"}],"wp:featuredmedia":[{"embeddable":true,"href":"https:\/\/wpayo.com\/fr\/wp-json\/wp\/v2\/media\/2041"}],"wp:attachment":[{"href":"https:\/\/wpayo.com\/fr\/wp-json\/wp\/v2\/media?parent=2040"}],"wp:term":[{"taxonomy":"product_cat","embeddable":true,"href":"https:\/\/wpayo.com\/fr\/wp-json\/wp\/v2\/product_cat?post=2040"},{"taxonomy":"product_tag","embeddable":true,"href":"https:\/\/wpayo.com\/fr\/wp-json\/wp\/v2\/product_tag?post=2040"}],"curies":[{"name":"wp","href":"https:\/\/api.w.org\/{rel}","templated":true}]}}