{"id":2042,"date":"2024-01-17T11:31:19","date_gmt":"2024-01-17T11:31:19","guid":{"rendered":"https:\/\/wpayo.com\/fr\/?post_type=product&#038;p=2042"},"modified":"2024-01-17T11:31:20","modified_gmt":"2024-01-17T11:31:20","slug":"ccavenue-payment-gateway-givewp","status":"publish","type":"product","link":"https:\/\/wpayo.com\/fr\/paiement-gateway\/ccavenue-payment-gateway-givewp\/","title":{"rendered":"CCAvenue Payment Gateway pour GiveWP"},"content":{"rendered":"<p>Dans le domaine de la collecte de fonds en ligne, une passerelle de paiement fluide et s\u00e9curis\u00e9e peut faire toute la diff\u00e9rence. CCAvenue, un nom de confiance dans l&rsquo;industrie, est renomm\u00e9 pour sa s\u00e9curit\u00e9 robuste et son traitement fiable des paiements. D\u00e9sormais, vous pouvez exploiter la puissance de CCAvenue avec GiveWP pour rationaliser les dons et \u00e9lever vos efforts de collecte de fonds.<\/p>\n<h3><strong>Qu&rsquo;est-ce que CCAvenue ?<\/strong><\/h3>\n<p>CCAvenue est une passerelle de paiement en ligne r\u00e9put\u00e9e, c\u00e9l\u00e9br\u00e9e pour son engagement ind\u00e9fectible envers un traitement des paiements s\u00e9curis\u00e9 et efficace. Elle offre une plateforme s\u00e9curis\u00e9e et conviviale aux sites web et organisations pour recevoir des paiements en ligne, en en faisant un choix privil\u00e9gi\u00e9 pour de nombreuses entreprises en ligne.<\/p>\n<h3><strong>Pourquoi choisir CCAvenue pour GiveWP ?<\/strong><\/h3>\n<ol>\n<li><strong>Int\u00e9gration fluide :<\/strong> Int\u00e9grez facilement CCAvenue dans votre plateforme GiveWP, sans avoir besoin de coder de mani\u00e8re complexe. Commencez \u00e0 accepter des dons en quelques minutes, que vous soyez un utilisateur expert en technologie ou nouveau dans la collecte de fonds en ligne.<\/li>\n<li><strong>S\u00e9curit\u00e9 robuste :<\/strong> Avec CCAvenue, la s\u00e9curit\u00e9 est primordiale. Tous les dons sont prot\u00e9g\u00e9s par des fonctionnalit\u00e9s de s\u00e9curit\u00e9 avanc\u00e9es, garantissant la confidentialit\u00e9 des informations sensibles des donateurs.<\/li>\n<li><strong>Formulaires de don personnalisables :<\/strong> Adaptez vos formulaires de don pour les aligner sur vos besoins sp\u00e9cifiques en mati\u00e8re de collecte de fonds. Personnalisez les champs, les options et la pr\u00e9sentation pour cr\u00e9er une exp\u00e9rience de don engageante et conviviale.<\/li>\n<li><strong>Prise en charge multi-devises :<\/strong> \u00c9largissez votre base de donateurs en acceptant des dons dans plusieurs devises, offrant ainsi une commodit\u00e9 pour les supporters internationaux.<\/li>\n<li><strong>Rapports complets :<\/strong> Suivez vos efforts de collecte de fonds gr\u00e2ce \u00e0 des fonctionnalit\u00e9s de reporting d\u00e9taill\u00e9es qui vous aident \u00e0 rester organis\u00e9 et \u00e0 prendre des d\u00e9cisions \u00e9clair\u00e9es.<\/li>\n<\/ol>\n<p><strong>Commencez d\u00e8s aujourd&rsquo;hui :<\/strong> Ne manquez pas les dons potentiels ni l&rsquo;opportunit\u00e9 de faire avancer votre cause. Propulsez votre collecte de fonds au niveau sup\u00e9rieur avec la passerelle de paiement CCAvenue pour GiveWP. Rationalisez le processus de don, inspirez la confiance des donateurs et amplifiez l&rsquo;impact de votre collecte de fonds. Lancez-vous d\u00e8s maintenant et d\u00e9couvrez les avantages des dons en ligne sans effort.<\/p>\n<div class=\"cl-preview-section\">\n<h4 id=\"requirements\">Exigences<\/h4>\n<\/div>\n<div class=\"cl-preview-section\">\n<ul>\n<li>Compte <a href=\"https:\/\/www.ccavenue.com\/\" target=\"_blank\" rel=\"noopener noreferrer\">CCAvenue<\/a> actif \u2013 Vous devez \u00eatre un commer\u00e7ant indien pour pouvoir vous inscrire.<\/li>\n<li>Plugin GiveWP<\/li>\n<li>Les formulaires doivent fonctionner en mode non- AJAX.<\/li>\n<li>Un certificat SSL valide n&rsquo;est pas requis car les d\u00e9tails de la carte de cr\u00e9dit de votre client sont saisis en toute s\u00e9curit\u00e9 sur des pages h\u00e9berg\u00e9es par CCAvenue. Cependant, il est recommand\u00e9 d&rsquo;en avoir un. Ce plugin ne stocke pas les num\u00e9ros de carte de cr\u00e9dit du client ni les informations sensibles sur votre site web.<\/li>\n<\/ul>\n<\/div>\n<div class=\"cl-preview-section\">\n<h4 id=\"disclaimer\">Avis de non-responsabilit\u00e9<\/h4>\n<\/div>\n<div class=\"cl-preview-section\">\n<p>Toutes les transactions sont trait\u00e9es de mani\u00e8re s\u00e9curis\u00e9e sur la plateforme CCAvenue, garantissant les niveaux les plus \u00e9lev\u00e9s de s\u00e9curit\u00e9 et de conformit\u00e9.\n<\/p><\/div>\n","protected":false},"excerpt":{"rendered":"<p>Integrate CCAvenue Gateway for GiveWP<\/p>\n","protected":false},"featured_media":2043,"comment_status":"open","ping_status":"closed","template":"","meta":{"_acf_changed":false},"product_cat":[87],"product_tag":[175],"class_list":{"0":"post-2042","1":"product","2":"type-product","3":"status-publish","4":"has-post-thumbnail","6":"product_cat-wpgive","7":"product_tag-ccavenue","9":"first","10":"instock","11":"shipping-taxable","12":"purchasable","13":"product-type-simple"},"acf":[],"_links":{"self":[{"href":"https:\/\/wpayo.com\/fr\/wp-json\/wp\/v2\/product\/2042","targetHints":{"allow":["GET"]}}],"collection":[{"href":"https:\/\/wpayo.com\/fr\/wp-json\/wp\/v2\/product"}],"about":[{"href":"https:\/\/wpayo.com\/fr\/wp-json\/wp\/v2\/types\/product"}],"replies":[{"embeddable":true,"href":"https:\/\/wpayo.com\/fr\/wp-json\/wp\/v2\/comments?post=2042"}],"wp:featuredmedia":[{"embeddable":true,"href":"https:\/\/wpayo.com\/fr\/wp-json\/wp\/v2\/media\/2043"}],"wp:attachment":[{"href":"https:\/\/wpayo.com\/fr\/wp-json\/wp\/v2\/media?parent=2042"}],"wp:term":[{"taxonomy":"product_cat","embeddable":true,"href":"https:\/\/wpayo.com\/fr\/wp-json\/wp\/v2\/product_cat?post=2042"},{"taxonomy":"product_tag","embeddable":true,"href":"https:\/\/wpayo.com\/fr\/wp-json\/wp\/v2\/product_tag?post=2042"}],"curies":[{"name":"wp","href":"https:\/\/api.w.org\/{rel}","templated":true}]}}