{"id":2044,"date":"2024-01-17T11:31:18","date_gmt":"2024-01-17T11:31:18","guid":{"rendered":"https:\/\/wpayo.com\/fr\/?post_type=product&#038;p=2044"},"modified":"2024-01-17T11:31:19","modified_gmt":"2024-01-17T11:31:19","slug":"ccavenue-payment-gateway-events-manager-pro","status":"publish","type":"product","link":"https:\/\/wpayo.com\/fr\/paiement-gateway\/ccavenue-payment-gateway-events-manager-pro\/","title":{"rendered":"CCAvenue Payment Gateway pour Events Manager Pro"},"content":{"rendered":"<p>Dans le monde dynamique de la gestion d&rsquo;\u00e9v\u00e9nements, il est essentiel de garantir un traitement des paiements fluide et s\u00e9curis\u00e9. Entrez CCAvenue, un nom de confiance et fiable, renomm\u00e9 pour sa s\u00e9curit\u00e9 robuste et ses solutions de paiement en ligne transparentes. Avec l&rsquo;int\u00e9gration de CCAvenue dans Events Manager Pro, vous pouvez am\u00e9liorer l&rsquo;exp\u00e9rience de paiement de vos \u00e9v\u00e9nements, la rendant pratique et s\u00e9curis\u00e9e tant pour les organisateurs que pour les participants.<\/p>\n<h3><strong>Qu&rsquo;est-ce que CCAvenue ?<\/strong><\/h3>\n<p>CCAvenue est une passerelle de paiement en ligne r\u00e9put\u00e9e, c\u00e9l\u00e9br\u00e9e pour son engagement ind\u00e9fectible envers un traitement des paiements s\u00e9curis\u00e9 et efficace. Elle offre une plateforme conviviale aux entreprises et sites web pour accepter les paiements en ligne, en en faisant un choix de premier ordre pour de nombreuses entreprises en ligne.<\/p>\n<h3><strong>Pourquoi choisir CCAvenue pour Events Manager Pro ?<\/strong><\/h3>\n<ol>\n<li><strong>Int\u00e9gration fluide :<\/strong> Int\u00e9grez facilement CCAvenue dans votre cadre Events Manager Pro. Quel que soit votre niveau de comp\u00e9tence technique, vous pouvez commencer \u00e0 accepter les paiements pour les \u00e9v\u00e9nements en quelques minutes.<\/li>\n<li><strong>S\u00e9curit\u00e9 robuste :<\/strong> Avec CCAvenue, la s\u00e9curit\u00e9 est primordiale. Toutes les transactions sont prot\u00e9g\u00e9es par des fonctionnalit\u00e9s de s\u00e9curit\u00e9 avanc\u00e9es, garantissant la confidentialit\u00e9 des informations sensibles de paiement.<\/li>\n<li><strong>Formulaires de r\u00e9servation d&rsquo;\u00e9v\u00e9nements personnalisables :<\/strong> Adaptez vos formulaires de r\u00e9servation d&rsquo;\u00e9v\u00e9nements \u00e0 vos besoins sp\u00e9cifiques. Personnalisez les champs et les options pour cr\u00e9er une exp\u00e9rience de r\u00e9servation engageante et conviviale pour les participants.<\/li>\n<li><strong>Prise en charge multi-devises :<\/strong> Attirez des participants du monde entier en acceptant les paiements dans plusieurs devises, offrant ainsi une commodit\u00e9 pour les participants internationaux.<\/li>\n<li><strong>Rapports d\u00e9taill\u00e9s sur les \u00e9v\u00e9nements :<\/strong> Restez organis\u00e9 et prenez des d\u00e9cisions \u00e9clair\u00e9es gr\u00e2ce \u00e0 des fonctionnalit\u00e9s de reporting d\u00e9taill\u00e9es qui vous aident \u00e0 suivre les transactions financi\u00e8res de votre \u00e9v\u00e9nement.<\/li>\n<\/ol>\n<p><strong>Commencez d\u00e8s aujourd&rsquo;hui :<\/strong> Ne manquez pas les r\u00e9servations et les revenus potentiels de vos \u00e9v\u00e9nements. Propulsez votre gestion d&rsquo;\u00e9v\u00e9nements au niveau sup\u00e9rieur avec la passerelle de paiement CCAvenue pour Events Manager Pro. Rationalisez le processus de paiement, inspirez confiance aux participants de votre \u00e9v\u00e9nement et augmentez le succ\u00e8s de vos \u00e9v\u00e9nements. Lancez-vous d\u00e8s maintenant et d\u00e9couvrez les avantages des paiements en ligne sans tracas.<\/p>\n<p>Pr\u00eat \u00e0 am\u00e9liorer votre gestion d&rsquo;\u00e9v\u00e9nements ? T\u00e9l\u00e9chargez la <a href=\"https:\/\/wpayo.com\/fr\/meilleures-passerelles-de-paiement-startups\/\">passerelle de paiement CCAvenue pour Events Manager Pro et commencez \u00e0 accepter les<\/a> paiements d&rsquo;\u00e9v\u00e9nements en toute confiance.<\/p>\n<div class=\"cl-preview-section\">\n<h4 id=\"requirements\">Exigences<\/h4>\n<\/div>\n<div class=\"cl-preview-section\">\n<ul>\n<li>Compte <a href=\"https:\/\/www.ccavenue.com\/\" target=\"_blank\" rel=\"noopener noreferrer\">CCAvenue<\/a> actif \u2013 Vous devez \u00eatre un commer\u00e7ant indien pour pouvoir vous inscrire.<\/li>\n<li>Plugin Events Manager Pro<\/li>\n<li>Les formulaires doivent fonctionner en mode non-AJAX.<\/li>\n<li>Un certificat SSL valide n&rsquo;est pas requis car les d\u00e9tails de la carte de cr\u00e9dit de votre client sont saisis en toute s\u00e9curit\u00e9 sur des pages h\u00e9berg\u00e9es par CCAvenue. Cependant, il est recommand\u00e9 d&rsquo;en avoir un. Ce plugin ne stocke pas les num\u00e9ros de carte de cr\u00e9dit du client ni les informations sensibles sur votre site web.<\/li>\n<\/ul>\n<\/div>\n<div class=\"cl-preview-section\">\n<h4 id=\"disclaimer\">Avis de non-responsabilit\u00e9<\/h4>\n<\/div>\n<div class=\"cl-preview-section\">\n<p>Toutes les transactions sont trait\u00e9es de mani\u00e8re s\u00e9curis\u00e9e sur la plateforme CCAvenue, garantissant les niveaux les plus \u00e9lev\u00e9s de s\u00e9curit\u00e9 et de conformit\u00e9.\n<\/p><\/div>\n","protected":false},"excerpt":{"rendered":"<p>Integrate CCAvenue Gateway for Events Manager Pro<\/p>\n","protected":false},"featured_media":2045,"comment_status":"open","ping_status":"closed","template":"","meta":{"_acf_changed":false},"product_cat":[116],"product_tag":[175],"class_list":{"0":"post-2044","1":"product","2":"type-product","3":"status-publish","4":"has-post-thumbnail","6":"product_cat-events-manager-pro","7":"product_tag-ccavenue","9":"first","10":"instock","11":"shipping-taxable","12":"purchasable","13":"product-type-simple"},"acf":[],"_links":{"self":[{"href":"https:\/\/wpayo.com\/fr\/wp-json\/wp\/v2\/product\/2044","targetHints":{"allow":["GET"]}}],"collection":[{"href":"https:\/\/wpayo.com\/fr\/wp-json\/wp\/v2\/product"}],"about":[{"href":"https:\/\/wpayo.com\/fr\/wp-json\/wp\/v2\/types\/product"}],"replies":[{"embeddable":true,"href":"https:\/\/wpayo.com\/fr\/wp-json\/wp\/v2\/comments?post=2044"}],"wp:featuredmedia":[{"embeddable":true,"href":"https:\/\/wpayo.com\/fr\/wp-json\/wp\/v2\/media\/2045"}],"wp:attachment":[{"href":"https:\/\/wpayo.com\/fr\/wp-json\/wp\/v2\/media?parent=2044"}],"wp:term":[{"taxonomy":"product_cat","embeddable":true,"href":"https:\/\/wpayo.com\/fr\/wp-json\/wp\/v2\/product_cat?post=2044"},{"taxonomy":"product_tag","embeddable":true,"href":"https:\/\/wpayo.com\/fr\/wp-json\/wp\/v2\/product_tag?post=2044"}],"curies":[{"name":"wp","href":"https:\/\/api.w.org\/{rel}","templated":true}]}}