{"id":2048,"date":"2024-01-17T11:31:16","date_gmt":"2024-01-17T11:31:16","guid":{"rendered":"https:\/\/wpayo.com\/fr\/?post_type=product&#038;p=2048"},"modified":"2024-01-17T11:31:17","modified_gmt":"2024-01-17T11:31:17","slug":"ccavenue-payment-gateway-ninjaforms","status":"publish","type":"product","link":"https:\/\/wpayo.com\/fr\/paiement-gateway\/ccavenue-payment-gateway-ninjaforms\/","title":{"rendered":"CCAvenue Payment Gateway pour NinjaForms"},"content":{"rendered":"<div class=\"flex flex-grow flex-col max-w-full gap-3 gizmo:gap-0\">\n<div class=\"min-h-[20px] text-message flex flex-col items-start gap-3 whitespace-pre-wrap break-words [.text-message+&amp;]:mt-5 overflow-x-auto\" data-message-author-role=\"assistant\" data-message-id=\"39d4e2fc-150e-4e9a-b110-c901930c8c9d\">\n<div class=\"markdown prose w-full break-words dark:prose-invert dark\">\n<p><strong>Dans le monde des formulaires en ligne et du traitement des paiements, une passerelle de paiement fiable et s\u00e9curis\u00e9e est essentielle. CCAvenue, un nom de confiance dans l&rsquo;industrie, est c\u00e9l\u00e8bre pour sa s\u00e9curit\u00e9 robuste et son traitement transparent des paiements. Avec l&rsquo;int\u00e9gration de CCAvenue dans NinjaForms, vous pouvez rationaliser la collecte de paiements, la rendant facile et s\u00e9curis\u00e9e pour vous et vos utilisateurs.<\/strong><\/p>\n<p><strong>Qu&rsquo;est-ce que CCAvenue ?<\/strong><\/p>\n<p>CCAvenue est une passerelle de paiement en ligne bien \u00e9tablie, connue pour sa fiabilit\u00e9 et son engagement ind\u00e9fectible envers le traitement s\u00e9curis\u00e9 des paiements. Elle offre une plateforme s\u00e9curis\u00e9e et conviviale aux entreprises et sites web pour recevoir des paiements en ligne, en en faisant un choix privil\u00e9gi\u00e9 pour de nombreuses entreprises en ligne.<\/p>\n<p><strong>Pourquoi choisir CCAvenue pour NinjaForms ?<\/strong><\/p>\n<ul>\n<li><strong>Int\u00e9gration sans effort :<\/strong> Int\u00e9grez sans effort CCAvenue dans votre configuration NinjaForms sans codage complexe. Commencez \u00e0 accepter les paiements, les dons et les commandes en quelques minutes, que vous soyez un expert en technologie ou novice dans la collecte de paiements en ligne.<\/li>\n<li><strong>S\u00e9curit\u00e9 robuste :<\/strong> Avec CCAvenue, la s\u00e9curit\u00e9 est une priorit\u00e9 absolue. Toutes les transactions sont prot\u00e9g\u00e9es par des fonctionnalit\u00e9s de s\u00e9curit\u00e9 avanc\u00e9es, garantissant la confidentialit\u00e9 des donn\u00e9es sensibles de vos utilisateurs.<\/li>\n<li><strong>Formulaires personnalisables :<\/strong> Cr\u00e9ez des formulaires de paiement sur mesure qui correspondent \u00e0 vos besoins sp\u00e9cifiques. Personnalisez les champs, les options et la marque pour offrir une exp\u00e9rience de paiement engageante et conviviale.<\/li>\n<li><strong>Prise en charge multi-devises :<\/strong> \u00c9largissez votre port\u00e9e \u00e0 l&rsquo;\u00e9chelle mondiale en acceptant les paiements dans plusieurs devises, offrant ainsi une commodit\u00e9 aux utilisateurs internationaux.<\/li>\n<li><strong>Rapports d\u00e9taill\u00e9s :<\/strong> Suivez vos transactions financi\u00e8res gr\u00e2ce \u00e0 des fonctionnalit\u00e9s de reporting approfondies qui vous aident \u00e0 rester organis\u00e9 et \u00e0 prendre des d\u00e9cisions \u00e9clair\u00e9es.<\/li>\n<\/ul>\n<p><strong>Commencez d\u00e8s aujourd&rsquo;hui :<\/strong> Ne manquez pas les ventes, les dons ou les commandes potentiels. Simplifiez la collecte de paiements, inspirez confiance aux utilisateurs et stimulez votre activit\u00e9 en ligne avec la passerelle de paiement CCAvenue pour NinjaForms.<\/p>\n<p><strong>Pr\u00eat \u00e0 commencer ?<\/strong> Assurez-vous d&rsquo;avoir un compte <a href=\"https:\/\/www.ccavenue.com\/\" target=\"_new\" rel=\"noopener\">CCAvenue actif<\/a>, puis t\u00e9l\u00e9chargez le plugin NinjaForms. Assurez-vous que vos formulaires fonctionnent en mode non-AJAX. Bien qu&rsquo;un certificat SSL valide ne soit pas obligatoire, il est recommand\u00e9 d&rsquo;en avoir un pour garantir la s\u00e9curit\u00e9 des d\u00e9tails de carte de cr\u00e9dit. Ce plugin ne stocke pas les num\u00e9ros de carte de cr\u00e9dit ou les informations sensibles sur votre site web.<\/p>\n<p><strong>Avis de non-responsabilit\u00e9 :<\/strong> Toutes les transactions sont trait\u00e9es de mani\u00e8re s\u00e9curis\u00e9e sur la plateforme CCAvenue, garantissant les plus hauts niveaux de s\u00e9curit\u00e9 et de conformit\u00e9.<\/p>\n<\/div>\n<\/div>\n<\/div>\n","protected":false},"excerpt":{"rendered":"<p>Integrate CCAvenue Gateway for NinjaForms<\/p>\n","protected":false},"featured_media":2049,"comment_status":"open","ping_status":"closed","template":"","meta":{"_acf_changed":false},"product_cat":[52],"product_tag":[175],"class_list":{"0":"post-2048","1":"product","2":"type-product","3":"status-publish","4":"has-post-thumbnail","6":"product_cat-ninja-forms","7":"product_tag-ccavenue","9":"first","10":"instock","11":"shipping-taxable","12":"purchasable","13":"product-type-simple"},"acf":[],"_links":{"self":[{"href":"https:\/\/wpayo.com\/fr\/wp-json\/wp\/v2\/product\/2048","targetHints":{"allow":["GET"]}}],"collection":[{"href":"https:\/\/wpayo.com\/fr\/wp-json\/wp\/v2\/product"}],"about":[{"href":"https:\/\/wpayo.com\/fr\/wp-json\/wp\/v2\/types\/product"}],"replies":[{"embeddable":true,"href":"https:\/\/wpayo.com\/fr\/wp-json\/wp\/v2\/comments?post=2048"}],"wp:featuredmedia":[{"embeddable":true,"href":"https:\/\/wpayo.com\/fr\/wp-json\/wp\/v2\/media\/2049"}],"wp:attachment":[{"href":"https:\/\/wpayo.com\/fr\/wp-json\/wp\/v2\/media?parent=2048"}],"wp:term":[{"taxonomy":"product_cat","embeddable":true,"href":"https:\/\/wpayo.com\/fr\/wp-json\/wp\/v2\/product_cat?post=2048"},{"taxonomy":"product_tag","embeddable":true,"href":"https:\/\/wpayo.com\/fr\/wp-json\/wp\/v2\/product_tag?post=2048"}],"curies":[{"name":"wp","href":"https:\/\/api.w.org\/{rel}","templated":true}]}}