{"id":2050,"date":"2024-01-17T11:31:15","date_gmt":"2024-01-17T11:31:15","guid":{"rendered":"https:\/\/wpayo.com\/fr\/?post_type=product&#038;p=2050"},"modified":"2024-01-17T11:31:16","modified_gmt":"2024-01-17T11:31:16","slug":"ccavenue-payment-gateway-woocommerce","status":"publish","type":"product","link":"https:\/\/wpayo.com\/fr\/paiement-gateway\/ccavenue-payment-gateway-woocommerce\/","title":{"rendered":"CCAvenue Payment Gateway pour WooCommerce"},"content":{"rendered":"<div class=\"flex flex-grow flex-col max-w-full gap-3 gizmo:gap-0\">\n<div class=\"min-h-[20px] text-message flex flex-col items-start gap-3 whitespace-pre-wrap break-words [.text-message+&amp;]:mt-5 overflow-x-auto\" data-message-author-role=\"assistant\" data-message-id=\"3b491308-57d3-4926-9102-d2d9735f880a\">\n<div class=\"markdown prose w-full break-words dark:prose-invert dark\">\n<p><strong>Dans le monde effr\u00e9n\u00e9 du commerce en ligne, une passerelle de paiement fiable et s\u00e9curis\u00e9e est primordiale. CCAvenue, un nom de confiance dans l&rsquo;industrie, est c\u00e9l\u00e8bre pour sa s\u00e9curit\u00e9 robuste et son traitement transparent des paiements. Avec l&rsquo;int\u00e9gration de CCAvenue dans WooCommerce, vous pouvez am\u00e9liorer l&rsquo;exp\u00e9rience de paiement de votre boutique en ligne, la rendant pratique et s\u00e9curis\u00e9e tant pour vous que pour vos clients.<\/strong><\/p>\n<p><strong>Qu&rsquo;est-ce que CCAvenue ?<\/strong><\/p>\n<p>CCAvenue est une passerelle de paiement en ligne bien \u00e9tablie, connue pour sa fiabilit\u00e9 et son engagement ind\u00e9fectible envers le traitement s\u00e9curis\u00e9 des paiements. Elle offre une plateforme s\u00e9curis\u00e9e et conviviale aux entreprises et sites web pour recevoir des paiements en ligne, en en faisant un choix privil\u00e9gi\u00e9 pour de nombreuses entreprises en ligne.<\/p>\n<p><strong>Pourquoi choisir CCAvenue pour WooCommerce ?<\/strong><\/p>\n<ul>\n<li><strong>Int\u00e9gration sans effort :<\/strong> Int\u00e9grez sans effort CCAvenue dans votre configuration WooCommerce sans avoir besoin de coder de mani\u00e8re complexe. Commencez \u00e0 accepter les paiements pour des produits et des services en quelques minutes, que vous soyez un expert du commerce \u00e9lectronique ou nouveau dans la vente en ligne.<\/li>\n<li><strong>S\u00e9curit\u00e9 robuste :<\/strong> Avec CCAvenue, la s\u00e9curit\u00e9 est une priorit\u00e9 absolue. Toutes les transactions de paiement sont prot\u00e9g\u00e9es par des fonctionnalit\u00e9s de s\u00e9curit\u00e9 avanc\u00e9es, garantissant la confidentialit\u00e9 des donn\u00e9es sensibles de vos clients.<\/li>\n<li><strong>Boutique en ligne personnalisable :<\/strong> Cr\u00e9ez une plateforme de commerce \u00e9lectronique sur mesure qui correspond \u00e0 vos besoins commerciaux sp\u00e9cifiques. Personnalisez les annonces de produits, les tarifs et les options de paiement pour offrir une exp\u00e9rience de shopping engageante et conviviale.<\/li>\n<li><strong>Prise en charge multi-devises :<\/strong> \u00c9largissez votre port\u00e9e \u00e0 l&rsquo;\u00e9chelle mondiale en acceptant les paiements dans plusieurs devises, offrant ainsi une commodit\u00e9 aux clients internationaux.<\/li>\n<li><strong>Rapports d\u00e9taill\u00e9s :<\/strong> Suivez vos transactions de commerce \u00e9lectronique gr\u00e2ce \u00e0 des fonctionnalit\u00e9s de reporting approfondies qui vous aident \u00e0 rester organis\u00e9 et \u00e0 prendre des d\u00e9cisions \u00e9clair\u00e9es.<\/li>\n<\/ul>\n<p><strong>Commencez d\u00e8s aujourd&rsquo;hui :<\/strong> Ne manquez pas les ventes potentielles et la croissance de votre boutique en ligne. Faites passer votre commerce \u00e9lectronique \u00e0 la vitesse sup\u00e9rieure avec la passerelle de <a href=\"https:\/\/wpayo.com\/fr\/klarna-paiement-woocommerce\/\">paiement CCAvenue pour WooCommerce<\/a>. Simplifiez le processus de paiement, inspirez la confiance des clients et stimulez le succ\u00e8s de votre entreprise de vente en ligne. Commencez d\u00e8s maintenant et profitez des avantages des transactions en ligne sans tracas.<\/p>\n<p><strong>Pr\u00eat \u00e0 commencer ?<\/strong> Assurez-vous d&rsquo;avoir un compte <a href=\"https:\/\/www.ccavenue.com\/\" target=\"_new\" rel=\"noopener\">CCAvenue actif<\/a>, puis t\u00e9l\u00e9chargez le plugin WooCommerce. Assurez-vous que vos formulaires fonctionnent en mode non-AJAX. Bien qu&rsquo;un certificat SSL valide ne soit pas obligatoire, il est recommand\u00e9 d&rsquo;en avoir un pour garantir la s\u00e9curit\u00e9 des d\u00e9tails de carte de cr\u00e9dit. Ce plugin ne stocke pas les num\u00e9ros de carte de cr\u00e9dit ou les informations sensibles sur votre site web.<\/p>\n<p><strong>Avis de non-responsabilit\u00e9 :<\/strong> Toutes les transactions sont trait\u00e9es de mani\u00e8re s\u00e9curis\u00e9e sur la plateforme CCAvenue, garantissant les plus hauts niveaux de s\u00e9curit\u00e9 et de conformit\u00e9.<\/p>\n<\/div>\n<\/div>\n<\/div>\n","protected":false},"excerpt":{"rendered":"<p>Integrate CCAvenue Gateway for WooCommerce<\/p>\n","protected":false},"featured_media":2051,"comment_status":"open","ping_status":"closed","template":"","meta":{"_acf_changed":false},"product_cat":[47],"product_tag":[175],"class_list":{"0":"post-2050","1":"product","2":"type-product","3":"status-publish","4":"has-post-thumbnail","6":"product_cat-woocommerce","7":"product_tag-ccavenue","9":"first","10":"instock","11":"shipping-taxable","12":"purchasable","13":"product-type-simple"},"acf":[],"_links":{"self":[{"href":"https:\/\/wpayo.com\/fr\/wp-json\/wp\/v2\/product\/2050","targetHints":{"allow":["GET"]}}],"collection":[{"href":"https:\/\/wpayo.com\/fr\/wp-json\/wp\/v2\/product"}],"about":[{"href":"https:\/\/wpayo.com\/fr\/wp-json\/wp\/v2\/types\/product"}],"replies":[{"embeddable":true,"href":"https:\/\/wpayo.com\/fr\/wp-json\/wp\/v2\/comments?post=2050"}],"wp:featuredmedia":[{"embeddable":true,"href":"https:\/\/wpayo.com\/fr\/wp-json\/wp\/v2\/media\/2051"}],"wp:attachment":[{"href":"https:\/\/wpayo.com\/fr\/wp-json\/wp\/v2\/media?parent=2050"}],"wp:term":[{"taxonomy":"product_cat","embeddable":true,"href":"https:\/\/wpayo.com\/fr\/wp-json\/wp\/v2\/product_cat?post=2050"},{"taxonomy":"product_tag","embeddable":true,"href":"https:\/\/wpayo.com\/fr\/wp-json\/wp\/v2\/product_tag?post=2050"}],"curies":[{"name":"wp","href":"https:\/\/api.w.org\/{rel}","templated":true}]}}