{"id":2053,"date":"2024-01-17T11:31:14","date_gmt":"2024-01-17T11:31:14","guid":{"rendered":"https:\/\/wpayo.com\/fr\/?post_type=product&#038;p=2053"},"modified":"2024-01-17T11:31:15","modified_gmt":"2024-01-17T11:31:15","slug":"ccavenue-payment-gateway-edd","status":"publish","type":"product","link":"https:\/\/wpayo.com\/fr\/paiement-gateway\/ccavenue-payment-gateway-edd\/","title":{"rendered":"CCAvenue Payment Gateway pour EDD"},"content":{"rendered":"<p>Dans le monde des produits num\u00e9riques et du commerce \u00e9lectronique, une passerelle de paiement fiable et s\u00e9curis\u00e9e est essentielle. CCAvenue, un nom de confiance dans l&rsquo;industrie, est c\u00e9l\u00e8bre pour sa s\u00e9curit\u00e9 robuste et son traitement de paiement sans faille. Avec l&rsquo;int\u00e9gration de CCAvenue dans Easy Digital Downloads, vous pouvez rationaliser vos ventes num\u00e9riques, le rendant facile et s\u00e9curis\u00e9 tant pour vous que pour vos clients.<\/p>\n<h3><strong>Qu&rsquo;est-ce que CCAvenue ?<\/strong><\/h3>\n<p>CCAvenue est une passerelle de paiement en ligne bien \u00e9tablie, connue pour sa fiabilit\u00e9 et son engagement ind\u00e9fectible envers le traitement s\u00e9curis\u00e9 des paiements. Elle fournit une plateforme s\u00e9curis\u00e9e et conviviale pour que les entreprises et les sites Web puissent recevoir des paiements en ligne, en en faisant un choix de premier plan pour de nombreuses entreprises en ligne.<\/p>\n<h3><strong>Pourquoi choisir CCAvenue pour Easy Digital Downloads ?<\/strong><\/h3>\n<ol>\n<li><strong>Int\u00e9gration sans effort :<\/strong> Int\u00e9grez CCAvenue en toute transparence dans votre configuration Easy Digital Downloads sans codage complexe. Commencez \u00e0 accepter des paiements pour des produits num\u00e9riques en quelques minutes, que vous soyez un expert en commerce \u00e9lectronique ou nouveau dans le commerce de d\u00e9tail en ligne.<\/li>\n<li><strong>S\u00e9curit\u00e9 robuste :<\/strong> Avec CCAvenue, la s\u00e9curit\u00e9 est une priorit\u00e9 absolue. Toutes les transactions de paiement sont prot\u00e9g\u00e9es par des fonctionnalit\u00e9s de s\u00e9curit\u00e9 avanc\u00e9es, assurant la confidentialit\u00e9 des donn\u00e9es sensibles de vos clients.<\/li>\n<li><strong>Listes de produits personnalisables :<\/strong> Cr\u00e9ez des listes de produits sur mesure qui correspondent \u00e0 vos offres num\u00e9riques sp\u00e9cifiques. Personnalisez les prix, les descriptions de produits et les options de paiement pour offrir une exp\u00e9rience d&rsquo;achat engageante et conviviale.<\/li>\n<li><strong>Prise en charge multi-devises :<\/strong> \u00c9largissez votre port\u00e9e mondiale en acceptant des paiements dans plusieurs devises, offrant ainsi la commodit\u00e9 aux clients internationaux.<\/li>\n<li><strong>Rapports d\u00e9taill\u00e9s :<\/strong> Suivez vos ventes de produits num\u00e9riques gr\u00e2ce \u00e0 des fonctionnalit\u00e9s de reporting compl\u00e8tes qui vous aident \u00e0 rester organis\u00e9 et \u00e0 prendre des d\u00e9cisions \u00e9clair\u00e9es.<\/li>\n<\/ol>\n<p><strong>Commencez d\u00e8s aujourd&rsquo;hui :<\/strong> Ne manquez pas les ventes num\u00e9riques potentielles et la croissance de votre entreprise en ligne. Portez vos ventes de produits num\u00e9riques au niveau sup\u00e9rieur avec la <a href=\"https:\/\/wpayo.com\/fr\/passerelle-de-paiement-wordpress\/\">passerelle de paiement<\/a> CCAvenue pour Easy Digital Downloads. Rationalisez le processus de paiement, inspirez la confiance des clients et stimulez le succ\u00e8s de votre entreprise de vente au d\u00e9tail en ligne. Lancez-vous maintenant et d\u00e9couvrez les avantages de transactions en ligne sans tracas.<\/p>\n<div class=\"cl-preview-section\">\n<h4 id=\"requirements\">Exigences<\/h4>\n<\/div>\n<div class=\"cl-preview-section\">\n<ul>\n<li>Compte CCAvenue actif \u2013 Vous devez \u00eatre un commer\u00e7ant indien pour pouvoir vous inscrire.<\/li>\n<li>Plugin Easy Digital Downloads<\/li>\n<li>Les formulaires doivent fonctionner en mode non-AJAX.<\/li>\n<li>Un certificat SSL valide n&rsquo;est pas n\u00e9cessaire car les d\u00e9tails de la carte de cr\u00e9dit de votre client sont saisis en toute s\u00e9curit\u00e9 sur des pages h\u00e9berg\u00e9es par CCAvenue. Cependant, il est recommand\u00e9 d&rsquo;en avoir un. Ce plugin ne stocke pas les num\u00e9ros de carte de cr\u00e9dit du client ni les informations sensibles sur votre site Web.<\/li>\n<\/ul>\n<\/div>\n<div class=\"cl-preview-section\">\n<h4 id=\"disclaimer\">Avis de non-responsabilit\u00e9<\/h4>\n<\/div>\n<div class=\"cl-preview-section\">\n<p>Toutes les transactions sont trait\u00e9es de mani\u00e8re s\u00e9curis\u00e9e sur la plateforme CCAvenue, garantissant les niveaux les plus \u00e9lev\u00e9s de s\u00e9curit\u00e9 et de conformit\u00e9.\n<\/p><\/div>\n","protected":false},"excerpt":{"rendered":"<p>Integrate CCAvenue Gateway for Easy Digital Downloads<\/p>\n","protected":false},"featured_media":2054,"comment_status":"open","ping_status":"closed","template":"","meta":{"_acf_changed":false},"product_cat":[48],"product_tag":[175],"class_list":{"0":"post-2053","1":"product","2":"type-product","3":"status-publish","4":"has-post-thumbnail","6":"product_cat-easy-digital-downloads","7":"product_tag-ccavenue","9":"first","10":"instock","11":"shipping-taxable","12":"purchasable","13":"product-type-simple"},"acf":[],"_links":{"self":[{"href":"https:\/\/wpayo.com\/fr\/wp-json\/wp\/v2\/product\/2053","targetHints":{"allow":["GET"]}}],"collection":[{"href":"https:\/\/wpayo.com\/fr\/wp-json\/wp\/v2\/product"}],"about":[{"href":"https:\/\/wpayo.com\/fr\/wp-json\/wp\/v2\/types\/product"}],"replies":[{"embeddable":true,"href":"https:\/\/wpayo.com\/fr\/wp-json\/wp\/v2\/comments?post=2053"}],"wp:featuredmedia":[{"embeddable":true,"href":"https:\/\/wpayo.com\/fr\/wp-json\/wp\/v2\/media\/2054"}],"wp:attachment":[{"href":"https:\/\/wpayo.com\/fr\/wp-json\/wp\/v2\/media?parent=2053"}],"wp:term":[{"taxonomy":"product_cat","embeddable":true,"href":"https:\/\/wpayo.com\/fr\/wp-json\/wp\/v2\/product_cat?post=2053"},{"taxonomy":"product_tag","embeddable":true,"href":"https:\/\/wpayo.com\/fr\/wp-json\/wp\/v2\/product_tag?post=2053"}],"curies":[{"name":"wp","href":"https:\/\/api.w.org\/{rel}","templated":true}]}}