{"id":2056,"date":"2024-01-17T11:31:13","date_gmt":"2024-01-17T11:31:13","guid":{"rendered":"https:\/\/wpayo.com\/fr\/?post_type=product&#038;p=2056"},"modified":"2024-01-17T11:31:14","modified_gmt":"2024-01-17T11:31:14","slug":"ccavenue-payment-gateway-latepoint","status":"publish","type":"product","link":"https:\/\/wpayo.com\/fr\/paiement-gateway\/ccavenue-payment-gateway-latepoint\/","title":{"rendered":"CCAvenue Payment Gateway pour LatePoint"},"content":{"rendered":"<p>Lorsqu&rsquo;il s&rsquo;agit d&rsquo;am\u00e9liorer votre syst\u00e8me de planification et de gestion des rendez-vous, la passerelle de paiement CCAvenue pour LatePoint est l&rsquo;addon indispensable que vous recherchez. Dans le monde de la planification des rendez-vous en ligne, une passerelle de paiement s\u00e9curis\u00e9e et fiable est primordiale. CCAvenue, r\u00e9put\u00e9e pour sa s\u00e9curit\u00e9 robuste et son traitement de paiement transparent, s&rsquo;int\u00e8gre parfaitement \u00e0 LatePoint pour transformer votre syst\u00e8me de r\u00e9servation en une source d&rsquo;efficacit\u00e9 et de commodit\u00e9.<\/p>\n<h3><strong>Qu&rsquo;est-ce que CCAvenue ?<\/strong><\/h3>\n<p>CCAvenue est une passerelle de paiement en ligne bien \u00e9tablie, connue pour sa fiabilit\u00e9 et son engagement ind\u00e9fectible envers le traitement s\u00e9curis\u00e9 des paiements. Elle offre une plateforme s\u00e9curis\u00e9e et conviviale pour que les entreprises et les sites Web puissent recevoir des paiements en ligne, en en faisant un choix privil\u00e9gi\u00e9 pour de nombreuses entreprises en ligne.<\/p>\n<h3><strong>Pourquoi choisir CCAvenue pour LatePoint ?<\/strong><\/h3>\n<ol>\n<li><strong>Int\u00e9gration sans effort :<\/strong> Int\u00e9grez CCAvenue de mani\u00e8re transparente dans votre configuration LatePoint, sans avoir besoin de coder de mani\u00e8re complexe. Commencez \u00e0 accepter des paiements pour des rendez-vous et des services en quelques minutes, que vous soyez un expert en r\u00e9servation ou nouveau dans la planification en ligne.<\/li>\n<li><strong>S\u00e9curit\u00e9 robuste :<\/strong> Avec CCAvenue, la s\u00e9curit\u00e9 est une priorit\u00e9 absolue. Toutes les transactions de paiement sont prot\u00e9g\u00e9es par des fonctionnalit\u00e9s de s\u00e9curit\u00e9 avanc\u00e9es, assurant la confidentialit\u00e9 des donn\u00e9es sensibles de vos clients.<\/li>\n<li><strong>Formulaires de r\u00e9servation personnalisables :<\/strong> Cr\u00e9ez des formulaires de r\u00e9servation sur mesure qui correspondent \u00e0 vos offres de services sp\u00e9cifiques. Personnalisez les champs, les options et la marque pour offrir une exp\u00e9rience de r\u00e9servation engageante et conviviale pour les clients.<\/li>\n<li><strong>Prise en charge multi-devises :<\/strong> \u00c9largissez votre port\u00e9e mondiale en acceptant des paiements dans plusieurs devises, offrant ainsi la commodit\u00e9 aux clients internationaux.<\/li>\n<li><strong>Rapports d\u00e9taill\u00e9s :<\/strong> Suivez vos revenus de r\u00e9servation avec des fonctionnalit\u00e9s de reporting compl\u00e8tes qui vous aident \u00e0 rester organis\u00e9 et \u00e0 prendre des d\u00e9cisions \u00e9clair\u00e9es.<\/li>\n<\/ol>\n<p><strong>Commencez d\u00e8s aujourd&rsquo;hui :<\/strong> Ne manquez pas de r\u00e9servations potentielles et de revenus. Portez votre syst\u00e8me de r\u00e9servation au niveau sup\u00e9rieur avec la passerelle de paiement CCAvenue pour LatePoint. Rationalisez le processus de paiement, inspirez la confiance des clients et boostez le succ\u00e8s de votre entreprise de services. Lancez-vous maintenant et d\u00e9couvrez les avantages de r\u00e9servations en ligne sans tracas.<\/p>\n<div class=\"cl-preview-section\">\n<h4 id=\"requirements\">Exigences<\/h4>\n<\/div>\n<div class=\"cl-preview-section\">\n<ul>\n<li>Compte CCAvenue actif \u2013 Vous devez \u00eatre un commer\u00e7ant indien pour pouvoir vous inscrire.<\/li>\n<li>Plugin LatePoint<\/li>\n<li>Les formulaires doivent fonctionner en mode non-AJAX.<\/li>\n<li>Un certificat SSL valide n&rsquo;est pas n\u00e9cessaire car les d\u00e9tails de la carte de cr\u00e9dit de votre client sont saisis en toute s\u00e9curit\u00e9 sur des pages h\u00e9berg\u00e9es par CCAvenue. Cependant, il est recommand\u00e9 d&rsquo;en avoir un. Ce plugin ne stocke pas les num\u00e9ros de carte de cr\u00e9dit du client ni les informations sensibles sur votre site Web.<\/li>\n<\/ul>\n<\/div>\n<div class=\"cl-preview-section\">\n<h4 id=\"disclaimer\">Avis de non-responsabilit\u00e9<\/h4>\n<\/div>\n<div class=\"cl-preview-section\">\n<p>Toutes les transactions sont trait\u00e9es de mani\u00e8re s\u00e9curis\u00e9e sur la plateforme CCAvenue, garantissant les niveaux les plus \u00e9lev\u00e9s de s\u00e9curit\u00e9 et de conformit\u00e9.\n<\/p><\/div>\n","protected":false},"excerpt":{"rendered":"<p>Integrate CCAvenue Gateway for LatePoint<\/p>\n","protected":false},"featured_media":2057,"comment_status":"open","ping_status":"closed","template":"","meta":{"_acf_changed":false},"product_cat":[128],"product_tag":[175],"class_list":{"0":"post-2056","1":"product","2":"type-product","3":"status-publish","4":"has-post-thumbnail","6":"product_cat-latepoint","7":"product_tag-ccavenue","9":"first","10":"instock","11":"shipping-taxable","12":"purchasable","13":"product-type-simple"},"acf":[],"_links":{"self":[{"href":"https:\/\/wpayo.com\/fr\/wp-json\/wp\/v2\/product\/2056","targetHints":{"allow":["GET"]}}],"collection":[{"href":"https:\/\/wpayo.com\/fr\/wp-json\/wp\/v2\/product"}],"about":[{"href":"https:\/\/wpayo.com\/fr\/wp-json\/wp\/v2\/types\/product"}],"replies":[{"embeddable":true,"href":"https:\/\/wpayo.com\/fr\/wp-json\/wp\/v2\/comments?post=2056"}],"wp:featuredmedia":[{"embeddable":true,"href":"https:\/\/wpayo.com\/fr\/wp-json\/wp\/v2\/media\/2057"}],"wp:attachment":[{"href":"https:\/\/wpayo.com\/fr\/wp-json\/wp\/v2\/media?parent=2056"}],"wp:term":[{"taxonomy":"product_cat","embeddable":true,"href":"https:\/\/wpayo.com\/fr\/wp-json\/wp\/v2\/product_cat?post=2056"},{"taxonomy":"product_tag","embeddable":true,"href":"https:\/\/wpayo.com\/fr\/wp-json\/wp\/v2\/product_tag?post=2056"}],"curies":[{"name":"wp","href":"https:\/\/api.w.org\/{rel}","templated":true}]}}