{"id":2065,"date":"2024-01-17T11:31:11","date_gmt":"2024-01-17T11:31:11","guid":{"rendered":"https:\/\/wpayo.com\/fr\/?post_type=product&#038;p=2065"},"modified":"2024-01-17T11:31:12","modified_gmt":"2024-01-17T11:31:12","slug":"razorpay-payment-gateway-woocommerce","status":"publish","type":"product","link":"https:\/\/wpayo.com\/fr\/paiement-gateway\/razorpay-payment-gateway-woocommerce\/","title":{"rendered":"Razorpay payment gateway pour WooCommerce"},"content":{"rendered":"<p>D\u00e9couvrez une am\u00e9lioration puissante pour votre boutique WooCommerce &#8211; la passerelle de paiement Razorpay. Cet addon essentiel \u00e9l\u00e8ve votre plateforme de commerce \u00e9lectronique en int\u00e9grant de mani\u00e8re transparente Razorpay, une passerelle de paiement fiable et innovante, dans votre boutique en ligne.<\/p>\n<h3><strong>Pourquoi vous aurez besoin de la passerelle de paiement Razorpay pour WooCommerce :<\/strong><\/h3>\n<ul>\n<li><strong>Transactions sans effort :<\/strong> Simplifiez le processus de paiement et offrez une exp\u00e9rience de paiement fluide \u00e0 vos clients lors du paiement.<\/li>\n<li><strong>S\u00e9curit\u00e9 robuste :<\/strong> Faites confiance aux fonctionnalit\u00e9s de s\u00e9curit\u00e9 de pointe de Razorpay pour prot\u00e9ger toutes les transactions de paiement, garantissant la confidentialit\u00e9 des donn\u00e9es sensibles des clients.<\/li>\n<li><strong>Large gamme d&rsquo;options de paiement :<\/strong> Acceptez une vari\u00e9t\u00e9 de m\u00e9thodes de paiement, y compris les cartes de cr\u00e9dit\/d\u00e9bit, le paiement en ligne et les portefeuilles mobiles, pour toucher une client\u00e8le plus large.<\/li>\n<li><strong>Prise en charge multi-devises :<\/strong> \u00c9largissez votre port\u00e9e mondiale en proposant des paiements dans plusieurs devises, facilitant ainsi les ventes internationales.<\/li>\n<li><strong>Rapports d\u00e9taill\u00e9s :<\/strong> Restez organis\u00e9 et prenez des d\u00e9cisions \u00e9clair\u00e9es avec des fonctionnalit\u00e9s de reporting compl\u00e8tes qui vous aident \u00e0 suivre vos transactions de commerce \u00e9lectronique.<\/li>\n<\/ul>\n<h3><strong>Qu&rsquo;est-ce que Razorpay :<\/strong><\/h3>\n<p>Razorpay est une importante passerelle de paiement en ligne en Inde, reconnue pour son approche innovante des paiements en ligne. Leur plateforme conviviale est con\u00e7ue pour offrir une exp\u00e9rience de paiement sans tracas et s\u00e9curis\u00e9e, aussi bien pour les entreprises que pour les clients.<\/p>\n<p><strong>Exigences :<\/strong> Pour commencer avec la passerelle de <a href=\"https:\/\/wpayo.com\/fr\/klarna-paiement-woocommerce\/\">paiement Razorpay pour WooCommerce<\/a>, suivez ces \u00e9tapes :<\/p>\n<ol>\n<li><strong>Inscrivez-vous pour un compte d&rsquo;essai\/sandbox Razorpay :<\/strong> Commencez par cr\u00e9er un compte d&rsquo;essai Razorpay pour exp\u00e9rimenter les paiements dans un environnement contr\u00f4l\u00e9.<\/li>\n<li><strong>R\u00e8glement des transactions de test :<\/strong> Apprenez \u00e0 r\u00e9gler les transactions de test et comprenez le processus des paiements r\u00e9els.<\/li>\n<li><strong>WooCommerce :<\/strong> Assurez-vous d&rsquo;avoir un site Web de commerce \u00e9lectronique aliment\u00e9 par WordPress utilisant WooCommerce.<\/li>\n<\/ol>\n<p>Ne manquez pas l&rsquo;occasion d&rsquo;am\u00e9liorer votre boutique WooCommerce. Propulsez votre entreprise de commerce \u00e9lectronique au niveau sup\u00e9rieur avec la passerelle de paiement Razorpay pour WooCommerce. Rationalisez le processus de paiement, inspirez la confiance des clients et stimulez vos ventes en ligne. Lancez-vous maintenant et d\u00e9couvrez les avantages des transactions en ligne sans effort.<\/p>\n<p>Pr\u00eat \u00e0 \u00e9lever votre commerce \u00e9lectronique ? T\u00e9l\u00e9chargez la passerelle de paiement Razorpay pour WooCommerce et commencez \u00e0 accepter les paiements en toute confiance.<\/p>\n<div class=\"cl-preview-section\">\n<h4 id=\"disclaimer\">Avis de non-responsabilit\u00e9<\/h4>\n<\/div>\n<div class=\"cl-preview-section\">\n<p>Toutes les transactions sont trait\u00e9es de mani\u00e8re s\u00e9curis\u00e9e sur la plateforme RazorPay, garantissant les niveaux les plus \u00e9lev\u00e9s de s\u00e9curit\u00e9 et de conformit\u00e9.\n<\/p><\/div>\n","protected":false},"excerpt":{"rendered":"<p>Integrate Razorpay Gateway for WooCommerce<\/p>\n","protected":false},"featured_media":2068,"comment_status":"open","ping_status":"closed","template":"","meta":{"_acf_changed":false},"product_cat":[47],"product_tag":[179],"class_list":{"0":"post-2065","1":"product","2":"type-product","3":"status-publish","4":"has-post-thumbnail","6":"product_cat-woocommerce","7":"product_tag-razorpay","9":"first","10":"instock","11":"shipping-taxable","12":"purchasable","13":"product-type-simple"},"acf":[],"_links":{"self":[{"href":"https:\/\/wpayo.com\/fr\/wp-json\/wp\/v2\/product\/2065","targetHints":{"allow":["GET"]}}],"collection":[{"href":"https:\/\/wpayo.com\/fr\/wp-json\/wp\/v2\/product"}],"about":[{"href":"https:\/\/wpayo.com\/fr\/wp-json\/wp\/v2\/types\/product"}],"replies":[{"embeddable":true,"href":"https:\/\/wpayo.com\/fr\/wp-json\/wp\/v2\/comments?post=2065"}],"wp:featuredmedia":[{"embeddable":true,"href":"https:\/\/wpayo.com\/fr\/wp-json\/wp\/v2\/media\/2068"}],"wp:attachment":[{"href":"https:\/\/wpayo.com\/fr\/wp-json\/wp\/v2\/media?parent=2065"}],"wp:term":[{"taxonomy":"product_cat","embeddable":true,"href":"https:\/\/wpayo.com\/fr\/wp-json\/wp\/v2\/product_cat?post=2065"},{"taxonomy":"product_tag","embeddable":true,"href":"https:\/\/wpayo.com\/fr\/wp-json\/wp\/v2\/product_tag?post=2065"}],"curies":[{"name":"wp","href":"https:\/\/api.w.org\/{rel}","templated":true}]}}