{"id":2069,"date":"2024-01-17T11:31:10","date_gmt":"2024-01-17T11:31:10","guid":{"rendered":"https:\/\/wpayo.com\/fr\/?post_type=product&#038;p=2069"},"modified":"2024-01-17T11:31:11","modified_gmt":"2024-01-17T11:31:11","slug":"razorpay-payment-gateway-easy-digital-downloads","status":"publish","type":"product","link":"https:\/\/wpayo.com\/fr\/paiement-gateway\/razorpay-payment-gateway-easy-digital-downloads\/","title":{"rendered":"Razorpay payment gateway pour Easy Digital Downloads"},"content":{"rendered":"<p>Am\u00e9liorez vos ventes de produits num\u00e9riques avec la passerelle de paiement Razorpay pour Easy Digital Downloads. Cet addon essentiel int\u00e8gre de mani\u00e8re transparente Razorpay, une passerelle de paiement fiable et innovante, dans votre boutique en ligne, rendant les transactions de produits num\u00e9riques simples et s\u00e9curis\u00e9es.<\/p>\n<h3><strong>Pourquoi vous aurez besoin de la passerelle de paiement Razorpay pour Easy Digital Downloads :<\/strong><\/h3>\n<ul>\n<li><strong>Transactions sans effort :<\/strong> Simplifiez le processus d&rsquo;achat de vos produits num\u00e9riques, offrant une exp\u00e9rience de paiement fluide \u00e0 vos clients.<\/li>\n<li><strong>S\u00e9curit\u00e9 robuste :<\/strong> Faites confiance aux fonctionnalit\u00e9s de s\u00e9curit\u00e9 de pointe de Razorpay pour prot\u00e9ger toutes les transactions de paiement, garantissant la confidentialit\u00e9 des donn\u00e9es sensibles des clients.<\/li>\n<li><strong>Large gamme d&rsquo;options de paiement :<\/strong> Acceptez une vari\u00e9t\u00e9 de m\u00e9thodes de paiement, y compris les cartes de cr\u00e9dit\/d\u00e9bit, le paiement en ligne et les portefeuilles mobiles, pour toucher une client\u00e8le plus large.<\/li>\n<li><strong>Prise en charge multi-devises :<\/strong> \u00c9largissez votre port\u00e9e mondiale en proposant des paiements dans plusieurs devises, facilitant ainsi les ventes internationales.<\/li>\n<li><strong>Rapports d\u00e9taill\u00e9s :<\/strong> Restez organis\u00e9 et prenez des d\u00e9cisions \u00e9clair\u00e9es avec des fonctionnalit\u00e9s de reporting compl\u00e8tes qui vous aident \u00e0 suivre vos ventes de produits num\u00e9riques.<\/li>\n<\/ul>\n<p><strong>Qu&rsquo;est-ce que Razorpay :<\/strong> Razorpay est une importante passerelle de paiement en ligne en Inde, reconnue pour son approche innovante des paiements en ligne. Leur plateforme conviviale est con\u00e7ue pour offrir une exp\u00e9rience de paiement sans tracas et s\u00e9curis\u00e9e, aussi bien pour les entreprises que pour les clients.<\/p>\n<h3><strong>Exigences :<\/strong><\/h3>\n<p>Pour commencer avec la passerelle de paiement Razorpay pour Easy Digital Downloads, suivez ces \u00e9tapes :<\/p>\n<ol>\n<li><strong><a href=\"https:\/\/razorpay.com\/\" target=\"_new\" rel=\"noopener\">Inscrivez-vous pour un compte d&rsquo;essai\/sandbox Razorpay<\/a><\/strong> : Commencez par cr\u00e9er un compte d&rsquo;essai Razorpay pour exp\u00e9rimenter les paiements dans un environnement contr\u00f4l\u00e9.<\/li>\n<li><strong>R\u00e8glement des transactions de test :<\/strong> Apprenez \u00e0 r\u00e9gler les transactions de test et comprenez le processus des paiements r\u00e9els.<\/li>\n<li><strong>Plugin Easy Digital Downloads<\/strong><\/li>\n<\/ol>\n<p>Ne manquez pas l&rsquo;opportunit\u00e9 d&rsquo;am\u00e9liorer vos ventes de produits num\u00e9riques. Propulsez votre entreprise en ligne au niveau sup\u00e9rieur avec la passerelle de paiement Razorpay pour Easy Digital Downloads. Rationalisez le processus de paiement, inspirez la confiance des clients et boostez le succ\u00e8s de vos offres de produits num\u00e9riques. Lancez-vous maintenant et d\u00e9couvrez les avantages des transactions en ligne sans effort.<\/p>\n<p>Pr\u00eat \u00e0 \u00e9lever vos ventes num\u00e9riques ? T\u00e9l\u00e9chargez la passerelle de paiement Razorpay pour Easy Digital Downloads et commencez \u00e0 accepter les paiements en toute confiance.<\/p>\n<div class=\"cl-preview-section\">\n<h4 id=\"disclaimer\">Avis de non-responsabilit\u00e9<\/h4>\n<\/div>\n<div class=\"cl-preview-section\">\n<p>Toutes les transactions sont trait\u00e9es de mani\u00e8re s\u00e9curis\u00e9e sur la plateforme RazorPay, garantissant les niveaux les plus \u00e9lev\u00e9s de s\u00e9curit\u00e9 et de conformit\u00e9.\n<\/p><\/div>\n","protected":false},"excerpt":{"rendered":"<p>Integrate Razorpay Gateway for Easy Digital Downloads<\/p>\n","protected":false},"featured_media":2070,"comment_status":"open","ping_status":"closed","template":"","meta":{"_acf_changed":false},"product_cat":[48],"product_tag":[179],"class_list":{"0":"post-2069","1":"product","2":"type-product","3":"status-publish","4":"has-post-thumbnail","6":"product_cat-easy-digital-downloads","7":"product_tag-razorpay","9":"first","10":"instock","11":"shipping-taxable","12":"purchasable","13":"product-type-simple"},"acf":[],"_links":{"self":[{"href":"https:\/\/wpayo.com\/fr\/wp-json\/wp\/v2\/product\/2069","targetHints":{"allow":["GET"]}}],"collection":[{"href":"https:\/\/wpayo.com\/fr\/wp-json\/wp\/v2\/product"}],"about":[{"href":"https:\/\/wpayo.com\/fr\/wp-json\/wp\/v2\/types\/product"}],"replies":[{"embeddable":true,"href":"https:\/\/wpayo.com\/fr\/wp-json\/wp\/v2\/comments?post=2069"}],"wp:featuredmedia":[{"embeddable":true,"href":"https:\/\/wpayo.com\/fr\/wp-json\/wp\/v2\/media\/2070"}],"wp:attachment":[{"href":"https:\/\/wpayo.com\/fr\/wp-json\/wp\/v2\/media?parent=2069"}],"wp:term":[{"taxonomy":"product_cat","embeddable":true,"href":"https:\/\/wpayo.com\/fr\/wp-json\/wp\/v2\/product_cat?post=2069"},{"taxonomy":"product_tag","embeddable":true,"href":"https:\/\/wpayo.com\/fr\/wp-json\/wp\/v2\/product_tag?post=2069"}],"curies":[{"name":"wp","href":"https:\/\/api.w.org\/{rel}","templated":true}]}}