{"id":2073,"date":"2024-01-17T11:31:07","date_gmt":"2024-01-17T11:31:07","guid":{"rendered":"https:\/\/wpayo.com\/fr\/?post_type=product&#038;p=2073"},"modified":"2024-01-17T11:31:08","modified_gmt":"2024-01-17T11:31:08","slug":"razorpay-payment-gateway-ultimate-membership-pro","status":"publish","type":"product","link":"https:\/\/wpayo.com\/fr\/paiement-gateway\/razorpay-payment-gateway-ultimate-membership-pro\/","title":{"rendered":"Razorpay payment gateway pour Ultimate Membership Pro"},"content":{"rendered":"<p>Optimisez le processus de paiement de votre site d&rsquo;adh\u00e9sion avec la passerelle de paiement Razorpay pour Ultimate Membership Pro. Cet addon essentiel int\u00e8gre de mani\u00e8re transparente Razorpay, une passerelle de paiement fiable et innovante, facilitant l&rsquo;acc\u00e8s s\u00e9curis\u00e9 de vos abonn\u00e9s \u00e0 des contenus et services premium.<\/p>\n<p><strong>Pourquoi vous aurez besoin de la passerelle de paiement Razorpay pour Ultimate Membership Pro :<\/strong><\/p>\n<ul>\n<li><strong>Transactions sans effort :<\/strong> Simplifiez le processus d&rsquo;abonnement et de paiement, offrant une exp\u00e9rience fluide \u00e0 vos membres.<\/li>\n<li><strong>S\u00e9curit\u00e9 robuste :<\/strong> Faites confiance aux fonctionnalit\u00e9s de s\u00e9curit\u00e9 de pointe de Razorpay pour prot\u00e9ger toutes les transactions, assurant la confidentialit\u00e9 des donn\u00e9es sensibles des membres.<\/li>\n<li><strong>Large gamme d&rsquo;options de paiement :<\/strong> Acceptez diverses m\u00e9thodes de paiement, y compris les cartes de cr\u00e9dit\/d\u00e9bit, le net banking et les portefeuilles mobiles, pour toucher une base d&rsquo;abonn\u00e9s plus large.<\/li>\n<li><strong>Prise en charge multi-devises :<\/strong> \u00c9largissez votre port\u00e9e \u00e0 l&rsquo;\u00e9chelle mondiale en proposant des paiements dans plusieurs devises, offrant ainsi une commodit\u00e9 aux abonn\u00e9s internationaux.<\/li>\n<li><strong>Rapports d\u00e9taill\u00e9s :<\/strong> Restez organis\u00e9 et prenez des d\u00e9cisions \u00e9clair\u00e9es avec des fonctionnalit\u00e9s de reporting compl\u00e8tes qui vous aident \u00e0 suivre vos revenus d&rsquo;abonnement.<\/li>\n<\/ul>\n<p><strong>Qu&rsquo;est-ce que Razorpay :<\/strong><br \/>\nRazorpay est une passerelle de paiement en ligne de premier plan en Inde, renomm\u00e9e pour son approche innovante des paiements en ligne. Leur plateforme conviviale est con\u00e7ue pour offrir une exp\u00e9rience de paiement sans tracas et s\u00e9curis\u00e9e aux entreprises et aux abonn\u00e9s.<\/p>\n<p><strong>Exigences :<\/strong><br \/>\nPour commencer avec la passerelle de paiement Razorpay pour Ultimate Membership Pro, suivez ces \u00e9tapes :<\/p>\n<ol>\n<li><strong><a href=\"https:\/\/razorpay.com\/\" target=\"_new\" rel=\"noopener\">Inscrivez-vous pour un compte de test\/sandbox Razorpay<\/a><\/strong> : Commencez par cr\u00e9er un compte de test Razorpay pour exp\u00e9rimenter les paiements dans un environnement contr\u00f4l\u00e9.<\/li>\n<li><strong>R\u00e8glement des transactions de test :<\/strong> Apprenez comment r\u00e9gler les transactions de test et comprenez le processus pour les paiements r\u00e9els.<\/li>\n<li>Plugin Ultimate Membership Pro<\/li>\n<\/ol>\n<p>Ne manquez pas l&rsquo;opportunit\u00e9 d&rsquo;am\u00e9liorer votre site d&rsquo;adh\u00e9sion. Propulsez vos offres bas\u00e9es sur l&rsquo;abonnement avec la passerelle de paiement Razorpay pour Ultimate Membership Pro. Simplifiez le processus de paiement, inspirez confiance aux membres et stimulez le succ\u00e8s de votre site d&rsquo;adh\u00e9sion. Lancez-vous d\u00e8s maintenant et d\u00e9couvrez les avantages d&rsquo;une gestion en ligne sans tracas des abonnements.<\/p>\n<p>Pr\u00eat \u00e0 \u00e9lever votre site d&rsquo;adh\u00e9sion ? T\u00e9l\u00e9chargez la passerelle de paiement Razorpay pour Ultimate Membership Pro et commencez \u00e0 accepter les paiements en toute confiance.<\/p>\n<div class=\"cl-preview-section\">\n<h4 id=\"disclaimer\">Avis de non-responsabilit\u00e9<\/h4>\n<\/div>\n<div class=\"cl-preview-section\">Toutes les transactions sont trait\u00e9es de mani\u00e8re s\u00e9curis\u00e9e sur la plateforme RazorPay, garantissant les niveaux les plus \u00e9lev\u00e9s de s\u00e9curit\u00e9 et de conformit\u00e9.<\/div>\n","protected":false},"excerpt":{"rendered":"<p>Integrate Razorpay Gateway for Ultimate Membership Pro<\/p>\n","protected":false},"featured_media":2074,"comment_status":"open","ping_status":"closed","template":"","meta":{"_acf_changed":false},"product_cat":[78],"product_tag":[179],"class_list":{"0":"post-2073","1":"product","2":"type-product","3":"status-publish","4":"has-post-thumbnail","6":"product_cat-ultimate-membership-pro","7":"product_tag-razorpay","9":"first","10":"instock","11":"shipping-taxable","12":"purchasable","13":"product-type-simple"},"acf":[],"_links":{"self":[{"href":"https:\/\/wpayo.com\/fr\/wp-json\/wp\/v2\/product\/2073","targetHints":{"allow":["GET"]}}],"collection":[{"href":"https:\/\/wpayo.com\/fr\/wp-json\/wp\/v2\/product"}],"about":[{"href":"https:\/\/wpayo.com\/fr\/wp-json\/wp\/v2\/types\/product"}],"replies":[{"embeddable":true,"href":"https:\/\/wpayo.com\/fr\/wp-json\/wp\/v2\/comments?post=2073"}],"wp:featuredmedia":[{"embeddable":true,"href":"https:\/\/wpayo.com\/fr\/wp-json\/wp\/v2\/media\/2074"}],"wp:attachment":[{"href":"https:\/\/wpayo.com\/fr\/wp-json\/wp\/v2\/media?parent=2073"}],"wp:term":[{"taxonomy":"product_cat","embeddable":true,"href":"https:\/\/wpayo.com\/fr\/wp-json\/wp\/v2\/product_cat?post=2073"},{"taxonomy":"product_tag","embeddable":true,"href":"https:\/\/wpayo.com\/fr\/wp-json\/wp\/v2\/product_tag?post=2073"}],"curies":[{"name":"wp","href":"https:\/\/api.w.org\/{rel}","templated":true}]}}