{"id":2080,"date":"2024-01-17T11:31:03","date_gmt":"2024-01-17T11:31:03","guid":{"rendered":"https:\/\/wpayo.com\/fr\/?post_type=product&#038;p=2080"},"modified":"2024-01-17T11:31:04","modified_gmt":"2024-01-17T11:31:04","slug":"razorpay-payment-gateway-wpforms","status":"publish","type":"product","link":"https:\/\/wpayo.com\/fr\/paiement-gateway\/razorpay-payment-gateway-wpforms\/","title":{"rendered":"Razorpay payment gateway pour WPForms"},"content":{"rendered":"<p>\u00c9levez vos formulaires en ligne avec la <strong>passerelle de paiement Razorpay pour WPForms<\/strong>. Cet addon essentiel int\u00e8gre de mani\u00e8re transparente Razorpay, une passerelle de paiement fiable et innovante, facilitant le processus de paiement pour que vos utilisateurs effectuent des paiements de mani\u00e8re s\u00e9curis\u00e9e via vos formulaires.<\/p>\n<p><strong>Pourquoi vous aurez besoin de la passerelle de paiement Razorpay pour WPForms :<\/strong><\/p>\n<ul>\n<li><strong>Transactions sans effort :<\/strong> Simplifiez le processus de paiement au sein de vos formulaires, offrant une exp\u00e9rience de paiement fluide \u00e0 vos utilisateurs.<\/li>\n<li><strong>S\u00e9curit\u00e9 robuste :<\/strong> Faites confiance aux fonctionnalit\u00e9s de s\u00e9curit\u00e9 de pointe de Razorpay pour prot\u00e9ger toutes les transactions de paiement, assurant la confidentialit\u00e9 des donn\u00e9es sensibles des utilisateurs.<\/li>\n<li><strong>Large gamme d&rsquo;options de paiement :<\/strong> Acceptez diverses m\u00e9thodes de paiement, y compris les cartes de cr\u00e9dit\/d\u00e9bit, le net banking et les portefeuilles mobiles, pour toucher un public plus large d&rsquo;utilisateurs.<\/li>\n<li><strong>Prise en charge multi-devises :<\/strong> \u00c9largissez <a href=\"https:\/\/wpayo.com\/fr\/wise-en-algerie-votre-passeport-financier-mondial\/\">votre port\u00e9e mondiale<\/a> en proposant des paiements dans plusieurs devises, rendant les transactions internationales pratiques.<\/li>\n<li><strong>Rapports d\u00e9taill\u00e9s :<\/strong> Restez organis\u00e9 et prenez des d\u00e9cisions \u00e9clair\u00e9es avec des fonctionnalit\u00e9s de reporting compl\u00e8tes qui vous aident \u00e0 suivre vos paiements en ligne.<\/li>\n<\/ul>\n<p><strong>Qu&rsquo;est-ce que Razorpay :<\/strong><br \/>\nRazorpay est une passerelle de paiement en ligne de premier plan en Inde, c\u00e9l\u00e8bre pour son approche innovante des paiements en ligne. Leur plateforme conviviale est con\u00e7ue pour offrir une exp\u00e9rience de paiement sans tracas et s\u00e9curis\u00e9e aux entreprises et aux utilisateurs.<\/p>\n<h3><strong>Exigences :<\/strong><\/h3>\n<p>Pour commencer avec la passerelle de paiement Razorpay pour WPForms, suivez ces \u00e9tapes :<\/p>\n<ol>\n<li><strong><a href=\"https:\/\/razorpay.com\/\" target=\"_new\" rel=\"noopener\">Inscrivez-vous pour un compte de test\/sandbox Razorpay<\/a><\/strong> : Commencez par cr\u00e9er un compte de test Razorpay pour exp\u00e9rimenter les paiements dans un environnement contr\u00f4l\u00e9.<\/li>\n<li><strong>R\u00e8glement des transactions de test :<\/strong> Apprenez comment r\u00e9gler les transactions de test et comprenez le processus pour les paiements r\u00e9els.<\/li>\n<li>Plugin WPForms<\/li>\n<\/ol>\n<p>Ne manquez pas l&rsquo;opportunit\u00e9 d&rsquo;am\u00e9liorer votre syst\u00e8me de r\u00e9servation d&rsquo;\u00e9v\u00e9nements. Propulsez votre gestion d&rsquo;\u00e9v\u00e9nements au niveau sup\u00e9rieur avec la passerelle de paiement Razorpay pour WPForms. Simplifiez le processus de paiement, inspirez la confiance des participants et stimulez le succ\u00e8s de vos \u00e9v\u00e9nements. Lancez-vous d\u00e8s maintenant et d\u00e9couvrez les avantages d&rsquo;une vente de billets en ligne sans tracas.<\/p>\n<p>Pr\u00eat \u00e0 \u00e9lever votre gestion d&rsquo;\u00e9v\u00e9nements ? T\u00e9l\u00e9chargez la passerelle de paiement Razorpay pour WPForms et commencez \u00e0 accepter les paiements en toute confiance.<\/p>\n<div class=\"cl-preview-section\">\n<h4 id=\"disclaimer\">Avis de non-responsabilit\u00e9<\/h4>\n<\/div>\n<div class=\"cl-preview-section\">Toutes les transactions sont trait\u00e9es de mani\u00e8re s\u00e9curis\u00e9e sur la plateforme RazorPay, garantissant les niveaux les plus \u00e9lev\u00e9s de s\u00e9curit\u00e9 et de conformit\u00e9.<\/div>\n","protected":false},"excerpt":{"rendered":"<p>Integrate Razorpay Gateway for WPForms<\/p>\n","protected":false},"featured_media":2081,"comment_status":"open","ping_status":"closed","template":"","meta":{"_acf_changed":false},"product_cat":[49],"product_tag":[179],"class_list":{"0":"post-2080","1":"product","2":"type-product","3":"status-publish","4":"has-post-thumbnail","6":"product_cat-wpforms","7":"product_tag-razorpay","9":"first","10":"instock","11":"shipping-taxable","12":"purchasable","13":"product-type-simple"},"acf":[],"_links":{"self":[{"href":"https:\/\/wpayo.com\/fr\/wp-json\/wp\/v2\/product\/2080","targetHints":{"allow":["GET"]}}],"collection":[{"href":"https:\/\/wpayo.com\/fr\/wp-json\/wp\/v2\/product"}],"about":[{"href":"https:\/\/wpayo.com\/fr\/wp-json\/wp\/v2\/types\/product"}],"replies":[{"embeddable":true,"href":"https:\/\/wpayo.com\/fr\/wp-json\/wp\/v2\/comments?post=2080"}],"wp:featuredmedia":[{"embeddable":true,"href":"https:\/\/wpayo.com\/fr\/wp-json\/wp\/v2\/media\/2081"}],"wp:attachment":[{"href":"https:\/\/wpayo.com\/fr\/wp-json\/wp\/v2\/media?parent=2080"}],"wp:term":[{"taxonomy":"product_cat","embeddable":true,"href":"https:\/\/wpayo.com\/fr\/wp-json\/wp\/v2\/product_cat?post=2080"},{"taxonomy":"product_tag","embeddable":true,"href":"https:\/\/wpayo.com\/fr\/wp-json\/wp\/v2\/product_tag?post=2080"}],"curies":[{"name":"wp","href":"https:\/\/api.w.org\/{rel}","templated":true}]}}