{"id":2084,"date":"2024-01-17T11:31:01","date_gmt":"2024-01-17T11:31:01","guid":{"rendered":"https:\/\/wpayo.com\/fr\/?post_type=product&#038;p=2084"},"modified":"2024-01-17T11:31:02","modified_gmt":"2024-01-17T11:31:02","slug":"razorpay-payment-gateway-awpcp","status":"publish","type":"product","link":"https:\/\/wpayo.com\/fr\/paiement-gateway\/razorpay-payment-gateway-awpcp\/","title":{"rendered":"Razorpay payment gateway pour AWPCP"},"content":{"rendered":"<p>Am\u00e9liorez vos annonces class\u00e9es et vos paiements avec la <strong>Passerelle de Paiement Razorpay pour AWPCP<\/strong>. Cet addon essentiel int\u00e8gre de mani\u00e8re transparente Razorpay, une passerelle de paiement fiable et innovante, facilitant aux utilisateurs la publication de leurs annonces class\u00e9es et le paiement de mani\u00e8re s\u00e9curis\u00e9e.<\/p>\n<h3><strong>Pourquoi Vous Aurez Besoin de la Passerelle de Paiement Razorpay pour AWPCP :<\/strong><\/h3>\n<ul>\n<li><strong>Publication et Paiement Sans Effort :<\/strong> Simplifiez le processus de publication d&rsquo;annonces et de paiement, offrant une exp\u00e9rience fluide \u00e0 vos utilisateurs.<\/li>\n<li><strong>S\u00e9curit\u00e9 Robuste :<\/strong> Faites confiance aux fonctionnalit\u00e9s de s\u00e9curit\u00e9 de pointe de Razorpay pour prot\u00e9ger toutes les transactions de paiement, assurant la confidentialit\u00e9 des donn\u00e9es sensibles des utilisateurs.<\/li>\n<li><strong>Large Gamme d\u2019Options de Paiement :<\/strong> Acceptez une vari\u00e9t\u00e9 de m\u00e9thodes de paiement, y compris les cartes de cr\u00e9dit\/d\u00e9bit, le paiement par Internet, et les portefeuilles mobiles, pour r\u00e9pondre \u00e0 une base d&rsquo;utilisateurs plus large.<\/li>\n<li><strong>Support Multi-Devises :<\/strong> \u00c9largissez votre port\u00e9e \u00e0 l&rsquo;\u00e9chelle mondiale en proposant des paiements dans plusieurs devises, facilitant ainsi la vie des utilisateurs internationaux.<\/li>\n<li><strong>Rapports D\u00e9taill\u00e9s :<\/strong> Restez organis\u00e9 et prenez des d\u00e9cisions \u00e9clair\u00e9es gr\u00e2ce \u00e0 des fonctionnalit\u00e9s de rapport compl\u00e8tes qui vous aident \u00e0 suivre vos revenus d&rsquo;annonces class\u00e9es.<\/li>\n<\/ul>\n<h3><strong>Qu&rsquo;est-ce que Razorpay :<\/strong><\/h3>\n<p>Razorpay est une passerelle de paiement en ligne de premier plan en Inde, connue pour son approche innovante des paiements en ligne. Leur plateforme conviviale est con\u00e7ue pour offrir une exp\u00e9rience de paiement sans tracas et s\u00e9curis\u00e9e aussi bien pour les entreprises que pour les utilisateurs.<\/p>\n<h3><strong>Exigences :<\/strong><\/h3>\n<p>Pour commencer avec la Passerelle de Paiement Razorpay pour AWPCP, suivez ces \u00e9tapes :<\/p>\n<ol>\n<li><strong><a href=\"https:\/\/razorpay.com\/\" target=\"_new\" rel=\"noopener\">Inscrivez-vous pour un Compte de Test\/Sandbox Razorpay<\/a><\/strong> : Commencez par cr\u00e9er un compte de test Razorpay pour exp\u00e9rimenter les paiements dans un environnement contr\u00f4l\u00e9.<\/li>\n<li><strong>R\u00e9gler les Transactions de Test<\/strong> : Apprenez comment r\u00e9gler les transactions de test et comprenez le processus pour les paiements r\u00e9els.<\/li>\n<li>Plugin AWPCP<\/li>\n<\/ol>\n<p>Ne manquez pas l&rsquo;opportunit\u00e9 d&rsquo;am\u00e9liorer votre plateforme d&rsquo;annonces class\u00e9es. Faites passer vos annonces au niveau sup\u00e9rieur avec la Passerelle de Paiement Razorpay pour AWPCP. Rationalisez le processus de paiement, inspirez la confiance des utilisateurs et stimulez le succ\u00e8s de vos annonces class\u00e9es. Lancez-vous d\u00e8s maintenant et d\u00e9couvrez les avantages des publications en ligne sans tracas.<\/p>\n<p>Pr\u00eat \u00e0 \u00e9lever votre plateforme d&rsquo;annonces class\u00e9es ? T\u00e9l\u00e9chargez la Passerelle de Paiement Razorpay pour AWPCP et commencez \u00e0 accepter les paiements en toute confiance.<\/p>\n<div class=\"cl-preview-section\">\n<h4 id=\"disclaimer\">Avertissement<\/h4>\n<\/div>\n<div class=\"cl-preview-section\">\n<p>Toutes les transactions sont trait\u00e9es de mani\u00e8re s\u00e9curis\u00e9e sur la plateforme RazorPay, garantissant les plus hauts niveaux de s\u00e9curit\u00e9 et de conformit\u00e9.<\/p>\n<\/div>\n","protected":false},"excerpt":{"rendered":"<p>Integrate Razorpay Gateway for AWPCP<\/p>\n","protected":false},"featured_media":2085,"comment_status":"open","ping_status":"closed","template":"","meta":{"_acf_changed":false},"product_cat":[237],"product_tag":[179],"class_list":{"0":"post-2084","1":"product","2":"type-product","3":"status-publish","4":"has-post-thumbnail","6":"product_cat-awpcp","7":"product_tag-razorpay","9":"first","10":"instock","11":"shipping-taxable","12":"purchasable","13":"product-type-simple"},"acf":[],"_links":{"self":[{"href":"https:\/\/wpayo.com\/fr\/wp-json\/wp\/v2\/product\/2084","targetHints":{"allow":["GET"]}}],"collection":[{"href":"https:\/\/wpayo.com\/fr\/wp-json\/wp\/v2\/product"}],"about":[{"href":"https:\/\/wpayo.com\/fr\/wp-json\/wp\/v2\/types\/product"}],"replies":[{"embeddable":true,"href":"https:\/\/wpayo.com\/fr\/wp-json\/wp\/v2\/comments?post=2084"}],"wp:featuredmedia":[{"embeddable":true,"href":"https:\/\/wpayo.com\/fr\/wp-json\/wp\/v2\/media\/2085"}],"wp:attachment":[{"href":"https:\/\/wpayo.com\/fr\/wp-json\/wp\/v2\/media?parent=2084"}],"wp:term":[{"taxonomy":"product_cat","embeddable":true,"href":"https:\/\/wpayo.com\/fr\/wp-json\/wp\/v2\/product_cat?post=2084"},{"taxonomy":"product_tag","embeddable":true,"href":"https:\/\/wpayo.com\/fr\/wp-json\/wp\/v2\/product_tag?post=2084"}],"curies":[{"name":"wp","href":"https:\/\/api.w.org\/{rel}","templated":true}]}}