{"id":2097,"date":"2024-01-17T11:30:55","date_gmt":"2024-01-17T11:30:55","guid":{"rendered":"https:\/\/wpayo.com\/fr\/?post_type=product&#038;p=2097"},"modified":"2024-01-17T11:30:56","modified_gmt":"2024-01-17T11:30:56","slug":"razorpay-payment-gateway-givewp","status":"publish","type":"product","link":"https:\/\/wpayo.com\/fr\/paiement-gateway\/razorpay-payment-gateway-givewp\/","title":{"rendered":"Razorpay payment gateway pour GiveWP"},"content":{"rendered":"<p>Boostez votre collecte de fonds en ligne avec la <strong>Passerelle de Paiement Razorpay pour GiveWP<\/strong>. Cette extension essentielle fusionne de mani\u00e8re transparente la puissance de Razorpay, une passerelle de paiement fiable et innovante, dans votre syst\u00e8me de dons, facilitant la contribution de mani\u00e8re s\u00e9curis\u00e9e de vos supporters.<\/p>\n<h3><strong>Pourquoi la Passerelle de Paiement Razorpay pour GiveWP est Essentielle :<\/strong><\/h3>\n<ul>\n<li><strong>Donations Simplifi\u00e9es :<\/strong> Rationalisez le processus de don, offrant une exp\u00e9rience sans couture \u00e0 vos supporters.<\/li>\n<li><strong>S\u00e9curit\u00e9 de Haut Niveau :<\/strong> Placez votre confiance dans les fonctionnalit\u00e9s de s\u00e9curit\u00e9 avanc\u00e9es de Razorpay, prot\u00e9geant toutes les transactions de dons et assurant la confidentialit\u00e9 des donn\u00e9es sensibles des supporters.<\/li>\n<li><strong>Diversit\u00e9 des Options de Paiement :<\/strong> Acceptez une large gamme de m\u00e9thodes de paiement, des cartes de cr\u00e9dit\/d\u00e9bit aux paiements par Internet et portefeuilles mobiles, pour toucher une base de supporters \u00e9tendue.<\/li>\n<li><strong>Don Mondial :<\/strong> \u00c9largissez votre port\u00e9e \u00e0 l&rsquo;\u00e9chelle internationale en acceptant des paiements dans plusieurs devises, offrant ainsi une commodit\u00e9 aux supporters du monde entier.<\/li>\n<li><strong>Informations Compl\u00e8tes :<\/strong> Restez organis\u00e9 et prenez des d\u00e9cisions \u00e9clair\u00e9es avec des outils de rapports complets qui vous aident \u00e0 suivre vos efforts de collecte de fonds.<\/li>\n<\/ul>\n<p><strong>Pr\u00e9sentation de Razorpay :<\/strong> Razorpay est une passerelle de paiement en ligne de premier plan en Inde, c\u00e9l\u00e8bre pour son approche innovante des paiements en ligne. Leur plateforme conviviale est con\u00e7ue pour offrir une exp\u00e9rience de paiement sans tracas et s\u00e9curis\u00e9e tant pour les organisations \u00e0 but non lucratif que pour les supporters.<\/p>\n<p><strong>Comment Commencer :<\/strong> Pour commencer \u00e0 utiliser la Passerelle de Paiement Razorpay pour GiveWP, suivez ces \u00e9tapes :<\/p>\n<ol>\n<li><strong><a href=\"https:\/\/razorpay.com\/\" target=\"_new\" rel=\"noopener\">Cr\u00e9ez un Compte de Test\/Sandbox Razorpay<\/a><\/strong> : Commencez par configurer un compte de test Razorpay, vous permettant d&rsquo;exp\u00e9rimenter les paiements dans un environnement contr\u00f4l\u00e9.<\/li>\n<li><strong>R\u00e9gler les Transactions de Test<\/strong> : Apprenez comment r\u00e9gler les transactions de test et comprenez le processus pour de vrais dons.<\/li>\n<li>Plugin GiveWP<\/li>\n<\/ol>\n<p>Ne manquez pas l&rsquo;opportunit\u00e9 d&rsquo;am\u00e9liorer vos efforts de collecte de fonds. Portez vos dons en ligne vers le niveau sup\u00e9rieur avec la Passerelle de Paiement Razorpay pour GiveWP. Elle rationalise le processus de don, inspire la confiance des supporters et amplifie le succ\u00e8s de vos campagnes de collecte de fonds. Lancez-vous d\u00e8s maintenant et d\u00e9couvrez les avantages des dons en ligne sans tracas.<\/p>\n<p>Pr\u00eat \u00e0 \u00e9lever vos efforts de collecte de fonds ? T\u00e9l\u00e9chargez la Passerelle de Paiement Razorpay pour GiveWP et commencez \u00e0 accepter des dons en toute confiance.<\/p>\n<div class=\"cl-preview-section\">\n<h4 id=\"disclaimer\">Avertissement<\/h4>\n<\/div>\n<div class=\"cl-preview-section\">\n<p>Toutes les transactions sont trait\u00e9es de mani\u00e8re s\u00e9curis\u00e9e sur la plateforme RazorPay, garantissant les plus hauts niveaux de s\u00e9curit\u00e9 et de conformit\u00e9.<\/p>\n<\/div>\n","protected":false},"excerpt":{"rendered":"<p>Integrate Razorpay Gateway for GiveWP<\/p>\n","protected":false},"featured_media":2098,"comment_status":"open","ping_status":"closed","template":"","meta":{"_acf_changed":false},"product_cat":[87],"product_tag":[179],"class_list":{"0":"post-2097","1":"product","2":"type-product","3":"status-publish","4":"has-post-thumbnail","6":"product_cat-wpgive","7":"product_tag-razorpay","9":"first","10":"instock","11":"shipping-taxable","12":"purchasable","13":"product-type-simple"},"acf":[],"_links":{"self":[{"href":"https:\/\/wpayo.com\/fr\/wp-json\/wp\/v2\/product\/2097","targetHints":{"allow":["GET"]}}],"collection":[{"href":"https:\/\/wpayo.com\/fr\/wp-json\/wp\/v2\/product"}],"about":[{"href":"https:\/\/wpayo.com\/fr\/wp-json\/wp\/v2\/types\/product"}],"replies":[{"embeddable":true,"href":"https:\/\/wpayo.com\/fr\/wp-json\/wp\/v2\/comments?post=2097"}],"wp:featuredmedia":[{"embeddable":true,"href":"https:\/\/wpayo.com\/fr\/wp-json\/wp\/v2\/media\/2098"}],"wp:attachment":[{"href":"https:\/\/wpayo.com\/fr\/wp-json\/wp\/v2\/media?parent=2097"}],"wp:term":[{"taxonomy":"product_cat","embeddable":true,"href":"https:\/\/wpayo.com\/fr\/wp-json\/wp\/v2\/product_cat?post=2097"},{"taxonomy":"product_tag","embeddable":true,"href":"https:\/\/wpayo.com\/fr\/wp-json\/wp\/v2\/product_tag?post=2097"}],"curies":[{"name":"wp","href":"https:\/\/api.w.org\/{rel}","templated":true}]}}