{"id":2100,"date":"2024-01-17T11:30:54","date_gmt":"2024-01-17T11:30:54","guid":{"rendered":"https:\/\/wpayo.com\/fr\/?post_type=product&#038;p=2100"},"modified":"2024-01-17T11:30:55","modified_gmt":"2024-01-17T11:30:55","slug":"nmi-payment-gateway-givewp","status":"publish","type":"product","link":"https:\/\/wpayo.com\/fr\/paiement-gateway\/nmi-payment-gateway-givewp\/","title":{"rendered":"NMI payment gateway pour GiveWP"},"content":{"rendered":"<p>Am\u00e9liorez votre exp\u00e9rience de don en ligne avec la <strong>Passerelle de Paiement NMI pour GiveWP<\/strong>. Cette extension essentielle int\u00e8gre de mani\u00e8re transparente NMI, une passerelle de paiement fiable et polyvalente, dans votre syst\u00e8me de dons, assurant un processus s\u00e9curis\u00e9 et convivial pour vos supporters.<\/p>\n<p><strong>Pourquoi Vous Avez Besoin de la Passerelle de Paiement NMI pour GiveWP :<\/strong><\/p>\n<ul>\n<li><strong>Don Simplifi\u00e9 :<\/strong> Rationalisez le processus de don, offrant une exp\u00e9rience sans couture \u00e0 vos supporters.<\/li>\n<li><strong>S\u00e9curit\u00e9 Robuste :<\/strong> Faites confiance aux fonctionnalit\u00e9s de s\u00e9curit\u00e9 avanc\u00e9es de NMI, prot\u00e9geant toutes les transactions de dons et pr\u00e9servant les donn\u00e9es sensibles des supporters.<\/li>\n<li><strong>Diversit\u00e9 des Paiements :<\/strong> Acceptez une large gamme de m\u00e9thodes de paiement, des cartes de cr\u00e9dit\/d\u00e9bit aux ch\u00e8ques \u00e9lectroniques, pour accommoder une base de supporters diversifi\u00e9e.<\/li>\n<li><strong>Contribution Mondiale :<\/strong> \u00c9largissez votre port\u00e9e \u00e0 l&rsquo;\u00e9chelle internationale en acceptant des paiements dans plusieurs devises, offrant ainsi une commodit\u00e9 aux supporters du monde entier.<\/li>\n<li><strong>Informations Compl\u00e8tes :<\/strong> Restez organis\u00e9 et prenez des d\u00e9cisions \u00e9clair\u00e9es gr\u00e2ce \u00e0 des outils de rapports d\u00e9taill\u00e9s, vous aidant \u00e0 surveiller et optimiser vos efforts de collecte de fonds.<\/li>\n<\/ul>\n<p><strong>D\u00e9couvrez NMI :<\/strong> NMI est un fournisseur de passerelles de paiement bien consid\u00e9r\u00e9, connu pour sa fiabilit\u00e9 et sa polyvalence. Leur plateforme est con\u00e7ue pour offrir une exp\u00e9rience de paiement s\u00e9curis\u00e9e et sans faille aux organisations \u00e0 but non lucratif et \u00e0 leurs supporters.<\/p>\n<p><strong>Comment Commencer :<\/strong> Pour commencer \u00e0 utiliser la Passerelle de Paiement NMI pour GiveWP, suivez ces \u00e9tapes :<\/p>\n<ol>\n<li><strong><a href=\"https:\/\/www.nmi.com\/\" target=\"_new\" rel=\"noopener\">Inscrivez-vous pour un Compte NMI<\/a><\/strong> : Commencez par cr\u00e9er un compte NMI, acc\u00e9dant \u00e0 leurs puissants services de passerelle de paiement.<\/li>\n<li><strong>Configuration<\/strong> : Configurez l&rsquo;addon pour int\u00e9grer de mani\u00e8re transparente NMI dans votre syst\u00e8me de dons GiveWP.<\/li>\n<li>Plugin GiveWP<\/li>\n<\/ol>\n<p>Ne manquez pas l&rsquo;opportunit\u00e9 d&rsquo;am\u00e9liorer vos efforts de collecte de fonds. Portez vos dons en ligne vers le niveau sup\u00e9rieur avec la Passerelle de Paiement NMI pour GiveWP. Elle rationalise le processus de don, inspire confiance aux supporters et amplifie le succ\u00e8s de vos campagnes de collecte de fonds. Lancez-vous d\u00e8s maintenant et d\u00e9couvrez les avantages des dons en ligne sans tracas.<\/p>\n<p>Pr\u00eat \u00e0 am\u00e9liorer vos efforts de collecte de fonds ? T\u00e9l\u00e9chargez la Passerelle de Paiement NMI pour GiveWP et commencez \u00e0 accepter des dons en toute confiance.<\/p>\n<div class=\"cl-preview-section\">\n<h4 id=\"disclaimer\">Avertissement<\/h4>\n<\/div>\n<div class=\"cl-preview-section\">\n<p>Toutes les transactions sont trait\u00e9es de mani\u00e8re s\u00e9curis\u00e9e sur la plateforme NMI, garantissant les plus hauts niveaux de s\u00e9curit\u00e9 et de conformit\u00e9.\n<\/p><\/div>\n","protected":false},"excerpt":{"rendered":"<p>Integrate NMI Gateway for GiveWP<\/p>\n","protected":false},"featured_media":2101,"comment_status":"open","ping_status":"closed","template":"","meta":{"_acf_changed":false},"product_cat":[87],"product_tag":[167],"class_list":{"0":"post-2100","1":"product","2":"type-product","3":"status-publish","4":"has-post-thumbnail","6":"product_cat-wpgive","7":"product_tag-nmi","9":"first","10":"instock","11":"shipping-taxable","12":"purchasable","13":"product-type-simple"},"acf":[],"_links":{"self":[{"href":"https:\/\/wpayo.com\/fr\/wp-json\/wp\/v2\/product\/2100","targetHints":{"allow":["GET"]}}],"collection":[{"href":"https:\/\/wpayo.com\/fr\/wp-json\/wp\/v2\/product"}],"about":[{"href":"https:\/\/wpayo.com\/fr\/wp-json\/wp\/v2\/types\/product"}],"replies":[{"embeddable":true,"href":"https:\/\/wpayo.com\/fr\/wp-json\/wp\/v2\/comments?post=2100"}],"wp:featuredmedia":[{"embeddable":true,"href":"https:\/\/wpayo.com\/fr\/wp-json\/wp\/v2\/media\/2101"}],"wp:attachment":[{"href":"https:\/\/wpayo.com\/fr\/wp-json\/wp\/v2\/media?parent=2100"}],"wp:term":[{"taxonomy":"product_cat","embeddable":true,"href":"https:\/\/wpayo.com\/fr\/wp-json\/wp\/v2\/product_cat?post=2100"},{"taxonomy":"product_tag","embeddable":true,"href":"https:\/\/wpayo.com\/fr\/wp-json\/wp\/v2\/product_tag?post=2100"}],"curies":[{"name":"wp","href":"https:\/\/api.w.org\/{rel}","templated":true}]}}