{"id":2102,"date":"2024-01-17T11:30:53","date_gmt":"2024-01-17T11:30:53","guid":{"rendered":"https:\/\/wpayo.com\/fr\/?post_type=product&#038;p=2102"},"modified":"2024-01-17T11:30:54","modified_gmt":"2024-01-17T11:30:54","slug":"nmi-payment-gateway-easy-digital-downloads","status":"publish","type":"product","link":"https:\/\/wpayo.com\/fr\/paiement-gateway\/nmi-payment-gateway-easy-digital-downloads\/","title":{"rendered":"NMI payment gateway pour Easy Digital Downloads"},"content":{"rendered":"<p>Boostez vos ventes num\u00e9riques avec la <strong>Passerelle de Paiement NMI pour Easy Digital Downloads<\/strong>. Ce plugin essentiel int\u00e8gre de mani\u00e8re transparente NMI, une passerelle de paiement fiable et adaptable, dans votre syst\u00e8me de vente de produits num\u00e9riques, offrant une exp\u00e9rience s\u00e9curis\u00e9e et conviviale pour vos clients.<\/p>\n<h3><strong>Pourquoi Choisir la Passerelle de Paiement NMI pour Easy Digital Downloads :<\/strong><\/h3>\n<ul>\n<li><strong>Transactions Num\u00e9riques Sans Couture :<\/strong> Rationalisez le processus de paiement, assurant une exp\u00e9rience sans tracas pour vos clients.<\/li>\n<li><strong>S\u00e9curit\u00e9 Robuste :<\/strong> Soyez assur\u00e9 avec les fonctionnalit\u00e9s de s\u00e9curit\u00e9 de pointe de NMI, prot\u00e9geant chaque transaction et pr\u00e9servant la confidentialit\u00e9 des donn\u00e9es des clients.<\/li>\n<li><strong>Flexibilit\u00e9 des Paiements :<\/strong> Acceptez une large gamme de m\u00e9thodes de paiement, des cartes de cr\u00e9dit\/d\u00e9bit aux ch\u00e8ques \u00e9lectroniques, pour r\u00e9pondre \u00e0 une base de clients diversifi\u00e9e.<\/li>\n<li><strong>Ventes Num\u00e9riques Mondiales :<\/strong> \u00c9largissez votre port\u00e9e \u00e0 l&rsquo;\u00e9chelle internationale en acceptant des paiements dans plusieurs devises, facilitant les transactions internationales.<\/li>\n<li><strong>Analyses Compl\u00e8tes :<\/strong> Restez organis\u00e9 et prenez des d\u00e9cisions \u00e9clair\u00e9es gr\u00e2ce \u00e0 des outils de rapports d\u00e9taill\u00e9s, vous permettant de surveiller et d&rsquo;optimiser vos ventes num\u00e9riques.<\/li>\n<\/ul>\n<p><strong>D\u00e9couvrez NMI :<\/strong> NMI est un fournisseur respect\u00e9 de passerelles de paiement c\u00e9l\u00e9br\u00e9 pour sa fiabilit\u00e9 et son adaptabilit\u00e9. Leur plateforme est con\u00e7ue pour offrir une exp\u00e9rience de paiement s\u00e9curis\u00e9e et sans faille aux entreprises et aux clients.<\/p>\n<p><strong>Comment Commencer :<\/strong> Pour commencer \u00e0 utiliser la Passerelle de Paiement NMI pour Easy Digital Downloads, suivez ces \u00e9tapes :<\/p>\n<ol>\n<li><strong><a href=\"https:\/\/www.nmi.com\/\" target=\"_new\" rel=\"noopener\">Inscrivez-vous pour un Compte NMI<\/a><\/strong> : Commencez par cr\u00e9er un compte NMI pour acc\u00e9der \u00e0 leurs puissants services de passerelle de paiement.<\/li>\n<li><strong>Configuration<\/strong> : Configurez l&rsquo;addon pour int\u00e9grer de mani\u00e8re transparente NMI dans votre syst\u00e8me Easy Digital Downloads.<\/li>\n<li>Plugin Easy Digital Downloads<\/li>\n<\/ol>\n<p>Ne manquez pas l&rsquo;opportunit\u00e9 d&rsquo;am\u00e9liorer vos ventes num\u00e9riques. Portez votre distribution de produits en ligne vers le niveau sup\u00e9rieur avec la Passerelle de Paiement NMI pour Easy Digital Downloads. Rationalisez le processus de paiement, inspirez la confiance des clients et amplifiez le succ\u00e8s de vos ventes num\u00e9riques. Lancez-vous d\u00e8s maintenant et d\u00e9couvrez les avantages des ventes en ligne sans tracas.<\/p>\n<p>Pr\u00eat \u00e0 \u00e9lever vos ventes de produits num\u00e9riques ? T\u00e9l\u00e9chargez la Passerelle de Paiement NMI pour Easy Digital Downloads et commencez \u00e0 accepter des paiements en toute confiance.<\/p>\n<div class=\"cl-preview-section\">\n<h4 id=\"disclaimer\">Avertissement<\/h4>\n<\/div>\n<div class=\"cl-preview-section\">\n<p>Toutes les transactions sont trait\u00e9es de mani\u00e8re s\u00e9curis\u00e9e sur la plateforme NMI, garantissant les plus hauts niveaux de s\u00e9curit\u00e9 et de conformit\u00e9.\n<\/p><\/div>\n","protected":false},"excerpt":{"rendered":"<p>Integrate NMI Gateway for Easy Digital Downloads<\/p>\n","protected":false},"featured_media":2103,"comment_status":"open","ping_status":"closed","template":"","meta":{"_acf_changed":false},"product_cat":[48],"product_tag":[167],"class_list":{"0":"post-2102","1":"product","2":"type-product","3":"status-publish","4":"has-post-thumbnail","6":"product_cat-easy-digital-downloads","7":"product_tag-nmi","9":"first","10":"instock","11":"shipping-taxable","12":"purchasable","13":"product-type-simple"},"acf":[],"_links":{"self":[{"href":"https:\/\/wpayo.com\/fr\/wp-json\/wp\/v2\/product\/2102","targetHints":{"allow":["GET"]}}],"collection":[{"href":"https:\/\/wpayo.com\/fr\/wp-json\/wp\/v2\/product"}],"about":[{"href":"https:\/\/wpayo.com\/fr\/wp-json\/wp\/v2\/types\/product"}],"replies":[{"embeddable":true,"href":"https:\/\/wpayo.com\/fr\/wp-json\/wp\/v2\/comments?post=2102"}],"wp:featuredmedia":[{"embeddable":true,"href":"https:\/\/wpayo.com\/fr\/wp-json\/wp\/v2\/media\/2103"}],"wp:attachment":[{"href":"https:\/\/wpayo.com\/fr\/wp-json\/wp\/v2\/media?parent=2102"}],"wp:term":[{"taxonomy":"product_cat","embeddable":true,"href":"https:\/\/wpayo.com\/fr\/wp-json\/wp\/v2\/product_cat?post=2102"},{"taxonomy":"product_tag","embeddable":true,"href":"https:\/\/wpayo.com\/fr\/wp-json\/wp\/v2\/product_tag?post=2102"}],"curies":[{"name":"wp","href":"https:\/\/api.w.org\/{rel}","templated":true}]}}