{"id":2107,"date":"2024-01-17T11:30:51","date_gmt":"2024-01-17T11:30:51","guid":{"rendered":"https:\/\/wpayo.com\/fr\/?post_type=product&#038;p=2107"},"modified":"2024-01-17T11:30:52","modified_gmt":"2024-01-17T11:30:52","slug":"nmi-payment-gateway-ninjaforms","status":"publish","type":"product","link":"https:\/\/wpayo.com\/fr\/paiement-gateway\/nmi-payment-gateway-ninjaforms\/","title":{"rendered":"NMI payment gateway pour NinjaForms"},"content":{"rendered":"<p><strong>Modernisez vos formulaires avec la Passerelle de Paiement NMI pour Ninja Forms.<\/strong> Cette extension essentielle int\u00e8gre de mani\u00e8re transparente NMI, une passerelle de paiement fiable et polyvalente, dans vos soumissions de formulaires, facilitant les paiements s\u00e9curis\u00e9s pour vos utilisateurs lors de la soumission de formulaires.<\/p>\n<p><strong>Pourquoi Opter pour la Passerelle de Paiement NMI pour Ninja Forms :<\/strong><\/p>\n<ul>\n<li><strong>Paiements Sans Couture :<\/strong> Simplifiez le processus de paiement au sein de vos formulaires, offrant une exp\u00e9rience de paiement sans faille pour vos utilisateurs.<\/li>\n<li><strong>S\u00e9curit\u00e9 Avanc\u00e9e :<\/strong> Reposez-vous sur les fonctionnalit\u00e9s de s\u00e9curit\u00e9 avanc\u00e9es de NMI pour prot\u00e9ger toutes les transactions de paiement, assurant la confidentialit\u00e9 des donn\u00e9es utilisateur sensibles.<\/li>\n<li><strong>Polyvalence des Paiements :<\/strong> Acceptez une vari\u00e9t\u00e9 de m\u00e9thodes de paiement, des cartes de cr\u00e9dit\/d\u00e9bit aux ch\u00e8ques \u00e9lectroniques, pour r\u00e9pondre \u00e0 une base d&rsquo;utilisateurs diversifi\u00e9e.<\/li>\n<li><strong>Support de Paiement Mondial :<\/strong> \u00c9largissez votre port\u00e9e \u00e0 l&rsquo;\u00e9chelle internationale en proposant des paiements dans plusieurs devises, facilitant ainsi les transactions internationales.<\/li>\n<li><strong>Analyses Compl\u00e8tes :<\/strong> Restez organis\u00e9 et prenez des d\u00e9cisions \u00e9clair\u00e9es avec des fonctionnalit\u00e9s de rapports d\u00e9taill\u00e9s vous permettant de suivre vos paiements en ligne.<\/li>\n<\/ul>\n<p><strong>D\u00e9couvrez NMI :<\/strong> NMI est un fournisseur respect\u00e9 de passerelles de paiement connu pour sa fiabilit\u00e9 et son adaptabilit\u00e9. Leur plateforme est con\u00e7ue pour offrir une exp\u00e9rience de paiement s\u00e9curis\u00e9e et sans faille aux entreprises et aux utilisateurs.<\/p>\n<p><strong>Comment Commencer :<\/strong> Pour commencer \u00e0 utiliser la Passerelle de Paiement NMI pour Ninja Forms, suivez ces \u00e9tapes :<\/p>\n<ol>\n<li><strong><a href=\"https:\/\/www.nmi.com\/\" target=\"_new\" rel=\"noopener\">Inscrivez-vous pour un Compte NMI<\/a><\/strong> : Commencez par cr\u00e9er un compte NMI pour acc\u00e9der \u00e0 leurs puissants services de passerelle de paiement.<\/li>\n<li><strong>Configuration<\/strong> : Configurez l&rsquo;addon pour int\u00e9grer de mani\u00e8re transparente NMI dans votre syst\u00e8me Ninja Forms.<\/li>\n<li>Plugin Ninja Forms<\/li>\n<\/ol>\n<p>Ne manquez pas l&rsquo;opportunit\u00e9 d&rsquo;am\u00e9liorer vos soumissions de formulaires avec des options de paiement s\u00e9curis\u00e9es. Portez vos formulaires au niveau sup\u00e9rieur avec la Passerelle de Paiement NMI pour Ninja Forms. Rationalisez le processus de paiement, inspirez la confiance des utilisateurs et amplifiez le succ\u00e8s de vos formulaires en ligne. Lancez-vous d\u00e8s maintenant et d\u00e9couvrez les avantages de paiements en ligne sans tracas.<\/p>\n<p>Pr\u00eat \u00e0 \u00e9lever vos soumissions de formulaires ? T\u00e9l\u00e9chargez la Passerelle de Paiement NMI pour Ninja Forms et commencez \u00e0 accepter des paiements en toute confiance.<\/p>\n<div class=\"cl-preview-section\">\n<h4 id=\"disclaimer\">Avertissement<\/h4>\n<\/div>\n<div class=\"cl-preview-section\">\n<p>Toutes les transactions sont trait\u00e9es de mani\u00e8re s\u00e9curis\u00e9e sur la plateforme NMI, garantissant les plus hauts niveaux de s\u00e9curit\u00e9 et de conformit\u00e9.\n<\/p><\/div>\n","protected":false},"excerpt":{"rendered":"<p>Integrate NMI Gateway for NinjaForms<\/p>\n","protected":false},"featured_media":2108,"comment_status":"open","ping_status":"closed","template":"","meta":{"_acf_changed":false},"product_cat":[52],"product_tag":[167],"class_list":{"0":"post-2107","1":"product","2":"type-product","3":"status-publish","4":"has-post-thumbnail","6":"product_cat-ninja-forms","7":"product_tag-nmi","9":"first","10":"instock","11":"shipping-taxable","12":"purchasable","13":"product-type-simple"},"acf":[],"_links":{"self":[{"href":"https:\/\/wpayo.com\/fr\/wp-json\/wp\/v2\/product\/2107","targetHints":{"allow":["GET"]}}],"collection":[{"href":"https:\/\/wpayo.com\/fr\/wp-json\/wp\/v2\/product"}],"about":[{"href":"https:\/\/wpayo.com\/fr\/wp-json\/wp\/v2\/types\/product"}],"replies":[{"embeddable":true,"href":"https:\/\/wpayo.com\/fr\/wp-json\/wp\/v2\/comments?post=2107"}],"wp:featuredmedia":[{"embeddable":true,"href":"https:\/\/wpayo.com\/fr\/wp-json\/wp\/v2\/media\/2108"}],"wp:attachment":[{"href":"https:\/\/wpayo.com\/fr\/wp-json\/wp\/v2\/media?parent=2107"}],"wp:term":[{"taxonomy":"product_cat","embeddable":true,"href":"https:\/\/wpayo.com\/fr\/wp-json\/wp\/v2\/product_cat?post=2107"},{"taxonomy":"product_tag","embeddable":true,"href":"https:\/\/wpayo.com\/fr\/wp-json\/wp\/v2\/product_tag?post=2107"}],"curies":[{"name":"wp","href":"https:\/\/api.w.org\/{rel}","templated":true}]}}