{"id":2110,"date":"2024-01-17T11:30:50","date_gmt":"2024-01-17T11:30:50","guid":{"rendered":"https:\/\/wpayo.com\/fr\/?post_type=product&#038;p=2110"},"modified":"2024-01-17T11:30:51","modified_gmt":"2024-01-17T11:30:51","slug":"nmi-payment-gateway-membership-pro","status":"publish","type":"product","link":"https:\/\/wpayo.com\/fr\/paiement-gateway\/nmi-payment-gateway-membership-pro\/","title":{"rendered":"NMI payment gateway pour Membership Pro"},"content":{"rendered":"<p><strong>Rehaussez votre plateforme d&rsquo;adh\u00e9sion avec la Passerelle de Paiement NMI pour Ultimate Membership Pro.<\/strong> Cette extension cruciale int\u00e8gre de mani\u00e8re transparente NMI, une passerelle de paiement fiable et polyvalente, dans votre syst\u00e8me d&rsquo;adh\u00e9sion, facilitant les abonnements et les paiements s\u00e9curis\u00e9s pour vos utilisateurs.<\/p>\n<h3><strong>Pourquoi Opter pour la Passerelle de Paiement NMI pour Ultimate Membership Pro :<\/strong><\/h3>\n<ul>\n<li><strong>Abonnements Sans Effort :<\/strong> Simplifiez le processus d&rsquo;abonnement, offrant une exp\u00e9rience sans faille pour vos utilisateurs.<\/li>\n<li><strong>S\u00e9curit\u00e9 Avanc\u00e9e :<\/strong> Reposez-vous sur les fonctionnalit\u00e9s de s\u00e9curit\u00e9 avanc\u00e9es de NMI pour prot\u00e9ger toutes les transactions d&rsquo;abonnement, assurant la confidentialit\u00e9 des donn\u00e9es utilisateur sensibles.<\/li>\n<li><strong>Polyvalence des Paiements :<\/strong> Acceptez une vari\u00e9t\u00e9 de m\u00e9thodes de paiement, des cartes de cr\u00e9dit\/d\u00e9bit aux ch\u00e8ques \u00e9lectroniques, pour r\u00e9pondre \u00e0 une base d&rsquo;utilisateurs diversifi\u00e9e.<\/li>\n<li><strong>Adh\u00e9sion Globale :<\/strong> \u00c9largissez votre port\u00e9e \u00e0 l&rsquo;\u00e9chelle internationale en proposant des paiements dans plusieurs devises, facilitant ainsi les abonnements internationaux.<\/li>\n<li><strong>Rapports Complets :<\/strong> Restez organis\u00e9 et prenez des d\u00e9cisions \u00e9clair\u00e9es avec des fonctionnalit\u00e9s de rapports d\u00e9taill\u00e9s vous permettant de suivre vos revenus d&rsquo;adh\u00e9sion.<\/li>\n<\/ul>\n<p><strong>D\u00e9couvrez NMI :<\/strong> NMI est un fournisseur respect\u00e9 de passerelles de paiement connu pour sa fiabilit\u00e9 et son adaptabilit\u00e9. Leur plateforme est con\u00e7ue pour offrir une exp\u00e9rience de paiement s\u00e9curis\u00e9e et sans faille aux entreprises et aux utilisateurs.<\/p>\n<p><strong>Comment Commencer :<\/strong> Pour commencer \u00e0 utiliser la Passerelle de Paiement NMI pour Ultimate Membership Pro, suivez ces \u00e9tapes :<\/p>\n<ol>\n<li><strong><a href=\"https:\/\/www.nmi.com\/\" target=\"_new\" rel=\"noopener\">Inscrivez-vous pour un Compte NMI<\/a><\/strong> : Commencez par cr\u00e9er un compte NMI pour acc\u00e9der \u00e0 leurs puissants services de passerelle de paiement.<\/li>\n<li><strong>Configuration<\/strong> : Configurez l&rsquo;addon pour int\u00e9grer de mani\u00e8re transparente NMI dans votre syst\u00e8me Ultimate Membership Pro.<\/li>\n<li>Plugin Ultimate Membership Pro<\/li>\n<\/ol>\n<p>Ne manquez pas l&rsquo;opportunit\u00e9 d&rsquo;am\u00e9liorer votre plateforme d&rsquo;adh\u00e9sion. Portez votre syst\u00e8me d&rsquo;abonnement au niveau sup\u00e9rieur avec la Passerelle de Paiement NMI pour Ultimate Membership Pro. Rationalisez le processus de paiement, inspirez la confiance des utilisateurs et amplifiez le succ\u00e8s de votre programme d&rsquo;adh\u00e9sion. Lancez-vous d\u00e8s maintenant et d\u00e9couvrez les avantages des abonnements en ligne sans tracas.<\/p>\n<p>Pr\u00eat \u00e0 rehausser votre plateforme d&rsquo;adh\u00e9sion ? T\u00e9l\u00e9chargez la Passerelle de Paiement NMI pour Ultimate Membership Pro et commencez \u00e0 accepter des paiements en toute confiance.<\/p>\n<div class=\"cl-preview-section\">\n<h4 id=\"disclaimer\">Avertissement<\/h4>\n<\/div>\n<div class=\"cl-preview-section\">\n<p>Toutes les transactions sont trait\u00e9es de mani\u00e8re s\u00e9curis\u00e9e sur la plateforme NMI, garantissant les plus hauts niveaux de s\u00e9curit\u00e9 et de conformit\u00e9.\n<\/p><\/div>\n","protected":false},"excerpt":{"rendered":"<p>Integrate\u00a0 NMI Gateway for Ultimate Membership Pro<\/p>\n","protected":false},"featured_media":2111,"comment_status":"open","ping_status":"closed","template":"","meta":{"_acf_changed":false},"product_cat":[78],"product_tag":[167],"class_list":{"0":"post-2110","1":"product","2":"type-product","3":"status-publish","4":"has-post-thumbnail","6":"product_cat-ultimate-membership-pro","7":"product_tag-nmi","9":"first","10":"instock","11":"shipping-taxable","12":"purchasable","13":"product-type-simple"},"acf":[],"_links":{"self":[{"href":"https:\/\/wpayo.com\/fr\/wp-json\/wp\/v2\/product\/2110","targetHints":{"allow":["GET"]}}],"collection":[{"href":"https:\/\/wpayo.com\/fr\/wp-json\/wp\/v2\/product"}],"about":[{"href":"https:\/\/wpayo.com\/fr\/wp-json\/wp\/v2\/types\/product"}],"replies":[{"embeddable":true,"href":"https:\/\/wpayo.com\/fr\/wp-json\/wp\/v2\/comments?post=2110"}],"wp:featuredmedia":[{"embeddable":true,"href":"https:\/\/wpayo.com\/fr\/wp-json\/wp\/v2\/media\/2111"}],"wp:attachment":[{"href":"https:\/\/wpayo.com\/fr\/wp-json\/wp\/v2\/media?parent=2110"}],"wp:term":[{"taxonomy":"product_cat","embeddable":true,"href":"https:\/\/wpayo.com\/fr\/wp-json\/wp\/v2\/product_cat?post=2110"},{"taxonomy":"product_tag","embeddable":true,"href":"https:\/\/wpayo.com\/fr\/wp-json\/wp\/v2\/product_tag?post=2110"}],"curies":[{"name":"wp","href":"https:\/\/api.w.org\/{rel}","templated":true}]}}