{"id":2113,"date":"2024-01-17T11:30:49","date_gmt":"2024-01-17T11:30:49","guid":{"rendered":"https:\/\/wpayo.com\/fr\/?post_type=product&#038;p=2113"},"modified":"2024-01-17T11:30:50","modified_gmt":"2024-01-17T11:30:50","slug":"nmi-payment-gateway-events-manager-pro","status":"publish","type":"product","link":"https:\/\/wpayo.com\/fr\/paiement-gateway\/nmi-payment-gateway-events-manager-pro\/","title":{"rendered":"NMI payment gateway pour Events Manager Pro"},"content":{"rendered":"<p>Am\u00e9liorez votre syst\u00e8me de gestion d&rsquo;\u00e9v\u00e9nements avec la passerelle de paiement NMI pour Events Manager Pro. Cette extension essentielle int\u00e8gre de mani\u00e8re transparente NMI, une passerelle de paiement fiable et polyvalente, \u00e0 votre processus de r\u00e9servation et de paiement d&rsquo;\u00e9v\u00e9nements, facilitant ainsi la s\u00e9curisation des billets ou inscriptions de vos clients.<\/p>\n<p><strong>Pourquoi choisir la passerelle de paiement NMI pour Events Manager Pro :<\/strong><\/p>\n<ul>\n<li><strong>R\u00e9servations d&rsquo;\u00e9v\u00e9nements sans couture :<\/strong> Simplifiez le processus de r\u00e9servation et de paiement d&rsquo;\u00e9v\u00e9nements, offrant une exp\u00e9rience fluide et sans tracas pour vos clients.<\/li>\n<li><strong>S\u00e9curit\u00e9 robuste :<\/strong> Comptez sur les fonctionnalit\u00e9s de s\u00e9curit\u00e9 avanc\u00e9es de NMI pour prot\u00e9ger toutes les transactions de paiement, garantissant la confidentialit\u00e9 des donn\u00e9es sensibles des clients.<\/li>\n<li><strong>Diversit\u00e9 des paiements :<\/strong> Acceptez une vari\u00e9t\u00e9 de m\u00e9thodes de paiement, des cartes de cr\u00e9dit\/d\u00e9bit aux ch\u00e8ques \u00e9lectroniques, pour r\u00e9pondre \u00e0 une client\u00e8le diversifi\u00e9e.<\/li>\n<li><strong>Support d&rsquo;\u00e9v\u00e9nements mondial :<\/strong> \u00c9largissez votre port\u00e9e \u00e0 l&rsquo;\u00e9chelle internationale en acceptant des paiements dans plusieurs devises, facilitant ainsi la participation d&rsquo;invit\u00e9s du monde entier.<\/li>\n<li><strong>Analytiques d\u00e9taill\u00e9es :<\/strong> Restez organis\u00e9 et prenez des d\u00e9cisions \u00e9clair\u00e9es gr\u00e2ce \u00e0 des outils de reporting complets qui vous aident \u00e0 suivre vos revenus d&rsquo;\u00e9v\u00e9nements et votre fr\u00e9quentation.<\/li>\n<\/ul>\n<p><strong>Pr\u00e9sentation de NMI :<\/strong> NMI est un prestataire respect\u00e9 de passerelle de paiement connu pour sa fiabilit\u00e9 et son adaptabilit\u00e9. Leur plateforme est con\u00e7ue pour offrir une exp\u00e9rience de paiement s\u00e9curis\u00e9e et transparente tant pour les organisateurs d&rsquo;\u00e9v\u00e9nements que pour les participants.<\/p>\n<p><strong>Comment commencer :<\/strong> Pour commencer \u00e0 utiliser la passerelle de paiement NMI pour Events Manager Pro, suivez ces \u00e9tapes :<\/p>\n<ol>\n<li><strong><a href=\"https:\/\/www.nmi.com\/\" target=\"_new\" rel=\"noopener\">Inscrivez-vous pour un compte NMI<\/a><\/strong> : Commencez par cr\u00e9er un compte NMI pour acc\u00e9der \u00e0 leurs services robustes de passerelle de paiement.<\/li>\n<li><strong>Configuration<\/strong> : Configurez l&rsquo;extension pour int\u00e9grer de mani\u00e8re transparente NMI dans votre syst\u00e8me Events Manager Pro.<\/li>\n<li>Events Manager Pro<\/li>\n<\/ol>\n<p>Ne manquez pas l&rsquo;opportunit\u00e9 d&rsquo;am\u00e9liorer votre gestion d&rsquo;\u00e9v\u00e9nements. Faites passer vos r\u00e9servations d&rsquo;\u00e9v\u00e9nements au niveau sup\u00e9rieur avec la passerelle de paiement NMI pour Events Manager Pro. Simplifiez le processus de paiement, inspirez la confiance des clients et augmentez le succ\u00e8s de vos \u00e9v\u00e9nements. Lancez-vous d\u00e8s maintenant et d\u00e9couvrez les avantages d&rsquo;une gestion d&rsquo;\u00e9v\u00e9nements en ligne sans tracas.<\/p>\n<p>Pr\u00eat \u00e0 \u00e9lever vos r\u00e9servations d&rsquo;\u00e9v\u00e9nements ? T\u00e9l\u00e9chargez la passerelle de paiement NMI pour Events Manager Pro et commencez \u00e0 accepter les paiements en toute confiance.<\/p>\n<div class=\"cl-preview-section\">\n<h4 id=\"disclaimer\">Clause de non-responsabilit\u00e9<\/h4>\n<\/div>\n<div class=\"cl-preview-section\">\n    Toutes les transactions sont trait\u00e9es de mani\u00e8re s\u00e9curis\u00e9e sur la plateforme NMI, garantissant les plus hauts niveaux de s\u00e9curit\u00e9 et de conformit\u00e9.\n<\/div>\n","protected":false},"excerpt":{"rendered":"<p>Integrate\u00a0 NMI Gateway for Events Manager Pro<\/p>\n","protected":false},"featured_media":2114,"comment_status":"open","ping_status":"closed","template":"","meta":{"_acf_changed":false},"product_cat":[116],"product_tag":[167],"class_list":{"0":"post-2113","1":"product","2":"type-product","3":"status-publish","4":"has-post-thumbnail","6":"product_cat-events-manager-pro","7":"product_tag-nmi","9":"first","10":"instock","11":"shipping-taxable","12":"purchasable","13":"product-type-simple"},"acf":[],"_links":{"self":[{"href":"https:\/\/wpayo.com\/fr\/wp-json\/wp\/v2\/product\/2113","targetHints":{"allow":["GET"]}}],"collection":[{"href":"https:\/\/wpayo.com\/fr\/wp-json\/wp\/v2\/product"}],"about":[{"href":"https:\/\/wpayo.com\/fr\/wp-json\/wp\/v2\/types\/product"}],"replies":[{"embeddable":true,"href":"https:\/\/wpayo.com\/fr\/wp-json\/wp\/v2\/comments?post=2113"}],"wp:featuredmedia":[{"embeddable":true,"href":"https:\/\/wpayo.com\/fr\/wp-json\/wp\/v2\/media\/2114"}],"wp:attachment":[{"href":"https:\/\/wpayo.com\/fr\/wp-json\/wp\/v2\/media?parent=2113"}],"wp:term":[{"taxonomy":"product_cat","embeddable":true,"href":"https:\/\/wpayo.com\/fr\/wp-json\/wp\/v2\/product_cat?post=2113"},{"taxonomy":"product_tag","embeddable":true,"href":"https:\/\/wpayo.com\/fr\/wp-json\/wp\/v2\/product_tag?post=2113"}],"curies":[{"name":"wp","href":"https:\/\/api.w.org\/{rel}","templated":true}]}}