{"id":2115,"date":"2024-01-17T11:30:48","date_gmt":"2024-01-17T11:30:48","guid":{"rendered":"https:\/\/wpayo.com\/fr\/?post_type=product&#038;p=2115"},"modified":"2024-01-17T11:30:49","modified_gmt":"2024-01-17T11:30:49","slug":"nmi-payment-gateway-learnpress","status":"publish","type":"product","link":"https:\/\/wpayo.com\/fr\/paiement-gateway\/nmi-payment-gateway-learnpress\/","title":{"rendered":"NMI payment gateway pour LearnPress"},"content":{"rendered":"<p>La passerelle de paiement NMI pour LearnPress est une solution de traitement des paiements efficace et s\u00e9curis\u00e9e pour WordPress. Elle vous permet d&rsquo;accepter des paiements par carte de cr\u00e9dit, carte de d\u00e9bit, Apple Pay et d&rsquo;autres m\u00e9thodes populaires de paiement en ligne. Ce plugin s&rsquo;int\u00e8gre parfaitement avec la plateforme LearnPress. Avec son interface conviviale et ses fonctionnalit\u00e9s intuitives, il facilite le traitement des paiements comme jamais auparavant.<\/p>\n<h3>Qu&rsquo;est-ce que NMI ?<\/h3>\n<p>NMI est une passerelle de paiement en ligne qui offre aux entreprises un moyen s\u00e9curis\u00e9, simple et rentable de traiter les paiements. Elle s&rsquo;int\u00e8gre \u00e0 diverses plates-formes de commerce \u00e9lectronique populaires, dont LearnPress. Avec NMI, les entreprises peuvent accepter des paiements de clients dans diff\u00e9rentes devises et par le biais de plusieurs m\u00e9thodes de paiement. L&rsquo;exp\u00e9rience client est fluide et s\u00e9curis\u00e9e, permettant une finalisation rapide et facile des transactions.<\/p>\n<h3>Passerelle de paiement NMI pour LearnPress &#8211; Fonctionnalit\u00e9s<\/h3>\n<p>La passerelle de paiement NMI pour LearnPress propose une gamme de fonctionnalit\u00e9s qui en font une solution id\u00e9ale pour les entreprises cherchant \u00e0 accepter des paiements de mani\u00e8re s\u00e9curis\u00e9e. Celles-ci comprennent :<\/p>\n<p>    Accepter des paiements par carte de cr\u00e9dit majeure, carte de d\u00e9bit, Apple Pay et d&rsquo;autres m\u00e9thodes de paiement populaires<\/p>\n<p>    Prise en charge de plusieurs devises, notamment USD, GBP, EUR, et plus encore<\/p>\n<p>    Autorisation automatique de toutes les transactions<\/p>\n<p>    Paiements s\u00e9curis\u00e9s avec des outils de protection contre la fraude de pointe<\/p>\n<p>    Compatibilit\u00e9 avec des plates-formes de commerce \u00e9lectronique populaires telles que WooCommerce, Magento, Shopify, et plus encore<\/p>\n<h3>Exigences<\/h3>\n<ul>\n<li>Pour utiliser la passerelle de paiement NMI pour LearnPress, vous aurez besoin d&rsquo;un compte NMI sandbox actif.<\/li>\n<li>Vous pouvez vous inscrire pour un compte d&rsquo;essai gratuit ici : <a href=\"https:\/\/www.nmi.com\/sandbox-accounts\/\" target=\"_blank\" rel=\"nofollow noopener\">https:\/\/www.nmi.com\/sandbox-accounts\/<\/a>.<\/li>\n<li>Pour utiliser le plugin, installez-le simplement sur votre site LearnPress et configurez les param\u00e8tres selon vos besoins.<\/li>\n<li>Vous pourrez ensuite commencer \u00e0 accepter des paiements de clients rapidement et en toute s\u00e9curit\u00e9.<\/li>\n<\/ul>\n<p>La passerelle de paiement NMI pour LearnPress est une solution facile \u00e0 utiliser qui offre aux entreprises une exp\u00e9rience s\u00e9curis\u00e9e de traitement des paiements. Elle prend en charge plusieurs devises, propose des outils de protection contre la fraude et s&rsquo;int\u00e8gre avec des plates-formes de commerce \u00e9lectronique populaires telles que WooCommerce, Magento, Shopify, et plus encore. Avec son interface intuitive et ses fonctionnalit\u00e9s, elle simplifie l&rsquo;acceptation rapide et s\u00e9curis\u00e9e des paiements de clients.<\/p>\n<p>La passerelle de paiement NMI pour LearnPress est con\u00e7ue pour offrir aux entreprises une solution de traitement des paiements efficace et s\u00e9curis\u00e9e. Elle est facile \u00e0 configurer et \u00e0 utiliser, permettant aux entreprises de commencer \u00e0 accepter des paiements de clients en quelques minutes. Le plugin s&rsquo;int\u00e8gre \u00e9galement parfaitement avec des plates-formes de commerce \u00e9lectronique populaires, permettant aux clients de faire des achats rapidement et en toute s\u00e9curit\u00e9. De plus, le plugin prend en charge plusieurs devises, offrant aux clients la possibilit\u00e9 de payer avec leur m\u00e9thode pr\u00e9f\u00e9r\u00e9e. Avec la passerelle de paiement NMI pour LearnPress, les entreprises peuvent accepter des paiements de mani\u00e8re s\u00e9curis\u00e9e et pratique.<\/p>\n<p>Pr\u00eat \u00e0 \u00e9lever vos r\u00e9servations d&rsquo;\u00e9v\u00e9nements ? T\u00e9l\u00e9chargez la passerelle de paiement NMI pour Events Manager Pro et commencez \u00e0 accepter les paiements en toute confiance.<\/p>\n<div class=\"cl-preview-section\">\n<h4 id=\"disclaimer\">Clause de non-responsabilit\u00e9<\/h4>\n<\/div>\n<div class=\"cl-preview-section\">\n    Toutes les transactions sont trait\u00e9es de mani\u00e8re s\u00e9curis\u00e9e sur la plateforme NMI, garantissant les plus hauts niveaux de s\u00e9curit\u00e9 et de conformit\u00e9.\n<\/div>\n","protected":false},"excerpt":{"rendered":"<p>Integrate\u00a0 NMI Gateway for LearnPress<\/p>\n","protected":false},"featured_media":2116,"comment_status":"open","ping_status":"closed","template":"","meta":{"_acf_changed":false},"product_cat":[94],"product_tag":[167],"class_list":{"0":"post-2115","1":"product","2":"type-product","3":"status-publish","4":"has-post-thumbnail","6":"product_cat-learnpress","7":"product_tag-nmi","9":"first","10":"instock","11":"shipping-taxable","12":"purchasable","13":"product-type-simple"},"acf":[],"_links":{"self":[{"href":"https:\/\/wpayo.com\/fr\/wp-json\/wp\/v2\/product\/2115","targetHints":{"allow":["GET"]}}],"collection":[{"href":"https:\/\/wpayo.com\/fr\/wp-json\/wp\/v2\/product"}],"about":[{"href":"https:\/\/wpayo.com\/fr\/wp-json\/wp\/v2\/types\/product"}],"replies":[{"embeddable":true,"href":"https:\/\/wpayo.com\/fr\/wp-json\/wp\/v2\/comments?post=2115"}],"wp:featuredmedia":[{"embeddable":true,"href":"https:\/\/wpayo.com\/fr\/wp-json\/wp\/v2\/media\/2116"}],"wp:attachment":[{"href":"https:\/\/wpayo.com\/fr\/wp-json\/wp\/v2\/media?parent=2115"}],"wp:term":[{"taxonomy":"product_cat","embeddable":true,"href":"https:\/\/wpayo.com\/fr\/wp-json\/wp\/v2\/product_cat?post=2115"},{"taxonomy":"product_tag","embeddable":true,"href":"https:\/\/wpayo.com\/fr\/wp-json\/wp\/v2\/product_tag?post=2115"}],"curies":[{"name":"wp","href":"https:\/\/api.w.org\/{rel}","templated":true}]}}