{"id":2119,"date":"2024-01-17T11:30:45","date_gmt":"2024-01-17T11:30:45","guid":{"rendered":"https:\/\/wpayo.com\/fr\/?post_type=product&#038;p=2119"},"modified":"2024-01-17T11:30:46","modified_gmt":"2024-01-17T11:30:46","slug":"nmi-payment-gateway-bookly-pro","status":"publish","type":"product","link":"https:\/\/wpayo.com\/fr\/paiement-gateway\/nmi-payment-gateway-bookly-pro\/","title":{"rendered":"NMI payment gateway pour Bookly Pro"},"content":{"rendered":"<p>Bookly Pro est un puissant plugin WordPress convivial qui simplifie la gestion des r\u00e9servations et des rendez-vous pour les entreprises. Pour faciliter encore davantage le processus d&rsquo;acceptation des paiements, Bookly Pro s&rsquo;int\u00e8gre d\u00e9sormais \u00e0 la passerelle de paiement NMI. Cela permet aux entreprises d&rsquo;accepter des paiements de clients par carte de cr\u00e9dit, carte de d\u00e9bit, Apple Pay et d&rsquo;autres m\u00e9thodes de paiement populaires. De plus, la passerelle de paiement NMI prend en charge plusieurs devises pour garantir que les clients peuvent effectuer leurs paiements dans la devise de leur choix.<\/p>\n<h3>Qu&rsquo;est-ce que NMI ?<\/h3>\n<p>NMI est une passerelle de paiement en ligne qui offre aux entreprises un moyen fiable et pratique de traiter les paiements. Elle s&rsquo;int\u00e8gre \u00e0 diverses plates-formes de commerce \u00e9lectronique populaires, dont Bookly Pro. Avec NMI, les entreprises peuvent accepter des paiements de clients dans diff\u00e9rentes devises et par le biais de plusieurs m\u00e9thodes de paiement. Les clients b\u00e9n\u00e9ficient d&rsquo;une exp\u00e9rience fluide et s\u00e9curis\u00e9e lors de leurs achats, permettant une finalisation rapide des transactions.<\/p>\n<h3><strong>Pourquoi choisir la passerelle de paiement NMI pour Bookly Pro :<\/strong><\/h3>\n<ul>\n<li><strong>R\u00e9servation sans effort :<\/strong> Simplifiez le processus de r\u00e9servation et de paiement des rendez-vous, garantissant une exp\u00e9rience fluide et conviviale pour vos clients.<\/li>\n<li><strong>S\u00e9curit\u00e9 robuste :<\/strong> Comptez sur les fonctionnalit\u00e9s de s\u00e9curit\u00e9 de pointe de NMI pour prot\u00e9ger toutes les transactions de paiement, assurant la confidentialit\u00e9 des donn\u00e9es sensibles des clients.<\/li>\n<li><strong>Polyvalence des paiements :<\/strong> Acceptez une large gamme de m\u00e9thodes de paiement, des cartes de cr\u00e9dit\/d\u00e9bit aux ch\u00e8ques \u00e9lectroniques, pour r\u00e9pondre \u00e0 une client\u00e8le diversifi\u00e9e.<\/li>\n<li><strong>R\u00e9servation mondiale :<\/strong> \u00c9largissez votre port\u00e9e \u00e0 l&rsquo;\u00e9chelle internationale en acceptant des paiements dans plusieurs devises, facilitant ainsi les r\u00e9servations pour les clients du monde entier.<\/li>\n<li><strong>Rapports complets :<\/strong> Restez organis\u00e9 et prenez des d\u00e9cisions \u00e9clair\u00e9es gr\u00e2ce \u00e0 des outils de reporting d\u00e9taill\u00e9s qui vous aident \u00e0 suivre vos revenus li\u00e9s aux rendez-vous.<\/li>\n<\/ul>\n<p><strong>Comment commencer :<\/strong> Pour commencer \u00e0 utiliser la passerelle de paiement NMI pour Bookly Pro, suivez ces \u00e9tapes :<\/p>\n<ol>\n<li><strong><a href=\"https:\/\/www.nmi.com\/\" target=\"_new\" rel=\"noopener\">Inscrivez-vous pour un compte NMI<\/a><\/strong> : Commencez par cr\u00e9er un compte NMI pour acc\u00e9der \u00e0 leurs puissants services de passerelle de paiement.<\/li>\n<li><strong>Configuration<\/strong> : Configurez l&rsquo;extension pour int\u00e9grer de mani\u00e8re transparente NMI dans votre syst\u00e8me de r\u00e9servation Bookly Pro.<\/li>\n<li>Plugin Bookly Pro<\/li>\n<\/ol>\n<p>Ne manquez pas l&rsquo;opportunit\u00e9 d&rsquo;am\u00e9liorer votre syst\u00e8me de r\u00e9servation. Faites passer vos r\u00e9servations de rendez-vous au niveau sup\u00e9rieur avec la passerelle de paiement NMI pour Bookly Pro. Simplifiez le processus de paiement, inspirez la confiance des clients et augmentez le succ\u00e8s de votre plateforme de r\u00e9servation. Lancez-vous d\u00e8s maintenant et d\u00e9couvrez les avantages d&rsquo;une r\u00e9servation en ligne sans tracas.<\/p>\n<div class=\"cl-preview-section\">\n<h4 id=\"disclaimer\">Clause de non-responsabilit\u00e9<\/h4>\n<\/div>\n<div class=\"cl-preview-section\">Toutes les transactions sont trait\u00e9es de mani\u00e8re s\u00e9curis\u00e9e sur la plateforme NMI, garantissant les plus hauts niveaux de s\u00e9curit\u00e9 et de conformit\u00e9.<\/div>\n","protected":false},"excerpt":{"rendered":"<p>Integrate\u00a0 NMI Gateway for Bookly Pro<\/p>\n","protected":false},"featured_media":2120,"comment_status":"open","ping_status":"closed","template":"","meta":{"_acf_changed":false},"product_cat":[72,127],"product_tag":[167],"class_list":{"0":"post-2119","1":"product","2":"type-product","3":"status-publish","4":"has-post-thumbnail","6":"product_cat-bookly","7":"product_cat-bookly-pro","8":"product_tag-nmi","10":"first","11":"instock","12":"shipping-taxable","13":"purchasable","14":"product-type-simple"},"acf":[],"_links":{"self":[{"href":"https:\/\/wpayo.com\/fr\/wp-json\/wp\/v2\/product\/2119","targetHints":{"allow":["GET"]}}],"collection":[{"href":"https:\/\/wpayo.com\/fr\/wp-json\/wp\/v2\/product"}],"about":[{"href":"https:\/\/wpayo.com\/fr\/wp-json\/wp\/v2\/types\/product"}],"replies":[{"embeddable":true,"href":"https:\/\/wpayo.com\/fr\/wp-json\/wp\/v2\/comments?post=2119"}],"wp:featuredmedia":[{"embeddable":true,"href":"https:\/\/wpayo.com\/fr\/wp-json\/wp\/v2\/media\/2120"}],"wp:attachment":[{"href":"https:\/\/wpayo.com\/fr\/wp-json\/wp\/v2\/media?parent=2119"}],"wp:term":[{"taxonomy":"product_cat","embeddable":true,"href":"https:\/\/wpayo.com\/fr\/wp-json\/wp\/v2\/product_cat?post=2119"},{"taxonomy":"product_tag","embeddable":true,"href":"https:\/\/wpayo.com\/fr\/wp-json\/wp\/v2\/product_tag?post=2119"}],"curies":[{"name":"wp","href":"https:\/\/api.w.org\/{rel}","templated":true}]}}