{"id":2121,"date":"2024-01-17T11:30:44","date_gmt":"2024-01-17T11:30:44","guid":{"rendered":"https:\/\/wpayo.com\/fr\/?post_type=product&#038;p=2121"},"modified":"2024-01-17T11:30:45","modified_gmt":"2024-01-17T11:30:45","slug":"nmi-payment-gateway-awpcp","status":"publish","type":"product","link":"https:\/\/wpayo.com\/fr\/paiement-gateway\/nmi-payment-gateway-awpcp\/","title":{"rendered":"NMI payment gateway pour AWPCP"},"content":{"rendered":"<p><strong>Am\u00e9liorez votre plateforme de petites annonces avec la Passerelle de Paiement NMI pour AWPCP.<\/strong> Cette extension essentielle int\u00e8gre de mani\u00e8re transparente NMI, une passerelle de paiement fiable et polyvalente, dans le processus de cr\u00e9ation de listes d&rsquo;annonces et de paiement, facilitant la cr\u00e9ation d&rsquo;annonces et les paiements s\u00e9curis\u00e9s pour vos utilisateurs.<\/p>\n<p><strong>Pourquoi choisir la Passerelle de Paiement NMI pour AWPCP :<\/strong><\/p>\n<ul>\n<li><strong>Cr\u00e9ation d&rsquo;annonces sans effort :<\/strong> Simplifiez le processus de cr\u00e9ation d&rsquo;annonces et de paiement, garantissant une exp\u00e9rience fluide et conviviale pour vos utilisateurs.<\/li>\n<li><strong>S\u00e9curit\u00e9 robuste :<\/strong> Reposez-vous sur les fonctionnalit\u00e9s de s\u00e9curit\u00e9 avanc\u00e9es de NMI pour prot\u00e9ger toutes les transactions, assurant la confidentialit\u00e9 des donn\u00e9es sensibles des utilisateurs.<\/li>\n<li><strong>Polyvalence des paiements :<\/strong> Acceptez une vari\u00e9t\u00e9 de m\u00e9thodes de paiement, des cartes de cr\u00e9dit\/d\u00e9bit aux ch\u00e8ques \u00e9lectroniques, pour r\u00e9pondre \u00e0 une base d&rsquo;utilisateurs diversifi\u00e9e.<\/li>\n<li><strong>Annonces globales :<\/strong> \u00c9largissez votre port\u00e9e \u00e0 l&rsquo;international en acceptant des paiements dans plusieurs devises, facilitant la vie des utilisateurs du monde entier.<\/li>\n<li><strong>Rapports complets :<\/strong> Restez organis\u00e9 et prenez des d\u00e9cisions \u00e9clair\u00e9es avec des fonctionnalit\u00e9s de rapports d\u00e9taill\u00e9s qui vous aident \u00e0 suivre vos revenus publicitaires.<\/li>\n<\/ul>\n<p><strong>Rencontrez NMI :<\/strong> NMI est un fournisseur respect\u00e9 de passerelles de paiement connu pour sa fiabilit\u00e9 et son adaptabilit\u00e9. Leur plateforme est con\u00e7ue pour offrir une exp\u00e9rience de paiement s\u00e9curis\u00e9e et sans faille aux entreprises et aux utilisateurs.<\/p>\n<p><strong>Pour commencer :<\/strong><\/p>\n<ol>\n<li><strong><a href=\"https:\/\/www.nmi.com\/\" target=\"_new\" rel=\"noopener\">Cr\u00e9ez un compte NMI<\/a><\/strong> : Commencez par cr\u00e9er un compte NMI pour acc\u00e9der \u00e0 leurs puissants services de passerelle de paiement.<\/li>\n<li><strong>Configuration :<\/strong> Configurez et param\u00e9trez l&rsquo;extension pour int\u00e9grer NMI de mani\u00e8re transparente dans votre syst\u00e8me de liste d&rsquo;annonces AWPCP.<\/li>\n<li><strong>Plugin AWPCP :<\/strong> Installez le plugin AWPCP.<\/li>\n<\/ol>\n<p>Ne manquez pas l&rsquo;opportunit\u00e9 d&rsquo;am\u00e9liorer votre plateforme de petites annonces. Propulsez vos annonces \u00e0 un niveau sup\u00e9rieur avec la Passerelle de Paiement NMI pour AWPCP. Simplifiez le processus de paiement, inspirez la confiance des utilisateurs et augmentez le succ\u00e8s de vos annonces. Lancez-vous d\u00e8s maintenant et profitez des avantages d&rsquo;une cr\u00e9ation d&rsquo;annonces en ligne sans tracas.<\/p>\n<p>Pr\u00eat \u00e0 \u00e9lever votre plateforme de petites annonces ? T\u00e9l\u00e9chargez la Passerelle de Paiement NMI pour AWPCP et commencez \u00e0 accepter des paiements en toute confiance.<\/p>\n<p>&lt;div class=\u00a0\u00bbcl-preview-section\u00a0\u00bb&gt; &lt;h4 id=\u00a0\u00bbdisclaimer\u00a0\u00bb&gt;Avis de non-responsabilit\u00e9&lt;\/h4&gt; &lt;\/div&gt; &lt;div class=\u00a0\u00bbcl-preview-section\u00a0\u00bb&gt;<\/p>\n<p>Toutes les transactions sont trait\u00e9es de mani\u00e8re s\u00e9curis\u00e9e sur la plateforme NMI, garantissant les plus hauts niveaux de s\u00e9curit\u00e9 et de conformit\u00e9.<\/p>\n<p>&lt;\/div&gt;<\/p>\n","protected":false},"excerpt":{"rendered":"<p>Integrate\u00a0 NMI Gateway for AWPCP<\/p>\n","protected":false},"featured_media":2122,"comment_status":"open","ping_status":"closed","template":"","meta":{"_acf_changed":false},"product_cat":[237],"product_tag":[167],"class_list":{"0":"post-2121","1":"product","2":"type-product","3":"status-publish","4":"has-post-thumbnail","6":"product_cat-awpcp","7":"product_tag-nmi","9":"first","10":"instock","11":"shipping-taxable","12":"purchasable","13":"product-type-simple"},"acf":[],"_links":{"self":[{"href":"https:\/\/wpayo.com\/fr\/wp-json\/wp\/v2\/product\/2121","targetHints":{"allow":["GET"]}}],"collection":[{"href":"https:\/\/wpayo.com\/fr\/wp-json\/wp\/v2\/product"}],"about":[{"href":"https:\/\/wpayo.com\/fr\/wp-json\/wp\/v2\/types\/product"}],"replies":[{"embeddable":true,"href":"https:\/\/wpayo.com\/fr\/wp-json\/wp\/v2\/comments?post=2121"}],"wp:featuredmedia":[{"embeddable":true,"href":"https:\/\/wpayo.com\/fr\/wp-json\/wp\/v2\/media\/2122"}],"wp:attachment":[{"href":"https:\/\/wpayo.com\/fr\/wp-json\/wp\/v2\/media?parent=2121"}],"wp:term":[{"taxonomy":"product_cat","embeddable":true,"href":"https:\/\/wpayo.com\/fr\/wp-json\/wp\/v2\/product_cat?post=2121"},{"taxonomy":"product_tag","embeddable":true,"href":"https:\/\/wpayo.com\/fr\/wp-json\/wp\/v2\/product_tag?post=2121"}],"curies":[{"name":"wp","href":"https:\/\/api.w.org\/{rel}","templated":true}]}}