{"id":2129,"date":"2024-01-17T11:30:41","date_gmt":"2024-01-17T11:30:41","guid":{"rendered":"https:\/\/wpayo.com\/fr\/?post_type=product&#038;p=2129"},"modified":"2024-01-17T11:30:42","modified_gmt":"2024-01-17T11:30:42","slug":"nmi-payment-gateway-contact-form-7","status":"publish","type":"product","link":"https:\/\/wpayo.com\/fr\/paiement-gateway\/nmi-payment-gateway-contact-form-7\/","title":{"rendered":"NMI payment gateway pour Contact Form 7"},"content":{"rendered":"<p><strong>Contact Form 7 &#8211; Simplifiez vos paiements avec la Passerelle de Paiement NMI<\/strong><\/p>\n<p>Contact Form 7 est un puissant plugin WordPress qui simplifie la cr\u00e9ation et la gestion de formulaires. Pour faciliter davantage le processus de paiement, Contact Form 7 s&rsquo;int\u00e8gre d\u00e9sormais \u00e0 la Passerelle de Paiement NMI. Cela permet aux entreprises d&rsquo;accepter des paiements de la part des clients via les principales cartes de cr\u00e9dit, les cartes de d\u00e9bit, Apple Pay, et d&rsquo;autres m\u00e9thodes de paiement populaires. De plus, la Passerelle de Paiement NMI prend en charge plusieurs devises pour garantir aux clients la possibilit\u00e9 de r\u00e9aliser leurs paiements dans la devise de leur choix.<\/p>\n<h3>Qu&rsquo;est-ce que NMI ?<\/h3>\n<p>NMI est une passerelle de paiement en ligne qui offre aux entreprises un moyen fiable et pratique de traiter les paiements. Elle s&rsquo;int\u00e8gre \u00e0 diverses plates-formes de commerce \u00e9lectronique populaires, dont Contact Form 7. Avec NMI, les entreprises peuvent accepter des paiements de clients dans diff\u00e9rentes devises et via plusieurs m\u00e9thodes de paiement. Les clients b\u00e9n\u00e9ficient d&rsquo;une exp\u00e9rience fluide et s\u00e9curis\u00e9e lors de leurs achats, permettant une conclusion rapide des transactions.<\/p>\n<h3><strong>Pourquoi choisir la Passerelle de Paiement NMI pour Contact Form 7 :<\/strong><\/h3>\n<ul>\n<li><strong>Transactions sans effort :<\/strong> Simplifiez le processus de paiement au sein de vos formulaires de contact, offrant une exp\u00e9rience sans tracas pour vos utilisateurs.<\/li>\n<li><strong>S\u00e9curit\u00e9 avanc\u00e9e :<\/strong> Reposez-vous sur les fonctionnalit\u00e9s de s\u00e9curit\u00e9 de pointe de NMI pour prot\u00e9ger toutes les transactions, assurant la confidentialit\u00e9 des donn\u00e9es sensibles des utilisateurs.<\/li>\n<li><strong>Polyvalence des paiements :<\/strong> Acceptez une vari\u00e9t\u00e9 de m\u00e9thodes de paiement, des cartes de cr\u00e9dit\/d\u00e9bit aux ch\u00e8ques \u00e9lectroniques, pour r\u00e9pondre \u00e0 une base d&rsquo;utilisateurs diversifi\u00e9e.<\/li>\n<li><strong>Paiements mondiaux :<\/strong> \u00c9largissez votre port\u00e9e \u00e0 l&rsquo;international en acceptant des paiements dans plusieurs devises, facilitant la vie des utilisateurs du monde entier.<\/li>\n<li><strong>Compl\u00e8te des analytiques :<\/strong> Restez organis\u00e9 et prenez des d\u00e9cisions \u00e9clair\u00e9es avec des fonctionnalit\u00e9s de rapports d\u00e9taill\u00e9s qui vous aident \u00e0 suivre vos revenus.<\/li>\n<\/ul>\n<p><strong>Rencontrez NMI :<\/strong> NMI est un fournisseur respect\u00e9 de passerelles de paiement connu pour sa fiabilit\u00e9 et son adaptabilit\u00e9. Leur plateforme est con\u00e7ue pour offrir une exp\u00e9rience de paiement s\u00e9curis\u00e9e et sans faille aux entreprises et aux utilisateurs.<\/p>\n<p><strong>Pour commencer :<\/strong><\/p>\n<ol>\n<li><strong><a href=\"https:\/\/www.nmi.com\/\" target=\"_new\" rel=\"noopener\">Cr\u00e9ez un compte NMI<\/a><\/strong> : Commencez par cr\u00e9er un compte NMI pour acc\u00e9der \u00e0 leurs puissants services de passerelle de paiement.<\/li>\n<li><strong>Configuration :<\/strong> Configurez et param\u00e9trez l&rsquo;extension pour int\u00e9grer NMI de mani\u00e8re transparente dans votre syst\u00e8me Contact Form 7.<\/li>\n<\/ol>\n<p>Ne manquez pas l&rsquo;opportunit\u00e9 d&rsquo;am\u00e9liorer vos formulaires de contact. Propulsez votre processus de paiement \u00e0 un niveau sup\u00e9rieur avec la Passerelle de Paiement NMI pour Contact Form 7. Simplifiez les paiements, inspirez la confiance des utilisateurs et augmentez le succ\u00e8s de vos formulaires de contact. Lancez-vous d\u00e8s maintenant et profitez des avantages d&rsquo;un processus de paiement en ligne sans tracas.<\/p>\n<p><strong>Pr\u00eat \u00e0 \u00e9lever vos formulaires de contact ? T\u00e9l\u00e9chargez la Passerelle de Paiement NMI pour Contact Form 7 et commencez \u00e0 accepter des paiements en toute confiance.<\/strong><\/p>\n<div class=\"cl-preview-section\">\n<h4 id=\"disclaimer\">Avis de non-responsabilit\u00e9<\/h4>\n<\/div>\n<div class=\"cl-preview-section\">\n<p>Toutes les transactions sont trait\u00e9es de mani\u00e8re s\u00e9curis\u00e9e sur la plateforme NMI, garantissant les plus hauts niveaux de s\u00e9curit\u00e9 et de conformit\u00e9.<\/p>\n<\/div>\n","protected":false},"excerpt":{"rendered":"<p>Integrate\u00a0 NMI Gateway for Contact Form 7<\/p>\n","protected":false},"featured_media":2130,"comment_status":"open","ping_status":"closed","template":"","meta":{"_acf_changed":false},"product_cat":[53],"product_tag":[167],"class_list":{"0":"post-2129","1":"product","2":"type-product","3":"status-publish","4":"has-post-thumbnail","6":"product_cat-contact-form-7","7":"product_tag-nmi","9":"first","10":"instock","11":"shipping-taxable","12":"purchasable","13":"product-type-simple"},"acf":[],"_links":{"self":[{"href":"https:\/\/wpayo.com\/fr\/wp-json\/wp\/v2\/product\/2129","targetHints":{"allow":["GET"]}}],"collection":[{"href":"https:\/\/wpayo.com\/fr\/wp-json\/wp\/v2\/product"}],"about":[{"href":"https:\/\/wpayo.com\/fr\/wp-json\/wp\/v2\/types\/product"}],"replies":[{"embeddable":true,"href":"https:\/\/wpayo.com\/fr\/wp-json\/wp\/v2\/comments?post=2129"}],"wp:featuredmedia":[{"embeddable":true,"href":"https:\/\/wpayo.com\/fr\/wp-json\/wp\/v2\/media\/2130"}],"wp:attachment":[{"href":"https:\/\/wpayo.com\/fr\/wp-json\/wp\/v2\/media?parent=2129"}],"wp:term":[{"taxonomy":"product_cat","embeddable":true,"href":"https:\/\/wpayo.com\/fr\/wp-json\/wp\/v2\/product_cat?post=2129"},{"taxonomy":"product_tag","embeddable":true,"href":"https:\/\/wpayo.com\/fr\/wp-json\/wp\/v2\/product_tag?post=2129"}],"curies":[{"name":"wp","href":"https:\/\/api.w.org\/{rel}","templated":true}]}}