{"id":2131,"date":"2024-01-17T11:30:39","date_gmt":"2024-01-17T11:30:39","guid":{"rendered":"https:\/\/wpayo.com\/fr\/?post_type=product&#038;p=2131"},"modified":"2024-01-17T11:30:40","modified_gmt":"2024-01-17T11:30:40","slug":"nmi-payment-gateway-gravity-forms","status":"publish","type":"product","link":"https:\/\/wpayo.com\/fr\/paiement-gateway\/nmi-payment-gateway-gravity-forms\/","title":{"rendered":"NMI payment gateway pour Gravity Forms"},"content":{"rendered":"<p>Enhancez vos formulaires avec la passerelle de paiement NMI pour Gravity Forms. Cette extension essentielle int\u00e8gre de mani\u00e8re transparente NMI, une passerelle de paiement fiable et polyvalente, dans vos formulaires, facilitant ainsi \u00e0 vos utilisateurs la r\u00e9alisation de paiements s\u00e9curis\u00e9s tout en soumettant des informations, des demandes ou des requ\u00eates.<\/p>\n<h3><strong>Pourquoi choisir la passerelle de paiement NMI pour Gravity Forms :<\/strong><\/h3>\n<ul>\n<li><strong>Transactions sans couture :<\/strong> Simplifiez le processus de paiement au sein de vos formulaires, assurant une exp\u00e9rience sans tracas pour vos utilisateurs.<\/li>\n<li><strong>S\u00e9curit\u00e9 avanc\u00e9e :<\/strong> Comptez sur les fonctionnalit\u00e9s de s\u00e9curit\u00e9 de pointe de NMI pour prot\u00e9ger toutes les transactions de paiement, assurant la confidentialit\u00e9 des donn\u00e9es sensibles des utilisateurs.<\/li>\n<li><strong>Polyvalence des paiements :<\/strong> Acceptez une vari\u00e9t\u00e9 de m\u00e9thodes de paiement, des cartes de cr\u00e9dit\/d\u00e9bit aux ch\u00e8ques \u00e9lectroniques, pour r\u00e9pondre \u00e0 une base d&rsquo;utilisateurs diversifi\u00e9e.<\/li>\n<li><strong>Paiements internationaux :<\/strong> \u00c9largissez votre port\u00e9e \u00e0 l&rsquo;\u00e9chelle internationale en acceptant des paiements dans plusieurs devises, facilitant ainsi les transactions pour les utilisateurs du monde entier.<\/li>\n<li><strong>Analytiques compl\u00e8tes :<\/strong> Restez organis\u00e9 et prenez des d\u00e9cisions \u00e9clair\u00e9es gr\u00e2ce \u00e0 des fonctionnalit\u00e9s de reporting d\u00e9taill\u00e9es qui vous aident \u00e0 suivre vos revenus.<\/li>\n<\/ul>\n<p><strong>Rencontrez NMI :<\/strong> NMI est un fournisseur respect\u00e9 de passerelle de paiement connu pour sa fiabilit\u00e9 et son adaptabilit\u00e9. Leur plateforme est con\u00e7ue pour offrir une exp\u00e9rience de paiement s\u00e9curis\u00e9e et transparente tant pour les entreprises que pour les utilisateurs.<\/p>\n<p><strong>Comment commencer :<\/strong> Pour commencer \u00e0 utiliser la passerelle de paiement NMI pour Gravity Forms, suivez ces \u00e9tapes :<\/p>\n<ol>\n<li><strong><a href=\"https:\/\/www.nmi.com\/\" target=\"_new\" rel=\"noopener\">Inscrivez-vous pour un compte NMI<\/a><\/strong> : Commencez par cr\u00e9er un compte NMI pour acc\u00e9der \u00e0 leurs puissants services de passerelle de paiement.<\/li>\n<li><strong>Configuration<\/strong> : Configurez l&rsquo;extension pour int\u00e9grer de mani\u00e8re transparente NMI dans votre syst\u00e8me Gravity Forms.<\/li>\n<li>Plugin Gravity Forms<\/li>\n<\/ol>\n<p>Ne manquez pas l&rsquo;opportunit\u00e9 d&rsquo;am\u00e9liorer vos formulaires. Faites passer votre processus de paiement au niveau sup\u00e9rieur avec la passerelle de paiement NMI pour Gravity Forms. Simplifiez les paiements, inspirez la confiance des utilisateurs et augmentez le succ\u00e8s de vos formulaires. Lancez-vous d\u00e8s maintenant et d\u00e9couvrez les avantages de paiements en ligne sans tracas.<\/p>\n<p>Pr\u00eat \u00e0 am\u00e9liorer vos formulaires ? T\u00e9l\u00e9chargez la passerelle de paiement NMI pour Gravity Forms et commencez \u00e0 accepter les paiements en toute confiance.<\/p>\n<div class=\"cl-preview-section\">\n<h4 id=\"disclaimer\">Clause de non-responsabilit\u00e9<\/h4>\n<\/div>\n<div class=\"cl-preview-section\">Toutes les transactions sont trait\u00e9es de mani\u00e8re s\u00e9curis\u00e9e sur la plateforme NMI, garantissant les plus hauts niveaux de s\u00e9curit\u00e9 et de conformit\u00e9.<\/div>\n","protected":false},"excerpt":{"rendered":"<p>Integrate\u00a0 NMI Gateway for Gravity Forms<\/p>\n","protected":false},"featured_media":2174,"comment_status":"open","ping_status":"closed","template":"","meta":{"_acf_changed":false},"product_cat":[50],"product_tag":[167],"class_list":{"0":"post-2131","1":"product","2":"type-product","3":"status-publish","4":"has-post-thumbnail","6":"product_cat-gravity-forms","7":"product_tag-nmi","9":"first","10":"instock","11":"shipping-taxable","12":"purchasable","13":"product-type-simple"},"acf":[],"_links":{"self":[{"href":"https:\/\/wpayo.com\/fr\/wp-json\/wp\/v2\/product\/2131","targetHints":{"allow":["GET"]}}],"collection":[{"href":"https:\/\/wpayo.com\/fr\/wp-json\/wp\/v2\/product"}],"about":[{"href":"https:\/\/wpayo.com\/fr\/wp-json\/wp\/v2\/types\/product"}],"replies":[{"embeddable":true,"href":"https:\/\/wpayo.com\/fr\/wp-json\/wp\/v2\/comments?post=2131"}],"wp:featuredmedia":[{"embeddable":true,"href":"https:\/\/wpayo.com\/fr\/wp-json\/wp\/v2\/media\/2174"}],"wp:attachment":[{"href":"https:\/\/wpayo.com\/fr\/wp-json\/wp\/v2\/media?parent=2131"}],"wp:term":[{"taxonomy":"product_cat","embeddable":true,"href":"https:\/\/wpayo.com\/fr\/wp-json\/wp\/v2\/product_cat?post=2131"},{"taxonomy":"product_tag","embeddable":true,"href":"https:\/\/wpayo.com\/fr\/wp-json\/wp\/v2\/product_tag?post=2131"}],"curies":[{"name":"wp","href":"https:\/\/api.w.org\/{rel}","templated":true}]}}