{"id":2134,"date":"2024-01-17T11:39:56","date_gmt":"2024-01-17T11:39:56","guid":{"rendered":"https:\/\/wpayo.com\/fr\/?post_type=product&#038;p=2134"},"modified":"2024-01-17T11:39:57","modified_gmt":"2024-01-17T11:39:57","slug":"stripe-payment-gateway-contact-form-7","status":"publish","type":"product","link":"https:\/\/wpayo.com\/fr\/paiement-gateway\/stripe-payment-gateway-contact-form-7\/","title":{"rendered":"Stripe payment gateway &#8211; Contact Form 7"},"content":{"rendered":"<p>\u00c9levez vos formulaires de contact avec la passerelle de paiement Stripe pour Contact Form 7. Cette extension essentielle int\u00e8gre de mani\u00e8re transparente Stripe, une passerelle de paiement fiable et polyvalente, dans vos formulaires de contact, facilitant ainsi aux utilisateurs de r\u00e9aliser des paiements s\u00e9curis\u00e9s tout en soumettant des demandes ou des requ\u00eates.<\/p>\n<h3><strong>Pourquoi choisir la passerelle de paiement Stripe pour Contact Form 7 :<\/strong><\/h3>\n<ul>\n<li><strong>Transactions transparentes :<\/strong> Simplifiez le processus de paiement dans vos formulaires de contact, assurant une exp\u00e9rience sans tracas pour vos utilisateurs.<\/li>\n<li><strong>S\u00e9curit\u00e9 avanc\u00e9e :<\/strong> Fiez-vous aux fonctionnalit\u00e9s de s\u00e9curit\u00e9 de pointe de Stripe pour prot\u00e9ger toutes les transactions de paiement, garantissant la confidentialit\u00e9 des donn\u00e9es sensibles des utilisateurs.<\/li>\n<li><strong>Polyvalence des paiements :<\/strong> Acceptez une vari\u00e9t\u00e9 de modes de paiement, des cartes de cr\u00e9dit\/d\u00e9bit aux portefeuilles mobiles, pour r\u00e9pondre \u00e0 une base d&rsquo;utilisateurs diversifi\u00e9e.<\/li>\n<li><strong>Paiements mondiaux :<\/strong> \u00c9largissez votre port\u00e9e \u00e0 l&rsquo;\u00e9chelle internationale en acceptant des paiements dans plusieurs devises, facilitant la t\u00e2che des utilisateurs du monde entier.<\/li>\n<li><strong>Analyses compl\u00e8tes :<\/strong> Restez organis\u00e9 et prenez des d\u00e9cisions \u00e9clair\u00e9es gr\u00e2ce \u00e0 des fonctionnalit\u00e9s de rapport d\u00e9taill\u00e9es qui vous aident \u00e0 suivre vos revenus.<\/li>\n<\/ul>\n<p><strong>D\u00e9couvrez Stripe :<\/strong> Stripe est un fournisseur respect\u00e9 de passerelle de paiement connu pour sa fiabilit\u00e9 et son adaptabilit\u00e9. Leur plateforme est con\u00e7ue pour offrir une exp\u00e9rience de paiement s\u00e9curis\u00e9e et transparente tant pour les entreprises que pour les utilisateurs.<\/p>\n<p><strong>Commencez :<\/strong> Pour commencer \u00e0 utiliser la passerelle de paiement Stripe pour Contact Form 7, suivez ces \u00e9tapes :<\/p>\n<ol>\n<li><strong><a href=\"https:\/\/stripe.com\/\" target=\"_new\" rel=\"noopener\">Inscrivez-vous pour un compte Stripe<\/a><\/strong> : Commencez par cr\u00e9er un compte Stripe pour acc\u00e9der \u00e0 leurs puissants services de passerelle de paiement.<\/li>\n<li><strong>Configuration :<\/strong> Configurez le module compl\u00e9mentaire pour int\u00e9grer de mani\u00e8re transparente Stripe dans votre syst\u00e8me Contact Form 7.<\/li>\n<li>Plugin Contact Form 7<\/li>\n<\/ol>\n<p>Ne manquez pas l&rsquo;opportunit\u00e9 d&rsquo;am\u00e9liorer vos formulaires de contact. Poussez votre processus de paiement au niveau sup\u00e9rieur avec la passerelle de paiement Stripe pour Contact Form 7. Simplifiez les paiements, inspirez la confiance des utilisateurs et augmentez le succ\u00e8s de vos formulaires. Lancez-vous maintenant et d\u00e9couvrez les avantages des paiements en ligne sans tracas.<\/p>\n<p>Pr\u00eat \u00e0 \u00e9lever vos formulaires de contact ? T\u00e9l\u00e9chargez la passerelle de paiement Stripe pour Contact Form 7 et commencez \u00e0 accepter des paiements en toute confiance.<\/p>\n<div class=\"cl-preview-section\">\n<h4 id=\"disclaimer\">Avis de non-responsabilit\u00e9<\/h4>\n<\/div>\n<div class=\"cl-preview-section\">\n<p>Toutes les transactions sont trait\u00e9es de mani\u00e8re s\u00e9curis\u00e9e sur la plateforme Stripe, garantissant les plus hauts niveaux de s\u00e9curit\u00e9 et de conformit\u00e9.<\/p>\n<\/div>\n","protected":false},"excerpt":{"rendered":"<p>Integrate\u00a0 Stripe Gateway for Gravity Forms<\/p>\n","protected":false},"featured_media":2136,"comment_status":"open","ping_status":"closed","template":"","meta":{"_acf_changed":false},"product_cat":[53],"product_tag":[139],"class_list":{"0":"post-2134","1":"product","2":"type-product","3":"status-publish","4":"has-post-thumbnail","6":"product_cat-contact-form-7","7":"product_tag-stripe","9":"first","10":"instock","11":"shipping-taxable","12":"purchasable","13":"product-type-simple"},"acf":[],"_links":{"self":[{"href":"https:\/\/wpayo.com\/fr\/wp-json\/wp\/v2\/product\/2134","targetHints":{"allow":["GET"]}}],"collection":[{"href":"https:\/\/wpayo.com\/fr\/wp-json\/wp\/v2\/product"}],"about":[{"href":"https:\/\/wpayo.com\/fr\/wp-json\/wp\/v2\/types\/product"}],"replies":[{"embeddable":true,"href":"https:\/\/wpayo.com\/fr\/wp-json\/wp\/v2\/comments?post=2134"}],"wp:featuredmedia":[{"embeddable":true,"href":"https:\/\/wpayo.com\/fr\/wp-json\/wp\/v2\/media\/2136"}],"wp:attachment":[{"href":"https:\/\/wpayo.com\/fr\/wp-json\/wp\/v2\/media?parent=2134"}],"wp:term":[{"taxonomy":"product_cat","embeddable":true,"href":"https:\/\/wpayo.com\/fr\/wp-json\/wp\/v2\/product_cat?post=2134"},{"taxonomy":"product_tag","embeddable":true,"href":"https:\/\/wpayo.com\/fr\/wp-json\/wp\/v2\/product_tag?post=2134"}],"curies":[{"name":"wp","href":"https:\/\/api.w.org\/{rel}","templated":true}]}}