{"id":2138,"date":"2024-01-17T11:39:55","date_gmt":"2024-01-17T11:39:55","guid":{"rendered":"https:\/\/wpayo.com\/fr\/?post_type=product&#038;p=2138"},"modified":"2024-01-17T11:39:56","modified_gmt":"2024-01-17T11:39:56","slug":"stripe-payment-gateway-learndash","status":"publish","type":"product","link":"https:\/\/wpayo.com\/fr\/paiement-gateway\/stripe-payment-gateway-learndash\/","title":{"rendered":"Stripe payment gateway &#8211; LearnDash"},"content":{"rendered":"<div class=\"flex flex-grow flex-col max-w-full gap-3 gizmo:gap-0\">\n<div class=\"min-h-[20px] text-message flex flex-col items-start gap-3 whitespace-pre-wrap break-words [.text-message+&amp;]:mt-5 overflow-x-auto\" data-message-author-role=\"assistant\" data-message-id=\"64499099-157d-4c0f-8d4a-8bba08852957\">\n<div class=\"markdown prose w-full break-words dark:prose-invert dark\">\n<p>La passerelle de paiement Stripe pour LearnDash est un outil puissant et fiable qui vous permet d&rsquo;accepter les paiements de vos apprenants via Stripe. Avec ce plugin, vous pouvez facilement mettre en place un syst\u00e8me de paiement s\u00e9curis\u00e9 pour vos cours en ligne et offrir \u00e0 vos \u00e9tudiants plus d&rsquo;options lorsqu&rsquo;il s&rsquo;agit de r\u00e9aliser des paiements. Ce plugin est compatible avec les derni\u00e8res versions de LearnDash, vous permettant ainsi de profiter de cette excellente fonctionnalit\u00e9 et de commencer \u00e0 accepter des paiements via Stripe en toute simplicit\u00e9.<\/p>\n<p><strong>Qu&rsquo;est-ce que Stripe ?<\/strong> Stripe est un service de passerelle de paiement s\u00e9curis\u00e9 qui permet aux entreprises d&rsquo;accepter des paiements de clients en ligne. Stripe prend en charge toutes les principales cartes de cr\u00e9dit, Apple Pay, Google Pay, et plus encore. Avec son processus d&rsquo;int\u00e9gration simple et sa protection avanc\u00e9e contre la fraude, c&rsquo;est la solution privil\u00e9gi\u00e9e de nombreuses entreprises cherchant \u00e0 accepter des paiements en ligne.<\/p>\n<p><strong>Pourquoi choisir la passerelle de paiement Stripe pour LearnDash :<\/strong><\/p>\n<ul>\n<li><strong>Inscription aux cours sans effort :<\/strong> Simplifiez le processus d&rsquo;inscription aux cours et de paiement, garantissant une exp\u00e9rience fluide et conviviale pour vos utilisateurs.<\/li>\n<li><strong>S\u00e9curit\u00e9 avanc\u00e9e :<\/strong> Reposez-vous sur les fonctionnalit\u00e9s de s\u00e9curit\u00e9 de pointe de Stripe pour prot\u00e9ger toutes les transactions de paiement, assurant la confidentialit\u00e9 des donn\u00e9es sensibles des utilisateurs.<\/li>\n<li><strong>Polyvalence des paiements :<\/strong> Acceptez une vari\u00e9t\u00e9 de m\u00e9thodes de paiement, des cartes de cr\u00e9dit\/d\u00e9bit aux portefeuilles mobiles, pour r\u00e9pondre \u00e0 une base d&rsquo;utilisateurs diversifi\u00e9e.<\/li>\n<li><strong>Enseignement mondial :<\/strong> \u00c9largissez votre port\u00e9e \u00e0 l&rsquo;\u00e9chelle internationale en acceptant des paiements dans plusieurs devises, facilitant ainsi la t\u00e2che des utilisateurs du monde entier.<\/li>\n<li><strong>Analyses compl\u00e8tes :<\/strong> Restez organis\u00e9 et prenez des d\u00e9cisions \u00e9clair\u00e9es gr\u00e2ce \u00e0 des fonctionnalit\u00e9s de rapport d\u00e9taill\u00e9es qui vous aident \u00e0 suivre les revenus de vos cours.<\/li>\n<\/ul>\n<p><strong>Rencontrez Stripe :<\/strong> Stripe est un prestataire respect\u00e9 de passerelles de paiement, reconnu pour sa fiabilit\u00e9 et son adaptabilit\u00e9. Leur plateforme est con\u00e7ue pour offrir une exp\u00e9rience de paiement s\u00e9curis\u00e9e et sans heurts aussi bien pour les institutions \u00e9ducatives que pour les utilisateurs.<\/p>\n<p><strong>Pour commencer :<\/strong> Pour commencer \u00e0 utiliser la passerelle de paiement Stripe pour LearnDash, suivez ces \u00e9tapes :<\/p>\n<ol>\n<li><strong><a href=\"https:\/\/stripe.com\/\" target=\"_new\" rel=\"noopener\">Inscrivez-vous pour un compte Stripe<\/a><\/strong> : Commencez par cr\u00e9er un compte Stripe pour acc\u00e9der \u00e0 leurs puissants services de passerelle de paiement.<\/li>\n<li><strong>Configuration :<\/strong> Configurez le module compl\u00e9mentaire pour int\u00e9grer de mani\u00e8re transparente Stripe dans votre syst\u00e8me d&rsquo;apprentissage en ligne LearnDash.<\/li>\n<li><strong>Plugin LearnDash<\/strong><\/li>\n<\/ol>\n<p>Ne manquez pas l&rsquo;occasion d&rsquo;am\u00e9liorer votre plateforme d&rsquo;apprentissage en ligne. Propulsez vos cours en ligne au niveau sup\u00e9rieur avec la passerelle de paiement Stripe pour LearnDash. Simplifiez le processus de paiement, inspirez la confiance des utilisateurs et boostez le succ\u00e8s de votre plateforme \u00e9ducative. Lancez-vous d\u00e8s maintenant et profitez des avantages d&rsquo;un apprentissage en ligne sans tracas.<\/p>\n<p>Pr\u00eat \u00e0 \u00e9lever votre plateforme d&rsquo;apprentissage en ligne ? T\u00e9l\u00e9chargez la passerelle de paiement Stripe pour LearnDash et commencez \u00e0 accepter des paiements en toute confiance.<\/p>\n<p><strong>Avis de non-responsabilit\u00e9 :<\/strong> Toutes les transactions sont trait\u00e9es en toute s\u00e9curit\u00e9 sur la plateforme Stripe, garantissant les plus hauts niveaux de s\u00e9curit\u00e9 et de conformit\u00e9.<\/p>\n<\/div>\n<\/div>\n<\/div>\n","protected":false},"excerpt":{"rendered":"<p>Integrate\u00a0 Stripe Gateway for LearnDash<\/p>\n","protected":false},"featured_media":2139,"comment_status":"open","ping_status":"closed","template":"","meta":{"_acf_changed":false},"product_cat":[55],"product_tag":[139],"class_list":{"0":"post-2138","1":"product","2":"type-product","3":"status-publish","4":"has-post-thumbnail","6":"product_cat-learndash","7":"product_tag-stripe","9":"first","10":"instock","11":"shipping-taxable","12":"purchasable","13":"product-type-simple"},"acf":[],"_links":{"self":[{"href":"https:\/\/wpayo.com\/fr\/wp-json\/wp\/v2\/product\/2138","targetHints":{"allow":["GET"]}}],"collection":[{"href":"https:\/\/wpayo.com\/fr\/wp-json\/wp\/v2\/product"}],"about":[{"href":"https:\/\/wpayo.com\/fr\/wp-json\/wp\/v2\/types\/product"}],"replies":[{"embeddable":true,"href":"https:\/\/wpayo.com\/fr\/wp-json\/wp\/v2\/comments?post=2138"}],"wp:featuredmedia":[{"embeddable":true,"href":"https:\/\/wpayo.com\/fr\/wp-json\/wp\/v2\/media\/2139"}],"wp:attachment":[{"href":"https:\/\/wpayo.com\/fr\/wp-json\/wp\/v2\/media?parent=2138"}],"wp:term":[{"taxonomy":"product_cat","embeddable":true,"href":"https:\/\/wpayo.com\/fr\/wp-json\/wp\/v2\/product_cat?post=2138"},{"taxonomy":"product_tag","embeddable":true,"href":"https:\/\/wpayo.com\/fr\/wp-json\/wp\/v2\/product_tag?post=2138"}],"curies":[{"name":"wp","href":"https:\/\/api.w.org\/{rel}","templated":true}]}}