{"id":2140,"date":"2024-01-17T11:39:54","date_gmt":"2024-01-17T11:39:54","guid":{"rendered":"https:\/\/wpayo.com\/fr\/?post_type=product&#038;p=2140"},"modified":"2024-01-17T11:39:55","modified_gmt":"2024-01-17T11:39:55","slug":"stripe-payment-gateway-latepoint","status":"publish","type":"product","link":"https:\/\/wpayo.com\/fr\/paiement-gateway\/stripe-payment-gateway-latepoint\/","title":{"rendered":"Stripe payment gateway &#8211; LatePoint"},"content":{"rendered":"<p>La passerelle de paiement Stripe pour LatePoint est une extension qui vous permet d&rsquo;accepter des paiements directement \u00e0 partir de vos formulaires Gravity Forms. Stripe est un processeur de paiement qui vous permet d&rsquo;accepter les cartes de cr\u00e9dit et de d\u00e9bit, Apple Pay, et d&rsquo;autres formes de paiements num\u00e9riques directement de la part de vos clients. Ce plugin facilite l&rsquo;int\u00e9gration de Stripe dans vos formulaires Gravity Forms, vous permettant ainsi de commencer \u00e0 collecter des paiements rapidement et facilement.<\/p>\n<h3>Qu&rsquo;est-ce que Stripe ?<\/h3>\n<p>Stripe est un processeur de paiement qui permet aux commer\u00e7ants d&rsquo;accepter des paiements de clients dans plus de 135 devises. Stripe permet aux entreprises de traiter les paiements directement depuis leurs sites web, sans avoir besoin d&rsquo;une passerelle de paiement externe. Il fournit \u00e9galement des services de d\u00e9tection et de pr\u00e9vention de la fraude, ainsi que des outils d&rsquo;analyse pour aider les commer\u00e7ants \u00e0 g\u00e9rer leurs transactions.<\/p>\n<p><strong>Pourquoi choisir la passerelle de paiement Stripe pour LatePoint :<\/strong><\/p>\n<ul>\n<li><strong>Rendez-vous sans couture :<\/strong> Simplifiez le processus de r\u00e9servation et de paiement, offrant une exp\u00e9rience sans tracas \u00e0 vos clients.<\/li>\n<li><strong>S\u00e9curit\u00e9 avanc\u00e9e :<\/strong> Fiez-vous aux fonctionnalit\u00e9s de s\u00e9curit\u00e9 de pointe de Stripe pour prot\u00e9ger toutes les transactions de paiement, garantissant la confidentialit\u00e9 des donn\u00e9es sensibles des clients.<\/li>\n<li><strong>Polyvalence des paiements :<\/strong> Acceptez une vari\u00e9t\u00e9 de modes de paiement, des cartes de cr\u00e9dit\/d\u00e9bit aux portefeuilles mobiles, pour r\u00e9pondre \u00e0 une base de clients diversifi\u00e9e.<\/li>\n<li><strong>R\u00e9servation mondiale :<\/strong> \u00c9largissez votre port\u00e9e \u00e0 l&rsquo;\u00e9chelle internationale en acceptant des paiements dans plusieurs devises, facilitant la t\u00e2che des clients du monde entier.<\/li>\n<li><strong>Rapports complets :<\/strong> Restez organis\u00e9 et prenez des d\u00e9cisions \u00e9clair\u00e9es avec des outils de rapport d\u00e9taill\u00e9s qui vous aident \u00e0 suivre vos revenus de rendez-vous.<\/li>\n<\/ul>\n<p><strong>D\u00e9couvrez Stripe :<\/strong> Stripe est un fournisseur respect\u00e9 de passerelle de paiement connu pour sa fiabilit\u00e9 et son adaptabilit\u00e9. Leur plateforme est con\u00e7ue pour offrir une exp\u00e9rience de paiement s\u00e9curis\u00e9e et transparente tant pour les entreprises que pour les clients.<\/p>\n<p><strong>Commencez :<\/strong> Pour commencer \u00e0 utiliser la passerelle de paiement Stripe pour LatePoint, suivez ces \u00e9tapes :<\/p>\n<ol>\n<li><strong><a href=\"https:\/\/stripe.com\/\" target=\"_new\" rel=\"noopener\">Inscrivez-vous pour un compte Stripe<\/a><\/strong> : Commencez par cr\u00e9er un compte Stripe pour acc\u00e9der \u00e0 leurs puissants services de passerelle de paiement.<\/li>\n<li><strong>Configuration :<\/strong> Configurez le module compl\u00e9mentaire pour int\u00e9grer de mani\u00e8re transparente Stripe dans votre syst\u00e8me de r\u00e9servation LatePoint.<\/li>\n<\/ol>\n<p>Ne manquez pas l&rsquo;opportunit\u00e9 d&rsquo;am\u00e9liorer votre syst\u00e8me de r\u00e9servation de rendez-vous. Poussez vos r\u00e9servations au niveau sup\u00e9rieur avec la passerelle de paiement Stripe pour LatePoint. Simplifiez le processus de paiement, inspirez la confiance des clients et augmentez le succ\u00e8s de votre plateforme de rendez-vous. Lancez-vous maintenant et d\u00e9couvrez les avantages des r\u00e9servations en ligne sans tracas.<\/p>\n<p>Pr\u00eat \u00e0 \u00e9lever votre syst\u00e8me de r\u00e9servation ? T\u00e9l\u00e9chargez la passerelle de paiement Stripe pour LatePoint et commencez \u00e0 accepter des paiements en toute confiance.<\/p>\n<div class=\"cl-preview-section\">\n<h4 id=\"disclaimer\">Avis de non-responsabilit\u00e9<\/h4>\n<\/div>\n<div class=\"cl-preview-section\">\n<p>Toutes les transactions sont trait\u00e9es de mani\u00e8re s\u00e9curis\u00e9e sur la plateforme Stripe, garantissant les plus hauts niveaux de s\u00e9curit\u00e9 et de conformit\u00e9.<\/p>\n<\/div>\n","protected":false},"excerpt":{"rendered":"<p>Integrate\u00a0 Stripe Gateway for LatePoint<\/p>\n","protected":false},"featured_media":2141,"comment_status":"open","ping_status":"closed","template":"","meta":{"_acf_changed":false},"product_cat":[128],"product_tag":[139],"class_list":{"0":"post-2140","1":"product","2":"type-product","3":"status-publish","4":"has-post-thumbnail","6":"product_cat-latepoint","7":"product_tag-stripe","9":"first","10":"instock","11":"shipping-taxable","12":"purchasable","13":"product-type-simple"},"acf":[],"_links":{"self":[{"href":"https:\/\/wpayo.com\/fr\/wp-json\/wp\/v2\/product\/2140","targetHints":{"allow":["GET"]}}],"collection":[{"href":"https:\/\/wpayo.com\/fr\/wp-json\/wp\/v2\/product"}],"about":[{"href":"https:\/\/wpayo.com\/fr\/wp-json\/wp\/v2\/types\/product"}],"replies":[{"embeddable":true,"href":"https:\/\/wpayo.com\/fr\/wp-json\/wp\/v2\/comments?post=2140"}],"wp:featuredmedia":[{"embeddable":true,"href":"https:\/\/wpayo.com\/fr\/wp-json\/wp\/v2\/media\/2141"}],"wp:attachment":[{"href":"https:\/\/wpayo.com\/fr\/wp-json\/wp\/v2\/media?parent=2140"}],"wp:term":[{"taxonomy":"product_cat","embeddable":true,"href":"https:\/\/wpayo.com\/fr\/wp-json\/wp\/v2\/product_cat?post=2140"},{"taxonomy":"product_tag","embeddable":true,"href":"https:\/\/wpayo.com\/fr\/wp-json\/wp\/v2\/product_tag?post=2140"}],"curies":[{"name":"wp","href":"https:\/\/api.w.org\/{rel}","templated":true}]}}