{"id":2142,"date":"2024-01-17T11:39:53","date_gmt":"2024-01-17T11:39:53","guid":{"rendered":"https:\/\/wpayo.com\/fr\/?post_type=product&#038;p=2142"},"modified":"2024-01-17T11:39:54","modified_gmt":"2024-01-17T11:39:54","slug":"stripe-payment-gateway-awpcp","status":"publish","type":"product","link":"https:\/\/wpayo.com\/fr\/paiement-gateway\/stripe-payment-gateway-awpcp\/","title":{"rendered":"Stripe payment gateway &#8211; AWPCP"},"content":{"rendered":"<div class=\"flex flex-grow flex-col max-w-full gap-3 gizmo:gap-0\">\n<div class=\"min-h-[20px] text-message flex flex-col items-start gap-3 whitespace-pre-wrap break-words [.text-message+&amp;]:mt-5 overflow-x-auto\" data-message-author-role=\"assistant\" data-message-id=\"d7f8b2d6-fb23-41aa-9dff-3dc98b4f97a4\">\n<div class=\"markdown prose w-full break-words dark:prose-invert dark\">\n<p><strong>\u00c9levez votre exp\u00e9rience AWPCP avec la passerelle de paiement Stripe<\/strong><\/p>\n<p>\u00cates-vous pr\u00eat \u00e0 am\u00e9liorer votre exp\u00e9rience sur la place de march\u00e9 en ligne ? Ne cherchez pas plus loin que la passerelle de paiement Stripe pour AWPCP. Cette int\u00e9gration int\u00e8gre de mani\u00e8re transparente Stripe, une solution de paiement en ligne de premier plan, dans votre plateforme AWPCP, rendant les transactions plus fluides et plus s\u00e9curis\u00e9es tant pour les vendeurs que pour les acheteurs.<\/p>\n<p><strong>Pourquoi opter pour la passerelle de paiement Stripe pour AWPCP :<\/strong><\/p>\n<ul>\n<li><strong>Transactions sans effort :<\/strong> Simplifiez le processus d&rsquo;achat et de vente, offrant une exp\u00e9rience fluide et conviviale \u00e0 vos utilisateurs.<\/li>\n<li><strong>S\u00e9curit\u00e9 de premier ordre :<\/strong> Faites confiance aux mesures de s\u00e9curit\u00e9 robustes de Stripe pour garantir que chaque transaction est s\u00e9curis\u00e9e, prot\u00e9geant les informations sensibles des utilisateurs.<\/li>\n<li><strong>Polyvalence des paiements :<\/strong> Acceptez une large gamme de modes de paiement, des principales cartes de cr\u00e9dit\/d\u00e9bit \u00e0 des options suppl\u00e9mentaires, pour r\u00e9pondre \u00e0 une base d&rsquo;utilisateurs diversifi\u00e9e.<\/li>\n<li><strong>Place de march\u00e9 mondiale :<\/strong> \u00c9largissez votre port\u00e9e \u00e0 l&rsquo;\u00e9chelle mondiale en acceptant des paiements dans plusieurs devises, facilitant les transactions internationales.<\/li>\n<li><strong>Informations d\u00e9taill\u00e9es sur les transactions :<\/strong> Restez organis\u00e9 avec des outils de rapport d\u00e9taill\u00e9s, vous permettant de surveiller et d&rsquo;optimiser efficacement vos transactions AWPCP.<\/li>\n<\/ul>\n<p><strong>\u00c0 propos de Stripe :<\/strong> Stripe est une c\u00e9l\u00e8bre passerelle de paiement en ligne reconnue pour sa fiabilit\u00e9 et sa facilit\u00e9 d&rsquo;utilisation. La plateforme est con\u00e7ue pour offrir une exp\u00e9rience de paiement s\u00e9curis\u00e9e et transparente tant pour les entreprises que pour les utilisateurs.<\/p>\n<p><strong>Commencer :<\/strong> Pour commencer \u00e0 utiliser la passerelle de paiement Stripe pour AWPCP, suivez ces \u00e9tapes :<\/p>\n<ol>\n<li><strong><a href=\"https:\/\/stripe.com\/\" target=\"_new\" rel=\"noopener\">Cr\u00e9ez un compte Stripe<\/a> :<\/strong> Commencez par configurer un compte Stripe pour acc\u00e9der \u00e0 leurs puissants services de passerelle de paiement.<\/li>\n<li><strong>Configuration :<\/strong> Configurez le plugin pour int\u00e9grer de mani\u00e8re transparente Stripe dans votre plateforme AWPCP.<\/li>\n<\/ol>\n<p>Ne manquez pas l&rsquo;opportunit\u00e9 d&rsquo;am\u00e9liorer votre place de march\u00e9 en ligne. \u00c9levez votre exp\u00e9rience AWPCP avec la passerelle de paiement Stripe. Simplifiez les transactions, inspirez la confiance des utilisateurs et propulsez votre plateforme de petites annonces vers de nouveaux sommets. Lancez-vous maintenant et profitez des avantages de transactions en ligne sans tracas.<\/p>\n<p><strong>Pr\u00eat \u00e0 \u00e9lever votre exp\u00e9rience AWPCP ? T\u00e9l\u00e9chargez la passerelle de paiement Stripe et commencez \u00e0 accepter des paiements en toute confiance.<\/strong><\/p>\n<\/div>\n<\/div>\n<\/div>\n","protected":false},"excerpt":{"rendered":"<p>Integrate\u00a0 Stripe Gateway for AWPCP<\/p>\n","protected":false},"featured_media":2143,"comment_status":"open","ping_status":"closed","template":"","meta":{"_acf_changed":false},"product_cat":[237],"product_tag":[139],"class_list":{"0":"post-2142","1":"product","2":"type-product","3":"status-publish","4":"has-post-thumbnail","6":"product_cat-awpcp","7":"product_tag-stripe","9":"first","10":"instock","11":"shipping-taxable","12":"purchasable","13":"product-type-simple"},"acf":[],"_links":{"self":[{"href":"https:\/\/wpayo.com\/fr\/wp-json\/wp\/v2\/product\/2142","targetHints":{"allow":["GET"]}}],"collection":[{"href":"https:\/\/wpayo.com\/fr\/wp-json\/wp\/v2\/product"}],"about":[{"href":"https:\/\/wpayo.com\/fr\/wp-json\/wp\/v2\/types\/product"}],"replies":[{"embeddable":true,"href":"https:\/\/wpayo.com\/fr\/wp-json\/wp\/v2\/comments?post=2142"}],"wp:featuredmedia":[{"embeddable":true,"href":"https:\/\/wpayo.com\/fr\/wp-json\/wp\/v2\/media\/2143"}],"wp:attachment":[{"href":"https:\/\/wpayo.com\/fr\/wp-json\/wp\/v2\/media?parent=2142"}],"wp:term":[{"taxonomy":"product_cat","embeddable":true,"href":"https:\/\/wpayo.com\/fr\/wp-json\/wp\/v2\/product_cat?post=2142"},{"taxonomy":"product_tag","embeddable":true,"href":"https:\/\/wpayo.com\/fr\/wp-json\/wp\/v2\/product_tag?post=2142"}],"curies":[{"name":"wp","href":"https:\/\/api.w.org\/{rel}","templated":true}]}}