{"id":2144,"date":"2024-01-17T11:39:52","date_gmt":"2024-01-17T11:39:52","guid":{"rendered":"https:\/\/wpayo.com\/fr\/?post_type=product&#038;p=2144"},"modified":"2024-01-17T11:39:53","modified_gmt":"2024-01-17T11:39:53","slug":"stripe-payment-gateway-bookly-pro","status":"publish","type":"product","link":"https:\/\/wpayo.com\/fr\/paiement-gateway\/stripe-payment-gateway-bookly-pro\/","title":{"rendered":"Stripe payment gateway &#8211; Bookly Pro"},"content":{"rendered":"<p>\u00c9levez votre syst\u00e8me de r\u00e9servation avec la passerelle de paiement <strong>Stripe pour Bookly Pro<\/strong>. Cette extension essentielle int\u00e8gre de mani\u00e8re transparente Stripe, une passerelle de paiement fiable et polyvalente, dans votre syst\u00e8me de r\u00e9servation, facilitant ainsi la s\u00e9curisation des rendez-vous et des paiements pour vos clients.<\/p>\n<p>Stripe est une passerelle de paiement rapide, s\u00e9curis\u00e9e et fiable qui permet aux clients d&rsquo;effectuer des paiements avec leurs cartes de cr\u00e9dit de n&rsquo;importe o\u00f9. C&rsquo;est la passerelle de paiement la plus populaire pour les boutiques en ligne, les sites de commerce \u00e9lectronique et les syst\u00e8mes de r\u00e9servation tels que Bookly Pro. Avec Stripe, vous pouvez accepter des paiements de plus de 120 pays dans plus de 25 devises diff\u00e9rentes.<\/p>\n<p><strong>Pourquoi choisir la passerelle de paiement Stripe pour Bookly Pro :<\/strong><\/p>\n<ul>\n<li><strong>R\u00e9servation sans effort :<\/strong> Simplifiez le processus de r\u00e9servation et de paiement, assurant une exp\u00e9rience fluide et conviviale pour vos clients.<\/li>\n<li><strong>S\u00e9curit\u00e9 avanc\u00e9e :<\/strong> Fiez-vous aux fonctionnalit\u00e9s de s\u00e9curit\u00e9 de pointe de Stripe pour prot\u00e9ger toutes les transactions de paiement, garantissant la confidentialit\u00e9 des donn\u00e9es sensibles des clients.<\/li>\n<li><strong>Polyvalence des paiements :<\/strong> Acceptez une vari\u00e9t\u00e9 de modes de paiement, des cartes de cr\u00e9dit\/d\u00e9bit aux portefeuilles mobiles, pour r\u00e9pondre \u00e0 une base de clients diversifi\u00e9e.<\/li>\n<li><strong>R\u00e9servation <\/strong><a href=\"https:\/\/wpayo.com\/fr\/wise-en-algerie-votre-passeport-financier-mondial\/\">mondiale : \u00c9largissez votre<\/a> port\u00e9e \u00e0 l&rsquo;\u00e9chelle internationale en acceptant des paiements dans plusieurs devises, facilitant la t\u00e2che des clients du monde entier.<\/li>\n<li><strong>Rapports complets :<\/strong> Restez organis\u00e9 et prenez des d\u00e9cisions \u00e9clair\u00e9es gr\u00e2ce \u00e0 des fonctionnalit\u00e9s de rapport d\u00e9taill\u00e9es qui vous aident \u00e0 suivre vos revenus de rendez-vous.<\/li>\n<\/ul>\n<p><strong>Rencontrez Stripe :<\/strong> Stripe est un fournisseur respect\u00e9 de passerelle de paiement connu pour sa fiabilit\u00e9 et son adaptabilit\u00e9. Leur plateforme est con\u00e7ue pour offrir une exp\u00e9rience de paiement s\u00e9curis\u00e9e et transparente tant pour les entreprises que pour les clients.<\/p>\n<p><strong>Commencer :<\/strong> Pour commencer \u00e0 utiliser la passerelle de paiement Stripe pour Bookly Pro, suivez ces \u00e9tapes :<\/p>\n<ol>\n<li><strong><a href=\"https:\/\/stripe.com\/\" target=\"_new\" rel=\"noopener\">Inscrivez-vous pour un compte Stripe<\/a><\/strong> : Commencez par cr\u00e9er un compte Stripe pour acc\u00e9der \u00e0 leurs puissants services de passerelle de paiement.<\/li>\n<li><strong>Configuration :<\/strong> Configurez le module compl\u00e9mentaire pour int\u00e9grer de mani\u00e8re transparente Stripe dans votre syst\u00e8me de r\u00e9servation Bookly Pro.<\/li>\n<\/ol>\n<p>Ne manquez pas l&rsquo;opportunit\u00e9 d&rsquo;am\u00e9liorer votre syst\u00e8me de r\u00e9servation. Poussez vos r\u00e9servations de rendez-vous au niveau sup\u00e9rieur avec la passerelle de <a href=\"https:\/\/wpayo.com\/fr\/klarna-paiement-woocommerce\/\">paiement Stripe<\/a> pour Bookly Pro. Simplifiez le processus de paiement, inspirez la confiance des clients et augmentez le succ\u00e8s de votre plateforme de r\u00e9servation. Lancez-vous maintenant et d\u00e9couvrez les avantages d&rsquo;une r\u00e9servation en ligne sans tracas.<\/p>\n<p>Pr\u00eat \u00e0 \u00e9lever votre syst\u00e8me de r\u00e9servation ? T\u00e9l\u00e9chargez la passerelle de paiement Stripe pour Bookly Pro et commencez \u00e0 accepter des paiements en toute confiance.<\/p>\n<div class=\"cl-preview-section\">\n<h4 id=\"disclaimer\">Avis de non-responsabilit\u00e9<\/h4>\n<\/div>\n<div class=\"cl-preview-section\">Toutes les transactions sont trait\u00e9es de mani\u00e8re s\u00e9curis\u00e9e sur la plateforme Stripe, garantissant les plus hauts niveaux de s\u00e9curit\u00e9 et de conformit\u00e9.<\/div>\n","protected":false},"excerpt":{"rendered":"<p>Integrate\u00a0 Stripe Gateway for Bookly Pro<\/p>\n","protected":false},"featured_media":2145,"comment_status":"open","ping_status":"closed","template":"","meta":{"_acf_changed":false},"product_cat":[127,72],"product_tag":[139],"class_list":{"0":"post-2144","1":"product","2":"type-product","3":"status-publish","4":"has-post-thumbnail","6":"product_cat-bookly-pro","7":"product_cat-bookly","8":"product_tag-stripe","10":"first","11":"instock","12":"shipping-taxable","13":"purchasable","14":"product-type-simple"},"acf":[],"_links":{"self":[{"href":"https:\/\/wpayo.com\/fr\/wp-json\/wp\/v2\/product\/2144","targetHints":{"allow":["GET"]}}],"collection":[{"href":"https:\/\/wpayo.com\/fr\/wp-json\/wp\/v2\/product"}],"about":[{"href":"https:\/\/wpayo.com\/fr\/wp-json\/wp\/v2\/types\/product"}],"replies":[{"embeddable":true,"href":"https:\/\/wpayo.com\/fr\/wp-json\/wp\/v2\/comments?post=2144"}],"wp:featuredmedia":[{"embeddable":true,"href":"https:\/\/wpayo.com\/fr\/wp-json\/wp\/v2\/media\/2145"}],"wp:attachment":[{"href":"https:\/\/wpayo.com\/fr\/wp-json\/wp\/v2\/media?parent=2144"}],"wp:term":[{"taxonomy":"product_cat","embeddable":true,"href":"https:\/\/wpayo.com\/fr\/wp-json\/wp\/v2\/product_cat?post=2144"},{"taxonomy":"product_tag","embeddable":true,"href":"https:\/\/wpayo.com\/fr\/wp-json\/wp\/v2\/product_tag?post=2144"}],"curies":[{"name":"wp","href":"https:\/\/api.w.org\/{rel}","templated":true}]}}