{"id":2147,"date":"2024-01-17T11:39:51","date_gmt":"2024-01-17T11:39:51","guid":{"rendered":"https:\/\/wpayo.com\/fr\/?post_type=product&#038;p=2147"},"modified":"2024-01-17T11:39:52","modified_gmt":"2024-01-17T11:39:52","slug":"stripe-payment-gateway-wpforms","status":"publish","type":"product","link":"https:\/\/wpayo.com\/fr\/paiement-gateway\/stripe-payment-gateway-wpforms\/","title":{"rendered":"Stripe payment gateway &#8211; WPForms"},"content":{"rendered":"<div class=\"flex flex-grow flex-col max-w-full gap-3 gizmo:gap-0\">\n<div class=\"min-h-[20px] text-message flex flex-col items-start gap-3 whitespace-pre-wrap break-words [.text-message+&amp;]:mt-5 overflow-x-auto\" data-message-author-role=\"assistant\" data-message-id=\"368236f3-0b8e-43c3-9c10-8ff84bd24b2a\">\n<div class=\"markdown prose w-full break-words dark:prose-invert dark\">\n<p>\u00cates-vous \u00e0 la recherche d&rsquo;un moyen d&rsquo;int\u00e9grer le traitement des paiements Stripe dans vos formulaires ? La passerelle de paiement Stripe pour WPForms est un plugin facile \u00e0 utiliser qui simplifie l&rsquo;acceptation des paiements sur votre site WordPress. Avec ce plugin, les utilisateurs peuvent traiter rapidement et en toute s\u00e9curit\u00e9 leurs paiements via la passerelle de paiement Stripe, populaire et s\u00e9curis\u00e9e.<\/p>\n<p>Augmentez les capacit\u00e9s de traitement de vos formulaires avec la passerelle de paiement Stripe pour WPForms. Cette extension indispensable int\u00e8gre de mani\u00e8re transparente Stripe, une passerelle de paiement fiable et polyvalente, dans vos formulaires, facilitant ainsi la r\u00e9alisation de paiements s\u00e9curis\u00e9s lors de la soumission d&rsquo;informations, de demandes ou de requ\u00eates.<\/p>\n<p><strong>Qu&rsquo;est-ce que Stripe ?<\/strong> Stripe est un processeur de paiement en ligne mondial qui permet aux entreprises d&rsquo;accepter des paiements dans plus de 130 devises de clients du monde entier. Stripe facilite le d\u00e9marrage de l&rsquo;acceptation des paiements pour les entreprises, ainsi que la configuration de la facturation r\u00e9currente et des abonnements. Il offre \u00e9galement une protection puissante contre la fraude et des mesures \u00e9tendues de s\u00e9curit\u00e9 des donn\u00e9es pour garantir en permanence la s\u00e9curit\u00e9 des informations client.<\/p>\n<p><strong>Pourquoi choisir la passerelle de paiement Stripe pour WPForms :<\/strong><\/p>\n<ul>\n<li><strong>Transactions sans couture :<\/strong> Simplifiez le processus de paiement dans vos formulaires, garantissant une exp\u00e9rience sans tracas pour vos utilisateurs.<\/li>\n<li><strong>S\u00e9curit\u00e9 avanc\u00e9e :<\/strong> Reposez-vous sur les fonctionnalit\u00e9s de s\u00e9curit\u00e9 de pointe de Stripe pour prot\u00e9ger toutes les transactions de paiement, assurant la confidentialit\u00e9 des donn\u00e9es sensibles des utilisateurs.<\/li>\n<li><strong>Polyvalence des paiements :<\/strong> Acceptez une vari\u00e9t\u00e9 de m\u00e9thodes de paiement, des cartes de cr\u00e9dit\/d\u00e9bit aux portefeuilles mobiles, pour r\u00e9pondre \u00e0 une base d&rsquo;utilisateurs diversifi\u00e9e.<\/li>\n<li><strong>Paiements mondiaux :<\/strong> \u00c9largissez votre port\u00e9e \u00e0 l&rsquo;\u00e9chelle internationale en acceptant des paiements dans plusieurs devises, facilitant ainsi la t\u00e2che des utilisateurs du monde entier.<\/li>\n<li><strong>Analyses compl\u00e8tes :<\/strong> Restez organis\u00e9 et prenez des d\u00e9cisions \u00e9clair\u00e9es gr\u00e2ce \u00e0 des fonctionnalit\u00e9s de rapport d\u00e9taill\u00e9es qui vous aident \u00e0 suivre vos revenus.<\/li>\n<\/ul>\n<p><strong>Rencontrez Stripe :<\/strong> Stripe est un prestataire respect\u00e9 de passerelles de paiement, reconnu pour sa fiabilit\u00e9 et son adaptabilit\u00e9. Leur plateforme est con\u00e7ue pour offrir une exp\u00e9rience de paiement s\u00e9curis\u00e9e et sans heurts aussi bien pour les entreprises que pour les utilisateurs.<\/p>\n<p><strong>Pour commencer :<\/strong> Pour commencer \u00e0 utiliser la passerelle de paiement Stripe pour WPForms, suivez ces \u00e9tapes :<\/p>\n<ol>\n<li><strong><a href=\"https:\/\/stripe.com\/\" target=\"_new\" rel=\"noopener\">Inscrivez-vous pour un compte Stripe<\/a><\/strong> : Commencez par cr\u00e9er un compte Stripe pour acc\u00e9der \u00e0 leurs puissants services de passerelle de paiement.<\/li>\n<li><strong>Configuration :<\/strong> Configurez le module compl\u00e9mentaire pour int\u00e9grer de mani\u00e8re transparente Stripe dans votre syst\u00e8me WPForms.<\/li>\n<\/ol>\n<p>Ne manquez pas l&rsquo;opportunit\u00e9 d&rsquo;am\u00e9liorer vos formulaires. Propulsez votre processus de paiement au niveau sup\u00e9rieur avec la passerelle de paiement Stripe pour WPForms. Simplifiez les paiements, inspirez la confiance des utilisateurs et augmentez le succ\u00e8s de vos formulaires. Lancez-vous d\u00e8s maintenant et profitez des avantages de paiements en ligne sans tracas.<\/p>\n<p>Pr\u00eat \u00e0 \u00e9lever vos formulaires ? T\u00e9l\u00e9chargez la passerelle de paiement Stripe pour WPForms et commencez \u00e0 accepter des paiements en toute confiance.<\/p>\n<p><strong>Avis de non-responsabilit\u00e9 :<\/strong> Toutes les transactions sont trait\u00e9es en toute s\u00e9curit\u00e9 sur la plateforme Stripe, garantissant les plus hauts niveaux de s\u00e9curit\u00e9 et de conformit\u00e9.<\/p>\n<\/div>\n<\/div>\n<\/div>\n","protected":false},"excerpt":{"rendered":"<p>Integrate\u00a0 Stripe Gateway for WPForms<\/p>\n","protected":false},"featured_media":2148,"comment_status":"open","ping_status":"closed","template":"","meta":{"_acf_changed":false},"product_cat":[49],"product_tag":[139],"class_list":{"0":"post-2147","1":"product","2":"type-product","3":"status-publish","4":"has-post-thumbnail","6":"product_cat-wpforms","7":"product_tag-stripe","9":"first","10":"instock","11":"shipping-taxable","12":"purchasable","13":"product-type-simple"},"acf":[],"_links":{"self":[{"href":"https:\/\/wpayo.com\/fr\/wp-json\/wp\/v2\/product\/2147","targetHints":{"allow":["GET"]}}],"collection":[{"href":"https:\/\/wpayo.com\/fr\/wp-json\/wp\/v2\/product"}],"about":[{"href":"https:\/\/wpayo.com\/fr\/wp-json\/wp\/v2\/types\/product"}],"replies":[{"embeddable":true,"href":"https:\/\/wpayo.com\/fr\/wp-json\/wp\/v2\/comments?post=2147"}],"wp:featuredmedia":[{"embeddable":true,"href":"https:\/\/wpayo.com\/fr\/wp-json\/wp\/v2\/media\/2148"}],"wp:attachment":[{"href":"https:\/\/wpayo.com\/fr\/wp-json\/wp\/v2\/media?parent=2147"}],"wp:term":[{"taxonomy":"product_cat","embeddable":true,"href":"https:\/\/wpayo.com\/fr\/wp-json\/wp\/v2\/product_cat?post=2147"},{"taxonomy":"product_tag","embeddable":true,"href":"https:\/\/wpayo.com\/fr\/wp-json\/wp\/v2\/product_tag?post=2147"}],"curies":[{"name":"wp","href":"https:\/\/api.w.org\/{rel}","templated":true}]}}