{"id":2152,"date":"2024-01-17T11:39:50","date_gmt":"2024-01-17T11:39:50","guid":{"rendered":"https:\/\/wpayo.com\/fr\/?post_type=product&#038;p=2152"},"modified":"2024-01-17T11:39:51","modified_gmt":"2024-01-17T11:39:51","slug":"stripe-payment-gateway-learnpress","status":"publish","type":"product","link":"https:\/\/wpayo.com\/fr\/paiement-gateway\/stripe-payment-gateway-learnpress\/","title":{"rendered":"Stripe payment gateway &#8211; LearnPress"},"content":{"rendered":"<div class=\"flex flex-grow flex-col max-w-full gap-3 gizmo:gap-0\">\n<div class=\"min-h-[20px] text-message flex flex-col items-start gap-3 whitespace-pre-wrap break-words [.text-message+&amp;]:mt-5 overflow-x-auto\" data-message-author-role=\"assistant\" data-message-id=\"74975f98-c4e4-48eb-961f-888a6ffbdb3b\">\n<div class=\"markdown prose w-full break-words dark:prose-invert dark\">\n<p>\u00cates-vous \u00e0 la recherche d&rsquo;une int\u00e9gration s\u00e9curis\u00e9e et fiable de passerelle de paiement pour votre site LearnPress ? Si c&rsquo;est le cas, vous devriez envisager d&rsquo;ajouter Stripe \u00e0 vos options de paiement. Stripe est un processeur de paiement de premier plan qui permet aux entreprises d&rsquo;accepter facilement les paiements par carte de cr\u00e9dit en ligne. Avec la passerelle de paiement Stripe pour LearnPress, vous pouvez accepter en toute s\u00e9curit\u00e9 les paiements par carte de cr\u00e9dit de clients du monde entier, acc\u00e9l\u00e9rer le processus de paiement et offrir une meilleure exp\u00e9rience utilisateur.<\/p>\n<p>\u00c9levez votre plateforme d&rsquo;apprentissage en ligne avec la passerelle de paiement Stripe pour LearnPress. Cette extension essentielle int\u00e8gre de mani\u00e8re transparente Stripe, une passerelle de paiement fiable et polyvalente, dans votre processus d&rsquo;inscription et de paiement de cours, facilitant ainsi la t\u00e2che \u00e0 vos utilisateurs pour s&rsquo;inscrire aux cours et effectuer des paiements s\u00e9curis\u00e9s.<\/p>\n<p><strong>Qu&rsquo;est-ce que Stripe ?<\/strong><\/p>\n<p>Stripe est une plateforme de traitement des paiements qui permet aux entreprises d&rsquo;accepter des paiements en ligne. Il dispose d&rsquo;une interface simple mais puissante qui prend en charge plusieurs devises et propose des fonctionnalit\u00e9s avanc\u00e9es de protection contre la fraude. Stripe offre \u00e9galement des int\u00e9grations avec d&rsquo;autres platesformes telles que Shopify, WooCommerce, QuickBooks, et plus encore. Avec Stripe, les entreprises peuvent facilement accepter des paiements de clients du monde entier, en en faisant un excellent choix pour les entreprises en ligne.<\/p>\n<p><strong>Pourquoi choisir la passerelle de paiement Stripe pour LearnPress :<\/strong><\/p>\n<ul>\n<li><strong>Inscription aux cours sans effort :<\/strong> Simplifiez le processus d&rsquo;inscription aux cours et de paiement, garantissant une exp\u00e9rience fluide et conviviale pour vos utilisateurs.<\/li>\n<li><strong>S\u00e9curit\u00e9 avanc\u00e9e :<\/strong> Reposez-vous sur les fonctionnalit\u00e9s de s\u00e9curit\u00e9 de pointe de Stripe pour prot\u00e9ger toutes les transactions de paiement, assurant la confidentialit\u00e9 des donn\u00e9es sensibles des utilisateurs.<\/li>\n<li><strong>Polyvalence des paiements :<\/strong> Acceptez une vari\u00e9t\u00e9 de m\u00e9thodes de paiement, des cartes de cr\u00e9dit\/d\u00e9bit aux portefeuilles mobiles, pour r\u00e9pondre \u00e0 une base d&rsquo;utilisateurs diversifi\u00e9e.<\/li>\n<li><strong>Enseignement mondial :<\/strong> \u00c9largissez votre port\u00e9e \u00e0 l&rsquo;\u00e9chelle internationale en acceptant des paiements dans plusieurs devises, facilitant ainsi la t\u00e2che des utilisateurs du monde entier.<\/li>\n<li><strong>Analyses compl\u00e8tes :<\/strong> Restez organis\u00e9 et prenez des d\u00e9cisions \u00e9clair\u00e9es gr\u00e2ce \u00e0 des fonctionnalit\u00e9s de rapport d\u00e9taill\u00e9es qui vous aident \u00e0 suivre l&rsquo;inscription \u00e0 vos cours et vos revenus.<\/li>\n<\/ul>\n<p><strong>Rencontrez Stripe :<\/strong> Stripe est un prestataire respect\u00e9 de passerelles de paiement, reconnu pour sa fiabilit\u00e9 et son adaptabilit\u00e9. Leur plateforme est con\u00e7ue pour offrir une exp\u00e9rience de paiement s\u00e9curis\u00e9e et sans heurts aussi bien pour les institutions \u00e9ducatives que pour les utilisateurs.<\/p>\n<p><strong>Pour commencer :<\/strong> Pour commencer \u00e0 utiliser la passerelle de paiement Stripe pour LearnPress, suivez ces \u00e9tapes :<\/p>\n<ol>\n<li><strong><a href=\"https:\/\/stripe.com\/\" target=\"_new\" rel=\"noopener\">Inscrivez-vous pour un compte Stripe<\/a><\/strong> : Commencez par cr\u00e9er un compte Stripe pour acc\u00e9der \u00e0 leurs puissants services de passerelle de paiement.<\/li>\n<li><strong>Configuration :<\/strong> Configurez le module compl\u00e9mentaire pour int\u00e9grer de mani\u00e8re transparente Stripe dans votre syst\u00e8me LearnPress.<\/li>\n<\/ol>\n<p>Ne manquez pas l&rsquo;opportunit\u00e9 d&rsquo;am\u00e9liorer vos cours en ligne. Propulsez votre plateforme d&rsquo;apprentissage en ligne au niveau sup\u00e9rieur avec la passerelle de paiement Stripe pour LearnPress. Simplifiez le processus de paiement, inspirez la confiance des utilisateurs et augmentez le succ\u00e8s de votre plateforme \u00e9ducative. Lancez-vous d\u00e8s maintenant et profitez des avantages d&rsquo;un apprentissage en ligne sans tracas.<\/p>\n<p>Pr\u00eat \u00e0 \u00e9lever votre plateforme d&rsquo;apprentissage en ligne ? T\u00e9l\u00e9chargez la passerelle de paiement Stripe pour LearnPress et commencez \u00e0 accepter des paiements en toute confiance.<\/p>\n<p><strong>Avis de non-responsabilit\u00e9 :<\/strong> Toutes les transactions sont trait\u00e9es en toute s\u00e9curit\u00e9 sur la plateforme Stripe, garantissant les plus hauts niveaux de s\u00e9curit\u00e9 et de conformit\u00e9.<\/p>\n<\/div>\n<\/div>\n<\/div>\n","protected":false},"excerpt":{"rendered":"<p>Integrate\u00a0 Stripe Gateway for LearnPress<\/p>\n","protected":false},"featured_media":2153,"comment_status":"open","ping_status":"closed","template":"","meta":{"_acf_changed":false},"product_cat":[94],"product_tag":[139],"class_list":{"0":"post-2152","1":"product","2":"type-product","3":"status-publish","4":"has-post-thumbnail","6":"product_cat-learnpress","7":"product_tag-stripe","9":"first","10":"instock","11":"shipping-taxable","12":"purchasable","13":"product-type-simple"},"acf":[],"_links":{"self":[{"href":"https:\/\/wpayo.com\/fr\/wp-json\/wp\/v2\/product\/2152","targetHints":{"allow":["GET"]}}],"collection":[{"href":"https:\/\/wpayo.com\/fr\/wp-json\/wp\/v2\/product"}],"about":[{"href":"https:\/\/wpayo.com\/fr\/wp-json\/wp\/v2\/types\/product"}],"replies":[{"embeddable":true,"href":"https:\/\/wpayo.com\/fr\/wp-json\/wp\/v2\/comments?post=2152"}],"wp:featuredmedia":[{"embeddable":true,"href":"https:\/\/wpayo.com\/fr\/wp-json\/wp\/v2\/media\/2153"}],"wp:attachment":[{"href":"https:\/\/wpayo.com\/fr\/wp-json\/wp\/v2\/media?parent=2152"}],"wp:term":[{"taxonomy":"product_cat","embeddable":true,"href":"https:\/\/wpayo.com\/fr\/wp-json\/wp\/v2\/product_cat?post=2152"},{"taxonomy":"product_tag","embeddable":true,"href":"https:\/\/wpayo.com\/fr\/wp-json\/wp\/v2\/product_tag?post=2152"}],"curies":[{"name":"wp","href":"https:\/\/api.w.org\/{rel}","templated":true}]}}