{"id":2155,"date":"2024-01-17T11:39:49","date_gmt":"2024-01-17T11:39:49","guid":{"rendered":"https:\/\/wpayo.com\/fr\/?post_type=product&#038;p=2155"},"modified":"2024-01-17T11:39:50","modified_gmt":"2024-01-17T11:39:50","slug":"stripe-payment-gateway-events-manager","status":"publish","type":"product","link":"https:\/\/wpayo.com\/fr\/paiement-gateway\/stripe-payment-gateway-events-manager\/","title":{"rendered":"Stripe payment gateway &#8211; Events Manager"},"content":{"rendered":"<p>\u00c9levez la gestion de vos \u00e9v\u00e9nements avec la passerelle de paiement Stripe pour Events Manager. Cette extension essentielle int\u00e8gre de mani\u00e8re transparente Stripe, une passerelle de paiement fiable et polyvalente, dans votre processus d&rsquo;inscription et de paiement pour les \u00e9v\u00e9nements, facilitant ainsi la participation de vos utilisateurs aux \u00e9v\u00e9nements et la r\u00e9alisation de paiements s\u00e9curis\u00e9s.<\/p>\n<p>La passerelle de paiement Stripe pour Events Manager est un plugin syst\u00e8me facile \u00e0 utiliser pour WordPress qui vous permet d&rsquo;accepter des paiements via la populaire passerelle de paiement Stripe. Il s&rsquo;int\u00e8gre parfaitement \u00e0 Events Manager, permettant ainsi aux clients de payer facilement leurs inscriptions et leurs billets sans quitter votre site web. Avec ce plugin, vous pouvez rapidement mettre en place un syst\u00e8me d&rsquo;inscription en ligne et profiter de toutes les fonctionnalit\u00e9s offertes par Stripe.<\/p>\n<h3>Qu&rsquo;est-ce que Stripe ?<\/h3>\n<p>Stripe est un service mondial de traitement des paiements en ligne qui permet aux entreprises d&rsquo;accepter rapidement et facilement des paiements de leurs clients. Stripe offre une plateforme s\u00e9curis\u00e9e et fiable pour accepter les paiements, avec des fonctionnalit\u00e9s telles que la pr\u00e9vention de la fraude en temps r\u00e9el, la facturation r\u00e9currente, la gestion des abonnements, et plus encore. Il est \u00e9galement facile \u00e0 configurer et \u00e0 utiliser, en faisant un excellent choix pour les petites entreprises qui souhaitent commencer rapidement avec les paiements en ligne.<\/p>\n<p><strong>Pourquoi choisir la passerelle de paiement Stripe pour Events Manager :<\/strong><\/p>\n<ul>\n<li><strong>Inscription aux \u00e9v\u00e9nements sans effort :<\/strong> Simplifiez le processus d&rsquo;inscription et de paiement pour les \u00e9v\u00e9nements, garantissant une exp\u00e9rience fluide et conviviale pour vos utilisateurs.<\/li>\n<li><strong>S\u00e9curit\u00e9 avanc\u00e9e :<\/strong> Fiez-vous aux fonctionnalit\u00e9s de s\u00e9curit\u00e9 de pointe de Stripe pour prot\u00e9ger toutes les transactions de paiement, garantissant la confidentialit\u00e9 des donn\u00e9es sensibles des utilisateurs.<\/li>\n<li><strong>Polyvalence des paiements :<\/strong> Acceptez une vari\u00e9t\u00e9 de modes de paiement, des cartes de cr\u00e9dit\/d\u00e9bit aux portefeuilles mobiles, pour r\u00e9pondre \u00e0 une base d&rsquo;utilisateurs diversifi\u00e9e.<\/li>\n<li><strong>Gestion mondiale des \u00e9v\u00e9nements :<\/strong> \u00c9largissez votre port\u00e9e \u00e0 l&rsquo;\u00e9chelle internationale en acceptant des paiements dans plusieurs devises, facilitant la t\u00e2che des utilisateurs du monde entier.<\/li>\n<li><strong>Rapports complets :<\/strong> Restez organis\u00e9 et prenez des d\u00e9cisions \u00e9clair\u00e9es gr\u00e2ce \u00e0 des fonctionnalit\u00e9s de rapport d\u00e9taill\u00e9es qui vous aident \u00e0 suivre vos inscriptions et vos revenus d&rsquo;\u00e9v\u00e9nements.<\/li>\n<\/ul>\n<p><strong>Rencontrez Stripe :<\/strong> Stripe est un fournisseur respect\u00e9 de passerelle de paiement connu pour sa fiabilit\u00e9 et son adaptabilit\u00e9. Leur plateforme est con\u00e7ue pour offrir une exp\u00e9rience de paiement s\u00e9curis\u00e9e et transparente tant pour les organisateurs d&rsquo;\u00e9v\u00e9nements que pour les utilisateurs.<\/p>\n<p><strong>Commencer :<\/strong> Pour commencer \u00e0 utiliser la passerelle de paiement Stripe pour Events Manager, suivez ces \u00e9tapes :<\/p>\n<ol>\n<li><strong><a href=\"https:\/\/stripe.com\/\" target=\"_new\" rel=\"noopener\">Inscrivez-vous pour un compte Stripe<\/a><\/strong> : Commencez par cr\u00e9er un compte Stripe pour acc\u00e9der \u00e0 leurs puissants services de passerelle de paiement.<\/li>\n<li><strong>Configuration :<\/strong> Configurez le module compl\u00e9mentaire pour int\u00e9grer de mani\u00e8re transparente Stripe dans votre syst\u00e8me Events Manager.<\/li>\n<\/ol>\n<p>Ne manquez pas l&rsquo;opportunit\u00e9 d&rsquo;am\u00e9liorer la gestion de vos \u00e9v\u00e9nements. Poussez votre processus d&rsquo;inscription d&rsquo;\u00e9v\u00e9nement au niveau sup\u00e9rieur avec la passerelle de paiement Stripe pour Events Manager. Simplifiez le processus de paiement, inspirez la confiance des utilisateurs et augmentez le succ\u00e8s de votre plateforme d&rsquo;\u00e9v\u00e9nements. Lancez-vous maintenant et d\u00e9couvrez les avantages d&rsquo;une gestion d&rsquo;\u00e9v\u00e9nements en ligne sans tracas.<\/p>\n<p>Pr\u00eat \u00e0 \u00e9lever la gestion de vos \u00e9v\u00e9nements ? T\u00e9l\u00e9chargez la passerelle de paiement Stripe pour Events Manager et commencez \u00e0 accepter des paiements en toute confiance.<\/p>\n<p>&nbsp;<\/p>\n<div class=\"cl-preview-section\">\n<h4 id=\"disclaimer\">Avis de non-responsabilit\u00e9<\/h4>\n<\/div>\n<div class=\"cl-preview-section\">Toutes les transactions sont trait\u00e9es de mani\u00e8re s\u00e9curis\u00e9e sur la plateforme Stripe, garantissant les plus hauts niveaux de s\u00e9curit\u00e9 et de conformit\u00e9.<\/div>\n","protected":false},"excerpt":{"rendered":"<p>Integrate\u00a0 Stripe Gateway for Events Manager Pro<\/p>\n","protected":false},"featured_media":2156,"comment_status":"open","ping_status":"closed","template":"","meta":{"_acf_changed":false},"product_cat":[116],"product_tag":[139],"class_list":{"0":"post-2155","1":"product","2":"type-product","3":"status-publish","4":"has-post-thumbnail","6":"product_cat-events-manager-pro","7":"product_tag-stripe","9":"first","10":"instock","11":"shipping-taxable","12":"purchasable","13":"product-type-simple"},"acf":[],"_links":{"self":[{"href":"https:\/\/wpayo.com\/fr\/wp-json\/wp\/v2\/product\/2155","targetHints":{"allow":["GET"]}}],"collection":[{"href":"https:\/\/wpayo.com\/fr\/wp-json\/wp\/v2\/product"}],"about":[{"href":"https:\/\/wpayo.com\/fr\/wp-json\/wp\/v2\/types\/product"}],"replies":[{"embeddable":true,"href":"https:\/\/wpayo.com\/fr\/wp-json\/wp\/v2\/comments?post=2155"}],"wp:featuredmedia":[{"embeddable":true,"href":"https:\/\/wpayo.com\/fr\/wp-json\/wp\/v2\/media\/2156"}],"wp:attachment":[{"href":"https:\/\/wpayo.com\/fr\/wp-json\/wp\/v2\/media?parent=2155"}],"wp:term":[{"taxonomy":"product_cat","embeddable":true,"href":"https:\/\/wpayo.com\/fr\/wp-json\/wp\/v2\/product_cat?post=2155"},{"taxonomy":"product_tag","embeddable":true,"href":"https:\/\/wpayo.com\/fr\/wp-json\/wp\/v2\/product_tag?post=2155"}],"curies":[{"name":"wp","href":"https:\/\/api.w.org\/{rel}","templated":true}]}}