{"id":2158,"date":"2024-01-17T11:39:47","date_gmt":"2024-01-17T11:39:47","guid":{"rendered":"https:\/\/wpayo.com\/fr\/?post_type=product&#038;p=2158"},"modified":"2024-01-17T11:39:48","modified_gmt":"2024-01-17T11:39:48","slug":"stripe-payment-gateway-ultimate-membership-pro","status":"publish","type":"product","link":"https:\/\/wpayo.com\/fr\/paiement-gateway\/stripe-payment-gateway-ultimate-membership-pro\/","title":{"rendered":"Stripe payment gateway &#8211; Ultimate Membership Pro"},"content":{"rendered":"<div class=\"flex flex-grow flex-col max-w-full gap-3 gizmo:gap-0\">\n<div class=\"min-h-[20px] text-message flex flex-col items-start gap-3 whitespace-pre-wrap break-words [.text-message+&amp;]:mt-5 overflow-x-auto\" data-message-author-role=\"assistant\" data-message-id=\"2581cb04-9c28-47e1-ac57-a93018a31f12\">\n<div class=\"markdown prose w-full break-words dark:prose-invert dark\">\n<p>\u00c9levez votre plateforme d&rsquo;adh\u00e9sion avec la passerelle de paiement Stripe pour Ultimate Membership Pro. Cette extension essentielle int\u00e8gre de mani\u00e8re transparente Stripe, une passerelle de paiement fiable et polyvalente, dans votre processus d&rsquo;abonnement et de paiement d&rsquo;adh\u00e9sion, facilitant ainsi l&rsquo;acc\u00e8s \u00e0 du contenu premium et \u00e0 des services s\u00e9curis\u00e9s pour vos utilisateurs.<\/p>\n<p>La passerelle de paiement Stripe pour Ultimate Membership Pro est un plugin puissant qui vous permet d&rsquo;accepter des paiements de clients en utilisant le populaire processeur de paiement Stripe. Ce plugin vous permet d&rsquo;ajouter facilement une passerelle de paiement Stripe \u00e0 votre site WordPress et de commencer \u00e0 accepter des paiements en un rien de temps. Avec ce plugin, vous pouvez traiter les transactions par carte de cr\u00e9dit de mani\u00e8re s\u00e9curis\u00e9e et rapide en toute simplicit\u00e9.<\/p>\n<p>&lt;h3&gt;Qu&rsquo;est-ce que Stripe ?&lt;\/h3&gt; Stripe est un processeur de paiement populaire qui permet aux entreprises d&rsquo;accepter des paiements de mani\u00e8re s\u00e9curis\u00e9e et rapide. Il offre une int\u00e9gration facile avec les sites web et fournit une mani\u00e8re simple pour les clients d&rsquo;effectuer des paiements. Il propose \u00e9galement une protection contre la fraude, le cryptage des donn\u00e9es et un support client. Stripe prend \u00e9galement en charge une large gamme de devises, permettant aux clients de diff\u00e9rents pays de payer dans leur propre devise.<strong>Pourquoi choisir la passerelle de paiement Stripe pour Ultimate Membership Pro :<\/strong><\/p>\n<ul>\n<li><strong>Abonnement \u00e0 l&rsquo;adh\u00e9sion sans effort :<\/strong> Simplifiez le processus d&rsquo;abonnement et de paiement, garantissant une exp\u00e9rience fluide et conviviale pour vos utilisateurs.<\/li>\n<li><strong>S\u00e9curit\u00e9 avanc\u00e9e :<\/strong> Reposez-vous sur les fonctionnalit\u00e9s de s\u00e9curit\u00e9 de pointe de Stripe pour prot\u00e9ger toutes les transactions de paiement, assurant la confidentialit\u00e9 des donn\u00e9es sensibles des utilisateurs.<\/li>\n<li><strong>Polyvalence des paiements :<\/strong> Acceptez une vari\u00e9t\u00e9 de m\u00e9thodes de paiement, des cartes de cr\u00e9dit\/d\u00e9bit aux portefeuilles mobiles, pour r\u00e9pondre \u00e0 une base d&rsquo;utilisateurs diversifi\u00e9e.<\/li>\n<li><strong>Acc\u00e8s mondial \u00e0 l&rsquo;adh\u00e9sion :<\/strong> \u00c9largissez votre port\u00e9e \u00e0 l&rsquo;\u00e9chelle internationale en acceptant des paiements dans plusieurs devises, facilitant ainsi la t\u00e2che des utilisateurs du monde entier.<\/li>\n<li><strong>Analyses compl\u00e8tes :<\/strong> Restez organis\u00e9 et prenez des d\u00e9cisions \u00e9clair\u00e9es gr\u00e2ce \u00e0 des fonctionnalit\u00e9s de rapport d\u00e9taill\u00e9es qui vous aident \u00e0 suivre les revenus de votre adh\u00e9sion.<\/li>\n<\/ul>\n<p><strong>Rencontrez Stripe :<\/strong> Stripe est un prestataire respect\u00e9 de passerelles de paiement, reconnu pour sa fiabilit\u00e9 et son adaptabilit\u00e9. Leur plateforme est con\u00e7ue pour offrir une exp\u00e9rience de paiement s\u00e9curis\u00e9e et sans heurts aussi bien pour les plateformes d&rsquo;adh\u00e9sion que pour les utilisateurs.<\/p>\n<p><strong>Pour commencer :<\/strong> Pour commencer \u00e0 utiliser la passerelle de paiement Stripe pour Ultimate Membership Pro, suivez ces \u00e9tapes :<\/p>\n<ol>\n<li><strong><a href=\"https:\/\/stripe.com\/\" target=\"_new\" rel=\"noopener\">Inscrivez-vous pour un compte Stripe<\/a><\/strong> : Commencez par cr\u00e9er un compte Stripe pour acc\u00e9der \u00e0 leurs puissants services de passerelle de paiement.<\/li>\n<li><strong>Configuration :<\/strong> Configurez le module compl\u00e9mentaire pour int\u00e9grer de mani\u00e8re transparente Stripe dans votre syst\u00e8me Ultimate Membership Pro.<\/li>\n<\/ol>\n<p>Ne manquez pas l&rsquo;opportunit\u00e9 d&rsquo;am\u00e9liorer votre plateforme d&rsquo;adh\u00e9sion. Propulsez votre processus d&rsquo;abonnement au niveau sup\u00e9rieur avec la passerelle de paiement Stripe pour Ultimate Membership Pro. Simplifiez le processus de paiement, inspirez la confiance des utilisateurs et augmentez le succ\u00e8s de votre site d&rsquo;adh\u00e9sion. Lancez-vous d\u00e8s maintenant et profitez des avantages d&rsquo;une gestion d&rsquo;adh\u00e9sion en ligne sans tracas.<\/p>\n<p>Pr\u00eat \u00e0 \u00e9lever votre plateforme d&rsquo;adh\u00e9sion ? T\u00e9l\u00e9chargez la passerelle de paiement Stripe pour Ultimate Membership Pro et commencez \u00e0 accepter des paiements en toute confiance.<\/p>\n<p><strong>Avis de non-responsabilit\u00e9 :<\/strong> Toutes les transactions sont trait\u00e9es en toute s\u00e9curit\u00e9 sur la plateforme Stripe, garantissant les plus hauts niveaux de s\u00e9curit\u00e9 et de conformit\u00e9.<\/p>\n<\/div>\n<\/div>\n<\/div>\n","protected":false},"excerpt":{"rendered":"<p>Integrate\u00a0 Stripe Gateway for Events Manager Pro<\/p>\n","protected":false},"featured_media":2159,"comment_status":"open","ping_status":"closed","template":"","meta":{"_acf_changed":false},"product_cat":[78],"product_tag":[139],"class_list":{"0":"post-2158","1":"product","2":"type-product","3":"status-publish","4":"has-post-thumbnail","6":"product_cat-ultimate-membership-pro","7":"product_tag-stripe","9":"first","10":"instock","11":"shipping-taxable","12":"purchasable","13":"product-type-simple"},"acf":[],"_links":{"self":[{"href":"https:\/\/wpayo.com\/fr\/wp-json\/wp\/v2\/product\/2158","targetHints":{"allow":["GET"]}}],"collection":[{"href":"https:\/\/wpayo.com\/fr\/wp-json\/wp\/v2\/product"}],"about":[{"href":"https:\/\/wpayo.com\/fr\/wp-json\/wp\/v2\/types\/product"}],"replies":[{"embeddable":true,"href":"https:\/\/wpayo.com\/fr\/wp-json\/wp\/v2\/comments?post=2158"}],"wp:featuredmedia":[{"embeddable":true,"href":"https:\/\/wpayo.com\/fr\/wp-json\/wp\/v2\/media\/2159"}],"wp:attachment":[{"href":"https:\/\/wpayo.com\/fr\/wp-json\/wp\/v2\/media?parent=2158"}],"wp:term":[{"taxonomy":"product_cat","embeddable":true,"href":"https:\/\/wpayo.com\/fr\/wp-json\/wp\/v2\/product_cat?post=2158"},{"taxonomy":"product_tag","embeddable":true,"href":"https:\/\/wpayo.com\/fr\/wp-json\/wp\/v2\/product_tag?post=2158"}],"curies":[{"name":"wp","href":"https:\/\/api.w.org\/{rel}","templated":true}]}}