{"id":2160,"date":"2024-01-17T11:39:46","date_gmt":"2024-01-17T11:39:46","guid":{"rendered":"https:\/\/wpayo.com\/fr\/?post_type=product&#038;p=2160"},"modified":"2024-01-17T11:39:47","modified_gmt":"2024-01-17T11:39:47","slug":"stripe-payment-gateway-ninja-forms","status":"publish","type":"product","link":"https:\/\/wpayo.com\/fr\/paiement-gateway\/stripe-payment-gateway-ninja-forms\/","title":{"rendered":"Stripe payment gateway &#8211; Ninja Forms"},"content":{"rendered":"<div class=\"flex flex-grow flex-col max-w-full gap-3 gizmo:gap-0\">\n<div class=\"min-h-[20px] text-message flex flex-col items-start gap-3 whitespace-pre-wrap break-words [.text-message+&amp;]:mt-5 overflow-x-auto\" data-message-author-role=\"assistant\" data-message-id=\"0e1b1fa0-c747-48c4-a67f-6b39f3992416\">\n<div class=\"markdown prose w-full break-words dark:prose-invert dark\">\n<p>\u00cates-vous \u00e0 la recherche d&rsquo;une mani\u00e8re efficace d&rsquo;ajouter une passerelle de paiement \u00e0 votre site Web Ninja Forms ? Stripe est le service de traitement de paiement en ligne le plus populaire et il offre une excellente solution pour accepter des paiements sur votre site sans avoir besoin de logiciel suppl\u00e9mentaire. Avec la passerelle de paiement Stripe pour Ninja Forms, vous pouvez facilement et en toute s\u00e9curit\u00e9 accepter des paiements de clients en utilisant divers moyens tels que les cartes de cr\u00e9dit, les cartes de d\u00e9bit et Apple Pay.<\/p>\n<p>&lt;h3&gt;Qu&rsquo;est-ce que Stripe ?&lt;\/h3&gt; Stripe est un service de traitement de paiement en ligne qui permet aux entreprises d&rsquo;accepter des paiements sur Internet. Il est largement utilis\u00e9 par les d\u00e9taillants en ligne, les services d&rsquo;abonnement et m\u00eame les petites entreprises, toute personne ayant besoin d&rsquo;une mani\u00e8re s\u00e9curis\u00e9e et fiable de traiter les paiements de ses clients. Stripe fournit des outils aux commer\u00e7ants pour configurer rapidement leurs boutiques et commencer \u00e0 accepter des paiements de clients, ainsi que des outils pour les aider \u00e0 g\u00e9rer leurs finances.\u00c9levez vos capacit\u00e9s de traitement de formulaire avec la passerelle de paiement Stripe pour Ninja Forms. Cette extension essentielle int\u00e8gre de mani\u00e8re transparente Stripe, une passerelle de paiement fiable et polyvalente, dans vos formulaires, facilitant ainsi la possibilit\u00e9 pour vos utilisateurs de r\u00e9aliser des paiements s\u00e9curis\u00e9s tout en soumettant des informations, des demandes ou des requ\u00eates.<\/p>\n<p><strong>Pourquoi choisir la passerelle de paiement Stripe pour Ninja Forms :<\/strong><\/p>\n<ul>\n<li><strong>Transactions sans couture :<\/strong> Simplifiez le processus de paiement dans vos formulaires, garantissant une exp\u00e9rience sans tracas pour vos utilisateurs.<\/li>\n<li><strong>S\u00e9curit\u00e9 avanc\u00e9e :<\/strong> Reposez-vous sur les fonctionnalit\u00e9s de s\u00e9curit\u00e9 de pointe de Stripe pour prot\u00e9ger toutes les transactions de paiement, assurant la confidentialit\u00e9 des donn\u00e9es sensibles des utilisateurs.<\/li>\n<li><strong>Polyvalence des paiements :<\/strong> Acceptez une vari\u00e9t\u00e9 de m\u00e9thodes de paiement, des cartes de cr\u00e9dit\/d\u00e9bit aux portefeuilles mobiles, pour r\u00e9pondre \u00e0 une base d&rsquo;utilisateurs diversifi\u00e9e.<\/li>\n<li><strong>Paiements internationaux :<\/strong> \u00c9largissez votre port\u00e9e \u00e0 l&rsquo;\u00e9chelle internationale en acceptant des paiements dans plusieurs devises, facilitant ainsi la t\u00e2che des utilisateurs du monde entier.<\/li>\n<li><strong>Analyses compl\u00e8tes :<\/strong> Restez organis\u00e9 et prenez des d\u00e9cisions \u00e9clair\u00e9es gr\u00e2ce \u00e0 des fonctionnalit\u00e9s de rapport d\u00e9taill\u00e9es qui vous aident \u00e0 suivre vos revenus.<\/li>\n<\/ul>\n<p><strong>Rencontrez Stripe :<\/strong> Stripe est un prestataire respect\u00e9 de passerelles de paiement, reconnu pour sa fiabilit\u00e9 et son adaptabilit\u00e9. Leur plateforme est con\u00e7ue pour offrir une exp\u00e9rience de paiement s\u00e9curis\u00e9e et sans heurts aussi bien pour les entreprises que pour les utilisateurs.<\/p>\n<p><strong>Pour commencer :<\/strong> Pour commencer \u00e0 utiliser la passerelle de paiement Stripe pour Ninja Forms, suivez ces \u00e9tapes :<\/p>\n<ol>\n<li><strong><a href=\"https:\/\/stripe.com\/\" target=\"_new\" rel=\"noopener\">Inscrivez-vous pour un compte Stripe<\/a><\/strong> : Commencez par cr\u00e9er un compte Stripe pour acc\u00e9der \u00e0 leurs puissants services de passerelle de paiement.<\/li>\n<li><strong>Configuration :<\/strong> Configurez le module compl\u00e9mentaire pour int\u00e9grer de mani\u00e8re transparente Stripe dans votre syst\u00e8me Ninja Forms.<\/li>\n<\/ol>\n<p>Ne manquez pas l&rsquo;opportunit\u00e9 d&rsquo;am\u00e9liorer vos formulaires. Propulsez votre processus de paiement au niveau sup\u00e9rieur avec la passerelle de paiement Stripe pour Ninja Forms. Simplifiez les paiements, inspirez la confiance des utilisateurs et augmentez le succ\u00e8s de vos formulaires. Lancez-vous d\u00e8s maintenant et profitez des avantages d&rsquo;une gestion de paiement en ligne sans tracas.<\/p>\n<p>Pr\u00eat \u00e0 \u00e9lever vos formulaires ? T\u00e9l\u00e9chargez la passerelle de paiement Stripe pour Ninja Forms et commencez \u00e0 accepter des paiements en toute confiance.<\/p>\n<p>Toutes les transactions sont trait\u00e9es en toute s\u00e9curit\u00e9 sur la plateforme Stripe, garantissant les plus hauts niveaux de s\u00e9curit\u00e9 et de conformit\u00e9.<\/p>\n<\/div>\n<\/div>\n<\/div>\n","protected":false},"excerpt":{"rendered":"<p>Integrate\u00a0 Stripe Gateway for Ninja Forms<\/p>\n","protected":false},"featured_media":2161,"comment_status":"open","ping_status":"closed","template":"","meta":{"_acf_changed":false},"product_cat":[52],"product_tag":[139],"class_list":{"0":"post-2160","1":"product","2":"type-product","3":"status-publish","4":"has-post-thumbnail","6":"product_cat-ninja-forms","7":"product_tag-stripe","9":"first","10":"instock","11":"shipping-taxable","12":"purchasable","13":"product-type-simple"},"acf":[],"_links":{"self":[{"href":"https:\/\/wpayo.com\/fr\/wp-json\/wp\/v2\/product\/2160","targetHints":{"allow":["GET"]}}],"collection":[{"href":"https:\/\/wpayo.com\/fr\/wp-json\/wp\/v2\/product"}],"about":[{"href":"https:\/\/wpayo.com\/fr\/wp-json\/wp\/v2\/types\/product"}],"replies":[{"embeddable":true,"href":"https:\/\/wpayo.com\/fr\/wp-json\/wp\/v2\/comments?post=2160"}],"wp:featuredmedia":[{"embeddable":true,"href":"https:\/\/wpayo.com\/fr\/wp-json\/wp\/v2\/media\/2161"}],"wp:attachment":[{"href":"https:\/\/wpayo.com\/fr\/wp-json\/wp\/v2\/media?parent=2160"}],"wp:term":[{"taxonomy":"product_cat","embeddable":true,"href":"https:\/\/wpayo.com\/fr\/wp-json\/wp\/v2\/product_cat?post=2160"},{"taxonomy":"product_tag","embeddable":true,"href":"https:\/\/wpayo.com\/fr\/wp-json\/wp\/v2\/product_tag?post=2160"}],"curies":[{"name":"wp","href":"https:\/\/api.w.org\/{rel}","templated":true}]}}