{"id":2162,"date":"2024-01-17T11:39:45","date_gmt":"2024-01-17T11:39:45","guid":{"rendered":"https:\/\/wpayo.com\/fr\/?post_type=product&#038;p=2162"},"modified":"2024-01-17T11:39:46","modified_gmt":"2024-01-17T11:39:46","slug":"stripe-payment-gateway-woocommerce","status":"publish","type":"product","link":"https:\/\/wpayo.com\/fr\/paiement-gateway\/stripe-payment-gateway-woocommerce\/","title":{"rendered":"Stripe payment gateway &#8211; WooCommerce"},"content":{"rendered":"<p>\u00cates-vous \u00e0 la recherche d&rsquo;une solution pour accepter des paiements de clients sur votre boutique WooCommerce ? La passerelle de paiement Stripe pour WooCommerce est la solution parfaite. Avec Stripe, les clients peuvent effectuer des paiements s\u00e9curis\u00e9s directement sur votre site Web et avoir leurs commandes trait\u00e9es instantan\u00e9ment.<\/p>\n<p>&lt;h3&gt;Qu&rsquo;est-ce que Stripe ?&lt;\/h3&gt; Stripe est un processeur de paiement pratique et populaire qui permet aux commer\u00e7ants d&rsquo;accepter rapidement et en toute s\u00e9curit\u00e9 des paiements en ligne. Stripe prend en charge toutes les principales cartes de cr\u00e9dit et de d\u00e9bit, ainsi que les paiements ACH des clients du monde entier. Stripe est un processeur de paiement de confiance et b\u00e9n\u00e9ficie du plus haut niveau de conformit\u00e9 PCI disponible.<\/p>\n<p>Dynamisez votre boutique de commerce \u00e9lectronique avec la passerelle de paiement Stripe pour WooCommerce. Cette extension essentielle int\u00e8gre de mani\u00e8re transparente Stripe, une passerelle de paiement fiable et polyvalente, dans votre boutique en ligne, facilitant ainsi la t\u00e2che \u00e0 vos clients pour effectuer des transactions s\u00e9curis\u00e9es et acheter leurs produits pr\u00e9f\u00e9r\u00e9s.<\/p>\n<p><strong>Pourquoi opter pour la passerelle de paiement Stripe pour WooCommerce :<\/strong><\/p>\n<ul>\n<li><strong>Processus de paiement simplifi\u00e9 :<\/strong> Simplifiez le processus de paiement, offrant aux clients une exp\u00e9rience d&rsquo;achat fluide et sans stress.<\/li>\n<li><strong>S\u00e9curit\u00e9 robuste :<\/strong> Reposez-vous sur les mesures de s\u00e9curit\u00e9 de pointe de Stripe pour prot\u00e9ger toutes les transactions de paiement, assurant la confidentialit\u00e9 des donn\u00e9es sensibles des clients.<\/li>\n<li><strong>Diversit\u00e9 des paiements :<\/strong> Acceptez une large gamme de m\u00e9thodes de paiement, des cartes de cr\u00e9dit\/d\u00e9bit aux portefeuilles num\u00e9riques, pour r\u00e9pondre \u00e0 une client\u00e8le diversifi\u00e9e.<\/li>\n<li><strong>Commerce mondial :<\/strong> \u00c9largissez votre pr\u00e9sence sur le march\u00e9 en acceptant des paiements dans plusieurs devises, facilitant les transactions internationales.<\/li>\n<li><strong>Informations compl\u00e8tes :<\/strong> Restez organis\u00e9 et prenez des d\u00e9cisions \u00e9clair\u00e9es avec des analyses d\u00e9taill\u00e9es, vous aidant \u00e0 suivre les ventes et \u00e0 optimiser votre boutique en ligne.<\/li>\n<\/ul>\n<p><strong>Rencontrez Stripe :<\/strong> Stripe est un prestataire renomm\u00e9 de passerelles de paiement, c\u00e9l\u00e9br\u00e9 pour sa fiabilit\u00e9 et son adaptabilit\u00e9. Leur plateforme est con\u00e7ue pour offrir une exp\u00e9rience de paiement s\u00e9curis\u00e9e et sans heurts aux entreprises de commerce \u00e9lectronique et \u00e0 leurs clients.<\/p>\n<p><strong>Pour commencer :<\/strong> Pour d\u00e9marrer votre parcours avec la passerelle de paiement Stripe pour WooCommerce, suivez ces \u00e9tapes :<\/p>\n<ol>\n<li><strong><a href=\"https:\/\/stripe.com\/\" target=\"_new\" rel=\"noopener\">Cr\u00e9ez un compte Stripe<\/a><\/strong> : D\u00e9marrez votre activit\u00e9 en ligne en cr\u00e9ant un compte Stripe pour acc\u00e9der \u00e0 leurs puissants services de passerelle de paiement.<\/li>\n<li><strong>Configuration :<\/strong> Configurez le module compl\u00e9mentaire pour int\u00e9grer de mani\u00e8re transparente Stripe dans votre boutique WooCommerce, assurant une exp\u00e9rience d&rsquo;achat sans tracas pour vos clients.<\/li>\n<\/ol>\n<p>Ne manquez pas l&rsquo;opportunit\u00e9 d&rsquo;am\u00e9liorer votre boutique en ligne. \u00c9levez votre processus de paiement, renforcez la confiance des clients et stimulez le succ\u00e8s de votre commerce \u00e9lectronique avec la passerelle de paiement Stripe pour WooCommerce. Lancez-vous d\u00e8s maintenant et d\u00e9couvrez les avantages d&rsquo;un shopping en ligne sans friction.<\/p>\n<p>Pr\u00eat \u00e0 propulser votre boutique en ligne vers de nouveaux sommets ? T\u00e9l\u00e9chargez la passerelle de paiement Stripe pour WooCommerce et offrez \u00e0 vos clients une exp\u00e9rience d&rsquo;achat s\u00e9curis\u00e9e, pratique et efficace.<\/p>\n","protected":false},"excerpt":{"rendered":"<p>Integrate\u00a0 Stripe Gateway for WooCommerce<\/p>\n","protected":false},"featured_media":2163,"comment_status":"open","ping_status":"closed","template":"","meta":{"_acf_changed":false},"product_cat":[47],"product_tag":[139],"class_list":{"0":"post-2162","1":"product","2":"type-product","3":"status-publish","4":"has-post-thumbnail","6":"product_cat-woocommerce","7":"product_tag-stripe","9":"first","10":"instock","11":"shipping-taxable","12":"purchasable","13":"product-type-simple"},"acf":[],"_links":{"self":[{"href":"https:\/\/wpayo.com\/fr\/wp-json\/wp\/v2\/product\/2162","targetHints":{"allow":["GET"]}}],"collection":[{"href":"https:\/\/wpayo.com\/fr\/wp-json\/wp\/v2\/product"}],"about":[{"href":"https:\/\/wpayo.com\/fr\/wp-json\/wp\/v2\/types\/product"}],"replies":[{"embeddable":true,"href":"https:\/\/wpayo.com\/fr\/wp-json\/wp\/v2\/comments?post=2162"}],"wp:featuredmedia":[{"embeddable":true,"href":"https:\/\/wpayo.com\/fr\/wp-json\/wp\/v2\/media\/2163"}],"wp:attachment":[{"href":"https:\/\/wpayo.com\/fr\/wp-json\/wp\/v2\/media?parent=2162"}],"wp:term":[{"taxonomy":"product_cat","embeddable":true,"href":"https:\/\/wpayo.com\/fr\/wp-json\/wp\/v2\/product_cat?post=2162"},{"taxonomy":"product_tag","embeddable":true,"href":"https:\/\/wpayo.com\/fr\/wp-json\/wp\/v2\/product_tag?post=2162"}],"curies":[{"name":"wp","href":"https:\/\/api.w.org\/{rel}","templated":true}]}}