{"id":2164,"date":"2024-01-17T11:39:44","date_gmt":"2024-01-17T11:39:44","guid":{"rendered":"https:\/\/wpayo.com\/fr\/?post_type=product&#038;p=2164"},"modified":"2024-01-17T11:39:45","modified_gmt":"2024-01-17T11:39:45","slug":"stripe-payment-gateway-easy-digital-downloads","status":"publish","type":"product","link":"https:\/\/wpayo.com\/fr\/paiement-gateway\/stripe-payment-gateway-easy-digital-downloads\/","title":{"rendered":"Stripe payment gateway &#8211; Easy Digital Downloads"},"content":{"rendered":"<p>Boostez vos ventes de produits num\u00e9riques avec la passerelle de paiement Stripe pour Easy Digital Downloads. Cette extension essentielle int\u00e8gre de mani\u00e8re transparente Stripe, une passerelle de paiement fiable et flexible, dans votre syst\u00e8me de vente de produits num\u00e9riques, garantissant une exp\u00e9rience s\u00e9curis\u00e9e et conviviale pour vos clients.<\/p>\n<p>La passerelle de paiement Stripe pour Easy Digital Downloads est un plugin qui vous permet d&rsquo;accepter des paiements de clients via le populaire processeur de paiement en ligne, Stripe. Avec ce plugin, vous pouvez accepter des paiements par carte de cr\u00e9dit, Apple Pay, Android Pay, et bien plus encore. Il est rapide \u00e0 configurer et facile \u00e0 utiliser, vous laissant plus de temps pour vous concentrer sur votre entreprise.<\/p>\n<p>&lt;h3&gt;Qu&rsquo;est-ce que Stripe ?&lt;\/h3&gt; Stripe est un service de paiement en ligne qui permet aux clients de payer en toute s\u00e9curit\u00e9 des biens et des services avec leur carte de cr\u00e9dit. Stripe est utilis\u00e9 par des entreprises du monde entier et fait confiance \u00e0 certaines des plus grandes entreprises telles que Amazon, Google et Microsoft. Avec Stripe, les paiements sont trait\u00e9s rapidement et en toute s\u00e9curit\u00e9, vous permettant de vous concentrer sur la gestion de votre entreprise.<\/p>\n<p><strong>Pourquoi opter pour la passerelle de paiement Stripe pour Easy Digital Downloads :<\/strong><\/p>\n<ul>\n<li><strong>Transactions num\u00e9riques sans effort :<\/strong> Simplifiez le processus de paiement, garantissant une exp\u00e9rience sans tracas pour vos clients lors de l&rsquo;achat de vos produits num\u00e9riques.<\/li>\n<li><strong>S\u00e9curit\u00e9 de pointe :<\/strong> Reposez-vous sur les fonctionnalit\u00e9s de s\u00e9curit\u00e9 de pointe de Stripe pour prot\u00e9ger chaque transaction, pr\u00e9servant la confidentialit\u00e9 des donn\u00e9es client.<\/li>\n<li><strong>Polyvalence des paiements :<\/strong> Acceptez diverses m\u00e9thodes de paiement, des cartes de cr\u00e9dit\/d\u00e9bit aux portefeuilles \u00e9lectroniques, pour r\u00e9pondre \u00e0 une client\u00e8le diversifi\u00e9e.<\/li>\n<li><strong>Ventes num\u00e9riques mondiales :<\/strong> \u00c9largissez votre port\u00e9e \u00e0 l&rsquo;\u00e9chelle mondiale en acceptant des paiements dans plusieurs devises, facilitant les transactions internationales.<\/li>\n<li><strong>Analyse compl\u00e8te :<\/strong> Restez organis\u00e9 et prenez des d\u00e9cisions \u00e9clair\u00e9es avec des outils de reporting d\u00e9taill\u00e9s, vous permettant de surveiller et d&rsquo;optimiser vos ventes num\u00e9riques.<\/li>\n<\/ul>\n<p><strong>Rencontrez Stripe :<\/strong> Stripe est un fournisseur respect\u00e9 de passerelles de paiement, reconnu pour sa fiabilit\u00e9 et son adaptabilit\u00e9. Leur plateforme est con\u00e7ue pour offrir une exp\u00e9rience de paiement s\u00e9curis\u00e9e et sans heurts aux entreprises et aux clients.<\/p>\n<p><strong>Pour commencer :<\/strong> Pour commencer \u00e0 utiliser la passerelle de paiement Stripe pour Easy Digital Downloads, suivez ces \u00e9tapes :<\/p>\n<ol>\n<li><strong><a href=\"https:\/\/stripe.com\/\" target=\"_new\" rel=\"noopener\">Cr\u00e9ez un compte Stripe<\/a><\/strong> : Commencez par cr\u00e9er un compte Stripe pour acc\u00e9der \u00e0 leurs puissants services de passerelle de paiement.<\/li>\n<li><strong>Configuration :<\/strong> Configurez le module compl\u00e9mentaire pour int\u00e9grer de mani\u00e8re transparente Stripe dans votre syst\u00e8me Easy Digital Downloads.<\/li>\n<\/ol>\n<p>Ne manquez pas l&rsquo;opportunit\u00e9 d&rsquo;am\u00e9liorer vos ventes de produits num\u00e9riques. Propulsez la distribution de vos produits en ligne avec la passerelle de paiement Stripe pour Easy Digital Downloads. Simplifiez le processus de paiement, inspirez la confiance des clients et stimulez le succ\u00e8s de vos ventes num\u00e9riques. Lancez-vous d\u00e8s maintenant et d\u00e9couvrez les avantages d&rsquo;une vente en ligne sans tracas.<\/p>\n<p>Pr\u00eat \u00e0 \u00e9lever vos ventes de produits num\u00e9riques ? T\u00e9l\u00e9chargez la passerelle de paiement Stripe pour Easy Digital Downloads et commencez \u00e0 accepter des paiements en toute confiance.<\/p>\n","protected":false},"excerpt":{"rendered":"<p>Integrate\u00a0 Stripe Gateway for Easy Digital Downloads<\/p>\n","protected":false},"featured_media":2165,"comment_status":"open","ping_status":"closed","template":"","meta":{"_acf_changed":false},"product_cat":[48],"product_tag":[139],"class_list":{"0":"post-2164","1":"product","2":"type-product","3":"status-publish","4":"has-post-thumbnail","6":"product_cat-easy-digital-downloads","7":"product_tag-stripe","9":"first","10":"instock","11":"shipping-taxable","12":"purchasable","13":"product-type-simple"},"acf":[],"_links":{"self":[{"href":"https:\/\/wpayo.com\/fr\/wp-json\/wp\/v2\/product\/2164","targetHints":{"allow":["GET"]}}],"collection":[{"href":"https:\/\/wpayo.com\/fr\/wp-json\/wp\/v2\/product"}],"about":[{"href":"https:\/\/wpayo.com\/fr\/wp-json\/wp\/v2\/types\/product"}],"replies":[{"embeddable":true,"href":"https:\/\/wpayo.com\/fr\/wp-json\/wp\/v2\/comments?post=2164"}],"wp:featuredmedia":[{"embeddable":true,"href":"https:\/\/wpayo.com\/fr\/wp-json\/wp\/v2\/media\/2165"}],"wp:attachment":[{"href":"https:\/\/wpayo.com\/fr\/wp-json\/wp\/v2\/media?parent=2164"}],"wp:term":[{"taxonomy":"product_cat","embeddable":true,"href":"https:\/\/wpayo.com\/fr\/wp-json\/wp\/v2\/product_cat?post=2164"},{"taxonomy":"product_tag","embeddable":true,"href":"https:\/\/wpayo.com\/fr\/wp-json\/wp\/v2\/product_tag?post=2164"}],"curies":[{"name":"wp","href":"https:\/\/api.w.org\/{rel}","templated":true}]}}