{"id":2167,"date":"2024-01-17T11:39:43","date_gmt":"2024-01-17T11:39:43","guid":{"rendered":"https:\/\/wpayo.com\/fr\/?post_type=product&#038;p=2167"},"modified":"2024-01-17T11:39:44","modified_gmt":"2024-01-17T11:39:44","slug":"stripe-payment-gateway-givewp","status":"publish","type":"product","link":"https:\/\/wpayo.com\/fr\/paiement-gateway\/stripe-payment-gateway-givewp\/","title":{"rendered":"Stripe payment gateway &#8211; GiveWP"},"content":{"rendered":"<p>Renforcez vos efforts de collecte de fonds avec la <strong>Passerelle de paiement Paytm pour GiveWP<\/strong>. Cette extension essentielle int\u00e8gre de mani\u00e8re transparente Paytm, une passerelle de paiement fiable et polyvalente, dans votre processus de don, facilitant ainsi la contribution s\u00e9curis\u00e9e de vos supporters \u00e0 votre cause.<\/p>\n<p>La Passerelle de paiement Paytm pour GiveWP est la solution parfaite pour les organisations \u00e0 but non lucratif et les \u0153uvres caritatives pour accepter des paiements de donateurs. Paytm est une passerelle de paiement s\u00e9curis\u00e9e, fiable et facile \u00e0 utiliser qui offre un traitement rapide des paiements, des frais de transaction bas et des enregistrements automatis\u00e9s des dons. Elle s&rsquo;int\u00e8gre parfaitement \u00e0 GiveWP pour offrir une exp\u00e9rience de don fluide aux donateurs.<\/p>\n<p>Paytm est bas\u00e9e en Inde et propose ses services dans tout le pays. Il s&rsquo;agit d&rsquo;un portefeuille num\u00e9rique et d&rsquo;une passerelle de paiement permettant aux utilisateurs de r\u00e9aliser des paiements en ligne. Paytm travaille avec toutes les principales banques et cartes de cr\u00e9dit, permettant aux utilisateurs de payer facilement des biens et des services avec leur m\u00e9thode de paiement pr\u00e9f\u00e9r\u00e9e.<\/p>\n<p>La Passerelle de paiement Paytm pour GiveWP est conviviale, s\u00e9curis\u00e9e et efficace, en faisant un choix id\u00e9al pour les organisations \u00e0 but non lucratif et les \u0153uvres caritatives qui souhaitent garantir la satisfaction des donateurs. Avec ses frais de transaction bas et ses enregistrements automatis\u00e9s des dons, elle offre une excellente mani\u00e8re d&rsquo;accepter des dons de la part des donateurs. Essayez la Passerelle de paiement Paytm pour GiveWP pour fournir \u00e0 votre organisation \u00e0 but non lucratif ou \u00e0 votre \u0153uvre caritative un moyen facile et s\u00e9curis\u00e9 d&rsquo;accepter des dons et contribuer \u00e0 rendre le monde meilleur !<\/p>\n<p><strong>Pourquoi choisir la Passerelle de paiement Paytm pour GiveWP :<\/strong><\/p>\n<ul>\n<li><strong>Donations sans effort :<\/strong> Simplifiez le processus de donation, garantissant une exp\u00e9rience fluide et conviviale pour vos supporters.<\/li>\n<li><strong>S\u00e9curit\u00e9 avanc\u00e9e :<\/strong> Fiez-vous aux fonctionnalit\u00e9s de s\u00e9curit\u00e9 de pointe de Paytm pour prot\u00e9ger toutes les transactions de dons, garantissant la confidentialit\u00e9 des donn\u00e9es sensibles des donateurs.<\/li>\n<li><strong>Polyvalence des paiements :<\/strong> Acceptez une vari\u00e9t\u00e9 de modes de paiement, des cartes de cr\u00e9dit\/d\u00e9bit aux portefeuilles num\u00e9riques, pour r\u00e9pondre \u00e0 une base diversifi\u00e9e de donateurs.<\/li>\n<li><strong>Don mondial :<\/strong> \u00c9largissez votre port\u00e9e \u00e0 l&rsquo;\u00e9chelle internationale en acceptant des dons dans plusieurs devises, facilitant la t\u00e2che des supporters du monde entier.<\/li>\n<li><strong>Rapports complets :<\/strong> Restez organis\u00e9 et prenez des d\u00e9cisions \u00e9clair\u00e9es gr\u00e2ce \u00e0 des outils de rapports d\u00e9taill\u00e9s qui vous aident \u00e0 suivre les dons et \u00e0 optimiser votre collecte de fonds.<\/li>\n<\/ul>\n<p><strong>Rencontrez Paytm :<\/strong> Paytm est un fournisseur respect\u00e9 de passerelles de paiement connu pour sa fiabilit\u00e9 et son adaptabilit\u00e9. Leur plateforme est con\u00e7ue pour offrir une exp\u00e9rience de paiement s\u00e9curis\u00e9e et transparente aux organisations \u00e0 but non lucratif et aux donateurs.<\/p>\n<p><strong>Commencer :<\/strong> Pour commencer \u00e0 utiliser la Passerelle de paiement Paytm pour GiveWP, suivez ces \u00e9tapes :<\/p>\n<ol>\n<li><strong><a href=\"https:\/\/paytm.com\/\" target=\"_new\" rel=\"noopener\">Inscrivez-vous pour un compte Paytm<\/a><\/strong> : Commencez par cr\u00e9er un compte Paytm pour acc\u00e9der \u00e0 leurs puissants services de passerelle de paiement.<\/li>\n<li><strong>Configuration :<\/strong> Configurez le module compl\u00e9mentaire pour int\u00e9grer de mani\u00e8re transparente Paytm dans votre syst\u00e8me de dons GiveWP.<\/li>\n<\/ol>\n<p>Ne manquez pas l&rsquo;opportunit\u00e9 d&rsquo;am\u00e9liorer vos efforts de collecte de fonds. Poussez votre processus de don au niveau sup\u00e9rieur avec la Passerelle de paiement Paytm pour GiveWP. Simplifiez le processus de paiement, inspirez la confiance des donateurs et boostez le succ\u00e8s de vos campagnes de collecte de fonds. Lancez-vous maintenant et d\u00e9couvrez les avantages d&rsquo;une collecte de fonds en ligne sans tracas.<\/p>\n<p>Pr\u00eat \u00e0 \u00e9lever vos collectes de fonds ? T\u00e9l\u00e9chargez la Passerelle de paiement Paytm pour GiveWP et commencez \u00e0 accepter des dons en toute confiance.<\/p>\n<div class=\"cl-preview-section\">\n<h4 id=\"disclaimer\">Avis de non-responsabilit\u00e9<\/h4>\n<\/div>\n<div class=\"cl-preview-section\">Toutes les transactions sont trait\u00e9es de mani\u00e8re s\u00e9curis\u00e9e sur la plateforme Paytm, garantissant les plus hauts niveaux de s\u00e9curit\u00e9 et de conformit\u00e9.<\/div>\n","protected":false},"excerpt":{"rendered":"<p>Integrate\u00a0 Stripe Gateway for GiveWP<\/p>\n","protected":false},"featured_media":2168,"comment_status":"open","ping_status":"closed","template":"","meta":{"_acf_changed":false},"product_cat":[87],"product_tag":[139],"class_list":{"0":"post-2167","1":"product","2":"type-product","3":"status-publish","4":"has-post-thumbnail","6":"product_cat-wpgive","7":"product_tag-stripe","9":"first","10":"instock","11":"shipping-taxable","12":"purchasable","13":"product-type-simple"},"acf":[],"_links":{"self":[{"href":"https:\/\/wpayo.com\/fr\/wp-json\/wp\/v2\/product\/2167","targetHints":{"allow":["GET"]}}],"collection":[{"href":"https:\/\/wpayo.com\/fr\/wp-json\/wp\/v2\/product"}],"about":[{"href":"https:\/\/wpayo.com\/fr\/wp-json\/wp\/v2\/types\/product"}],"replies":[{"embeddable":true,"href":"https:\/\/wpayo.com\/fr\/wp-json\/wp\/v2\/comments?post=2167"}],"wp:featuredmedia":[{"embeddable":true,"href":"https:\/\/wpayo.com\/fr\/wp-json\/wp\/v2\/media\/2168"}],"wp:attachment":[{"href":"https:\/\/wpayo.com\/fr\/wp-json\/wp\/v2\/media?parent=2167"}],"wp:term":[{"taxonomy":"product_cat","embeddable":true,"href":"https:\/\/wpayo.com\/fr\/wp-json\/wp\/v2\/product_cat?post=2167"},{"taxonomy":"product_tag","embeddable":true,"href":"https:\/\/wpayo.com\/fr\/wp-json\/wp\/v2\/product_tag?post=2167"}],"curies":[{"name":"wp","href":"https:\/\/api.w.org\/{rel}","templated":true}]}}