{"id":2234,"date":"2024-01-17T11:39:42","date_gmt":"2024-01-17T11:39:42","guid":{"rendered":"https:\/\/wpayo.com\/fr\/?post_type=product&#038;p=2234"},"modified":"2024-01-17T11:39:43","modified_gmt":"2024-01-17T11:39:43","slug":"paytm-payment-gateway-givewp","status":"publish","type":"product","link":"https:\/\/wpayo.com\/fr\/paiement-gateway\/paytm-payment-gateway-givewp\/","title":{"rendered":"Paytm Payment Gateway &#8211; GiveWP"},"content":{"rendered":"<p>Renforcez vos efforts de collecte de fonds avec la <strong>Passerelle de paiement Stripe pour GiveWP<\/strong>. Cette extension indispensable int\u00e8gre de mani\u00e8re transparente Stripe, une passerelle de paiement fiable et polyvalente, dans votre processus de don, facilitant ainsi la contribution s\u00e9curis\u00e9e de vos supporters \u00e0 votre cause.<\/p>\n<p>GiveWP est une puissante plateforme de dons cr\u00e9\u00e9e pour aider les organisations \u00e0 but non lucratif et les \u0153uvres caritatives \u00e0 collecter des dons en ligne. Avec ses formulaires de don int\u00e9gr\u00e9s, ses e-mails de re\u00e7u automatis\u00e9s et diverses passerelles de paiement, GiveWP facilite la contribution des donateurs \u00e0 votre cause. L&rsquo;une des passerelles de paiement les plus populaires pris en charge par Give WP est Stripe.<\/p>\n<h3>Qu&rsquo;est-ce que Stripe?<\/h3>\n<p>Stripe est une passerelle de paiement et une plateforme qui permet aux entreprises d&rsquo;accepter les paiements par carte de cr\u00e9dit en ligne. Avec Stripe, vous pouvez instantan\u00e9ment accepter des paiements avec toutes les principales cartes de d\u00e9bit et de cr\u00e9dit, ainsi qu&rsquo;avec des portefeuilles num\u00e9riques populaires tels que Apple Pay et Google Pay. De plus, Stripe propose des outils puissants de pr\u00e9vention de la fraude pour garantir la s\u00e9curit\u00e9 de vos transactions.<\/p>\n<p><strong>Pourquoi choisir la Passerelle de paiement Stripe pour GiveWP :<\/strong><\/p>\n<ul>\n<li><strong>Donations sans effort :<\/strong> Simplifiez le processus de donation, garantissant une exp\u00e9rience fluide et conviviale pour vos supporters.<\/li>\n<li><strong>S\u00e9curit\u00e9 avanc\u00e9e :<\/strong> Fiez-vous aux fonctionnalit\u00e9s de s\u00e9curit\u00e9 de pointe de Stripe pour prot\u00e9ger toutes les transactions de dons, garantissant la confidentialit\u00e9 des donn\u00e9es sensibles des donateurs.<\/li>\n<li><strong>Polyvalence des paiements :<\/strong> Acceptez une vari\u00e9t\u00e9 de modes de paiement, des cartes de cr\u00e9dit\/d\u00e9bit aux portefeuilles num\u00e9riques, pour r\u00e9pondre \u00e0 une base diversifi\u00e9e de donateurs.<\/li>\n<li><strong>Don mondial :<\/strong> \u00c9largissez votre port\u00e9e \u00e0 l&rsquo;\u00e9chelle internationale en acceptant des dons dans plusieurs devises, facilitant la t\u00e2che des supporters du monde entier.<\/li>\n<li><strong>Rapports complets :<\/strong> Restez organis\u00e9 et prenez des d\u00e9cisions \u00e9clair\u00e9es gr\u00e2ce \u00e0 des outils de rapports d\u00e9taill\u00e9s qui vous aident \u00e0 suivre les dons et \u00e0 optimiser votre collecte de fonds.<\/li>\n<\/ul>\n<p><strong>Rencontrez Stripe :<\/strong> Stripe est un fournisseur respect\u00e9 de passerelles de paiement connu pour sa fiabilit\u00e9 et son adaptabilit\u00e9. Leur plateforme est con\u00e7ue pour offrir une exp\u00e9rience de paiement s\u00e9curis\u00e9e et transparente aux organisations \u00e0 but non lucratif et aux donateurs.<\/p>\n<p><strong>Commencer :<\/strong> Pour commencer \u00e0 utiliser la Passerelle de paiement Stripe pour GiveWP, suivez ces \u00e9tapes :<\/p>\n<ol>\n<li><strong><a href=\"https:\/\/stripe.com\/\" target=\"_new\" rel=\"noopener\">Inscrivez-vous pour un compte Stripe<\/a><\/strong> : Commencez par cr\u00e9er un compte Stripe pour acc\u00e9der \u00e0 leurs puissants services de passerelle de paiement.<\/li>\n<li><strong>Configuration :<\/strong> Configurez le module compl\u00e9mentaire pour int\u00e9grer de mani\u00e8re transparente Stripe dans votre syst\u00e8me de dons GiveWP.<\/li>\n<\/ol>\n<p>Ne manquez pas l&rsquo;opportunit\u00e9 d&rsquo;am\u00e9liorer vos efforts de collecte de fonds. Poussez votre processus de don au niveau sup\u00e9rieur avec la Passerelle de paiement Stripe pour GiveWP. Simplifiez le processus de paiement, inspirez la confiance des donateurs et boostez le succ\u00e8s de vos campagnes de collecte de fonds. Lancez-vous maintenant et d\u00e9couvrez les avantages d&rsquo;une collecte de fonds en ligne sans tracas.<\/p>\n<p>Pr\u00eat \u00e0 \u00e9lever vos collectes de fonds ? T\u00e9l\u00e9chargez la Passerelle de paiement Stripe pour GiveWP et commencez \u00e0 accepter des dons en toute confiance.<\/p>\n<p>&nbsp;<\/p>\n<div class=\"cl-preview-section\">\n<h4 id=\"disclaimer\">Avis de non-responsabilit\u00e9<\/h4>\n<\/div>\n<div class=\"cl-preview-section\">Toutes les transactions sont trait\u00e9es de mani\u00e8re s\u00e9curis\u00e9e sur la plateforme Stripe, garantissant les plus hauts niveaux de s\u00e9curit\u00e9 et de conformit\u00e9.<\/div>\n","protected":false},"excerpt":{"rendered":"<p>Integrate\u00a0 Paytm Gateway for GiveWP<\/p>\n","protected":false},"featured_media":2236,"comment_status":"open","ping_status":"closed","template":"","meta":{"_acf_changed":false},"product_cat":[87],"product_tag":[208],"class_list":{"0":"post-2234","1":"product","2":"type-product","3":"status-publish","4":"has-post-thumbnail","6":"product_cat-wpgive","7":"product_tag-paytm","9":"first","10":"instock","11":"shipping-taxable","12":"purchasable","13":"product-type-simple"},"acf":[],"_links":{"self":[{"href":"https:\/\/wpayo.com\/fr\/wp-json\/wp\/v2\/product\/2234","targetHints":{"allow":["GET"]}}],"collection":[{"href":"https:\/\/wpayo.com\/fr\/wp-json\/wp\/v2\/product"}],"about":[{"href":"https:\/\/wpayo.com\/fr\/wp-json\/wp\/v2\/types\/product"}],"replies":[{"embeddable":true,"href":"https:\/\/wpayo.com\/fr\/wp-json\/wp\/v2\/comments?post=2234"}],"wp:featuredmedia":[{"embeddable":true,"href":"https:\/\/wpayo.com\/fr\/wp-json\/wp\/v2\/media\/2236"}],"wp:attachment":[{"href":"https:\/\/wpayo.com\/fr\/wp-json\/wp\/v2\/media?parent=2234"}],"wp:term":[{"taxonomy":"product_cat","embeddable":true,"href":"https:\/\/wpayo.com\/fr\/wp-json\/wp\/v2\/product_cat?post=2234"},{"taxonomy":"product_tag","embeddable":true,"href":"https:\/\/wpayo.com\/fr\/wp-json\/wp\/v2\/product_tag?post=2234"}],"curies":[{"name":"wp","href":"https:\/\/api.w.org\/{rel}","templated":true}]}}