{"id":2238,"date":"2024-01-17T11:39:41","date_gmt":"2024-01-17T11:39:41","guid":{"rendered":"https:\/\/wpayo.com\/fr\/?post_type=product&#038;p=2238"},"modified":"2024-01-17T11:39:42","modified_gmt":"2024-01-17T11:39:42","slug":"paytm-payment-gateway-gravity-forms","status":"publish","type":"product","link":"https:\/\/wpayo.com\/fr\/paiement-gateway\/paytm-payment-gateway-gravity-forms\/","title":{"rendered":"Paytm Payment Gateway &#8211; Gravity Forms"},"content":{"rendered":"<p>Le plugin Paytm Payment Gateway for Gravity Forms offre une solution fiable pour int\u00e9grer une passerelle de paiement \u00e0 vos Gravity Forms. Avec l&rsquo;aide de notre extension, vous pouvez accepter facilement et en toute s\u00e9curit\u00e9 des paiements sur votre site Web.<\/p>\n<h3>Qu&rsquo;est-ce que Paytm ?<\/h3>\n<p>Paytm est le principal fournisseur de solutions de paiement num\u00e9rique en Inde. Il permet aux particuliers et aux entreprises de r\u00e9aliser et de recevoir des paiements en ligne sans les tracas des traitements bancaires ou par carte de cr\u00e9dit traditionnels. Aliment\u00e9 par une technologie de pointe, Paytm offre aux clients un moyen s\u00e9curis\u00e9 et rapide de payer des biens et des services en ligne. Avec Paytm, les utilisateurs peuvent effectuer des paiements via leur compte bancaire, leurs cartes de d\u00e9bit, leurs cartes de cr\u00e9dit, ainsi que des portefeuilles num\u00e9riques tels que Google Pay et Apple Pay.<\/p>\n<p>Am\u00e9liorez vos capacit\u00e9s de traitement de formulaire avec le Paytm Payment Gateway for Gravity Forms. Cette extension essentielle int\u00e8gre de mani\u00e8re transparente Paytm, une passerelle de paiement fiable et polyvalente, dans vos formulaires, facilitant la r\u00e9alisation de paiements s\u00e9curis\u00e9s tout en soumettant des informations, des demandes ou des requ\u00eates.<\/p>\n<p><strong>Pourquoi choisir le Paytm Payment Gateway for Gravity Forms :<\/strong><\/p>\n<ul>\n<li><strong>Transactions sans effort :<\/strong> Simplifiez le processus de paiement dans vos formulaires, garantissant une exp\u00e9rience sans tracas pour vos utilisateurs.<\/li>\n<li><strong>S\u00e9curit\u00e9 avanc\u00e9e :<\/strong> Reposez-vous sur les fonctionnalit\u00e9s de s\u00e9curit\u00e9 de pointe de Paytm pour prot\u00e9ger toutes les transactions, assurant la confidentialit\u00e9 des donn\u00e9es sensibles des utilisateurs.<\/li>\n<li><strong>Polyvalence des paiements :<\/strong> Acceptez diverses m\u00e9thodes de paiement, des cartes de cr\u00e9dit\/d\u00e9bit aux portefeuilles \u00e9lectroniques, pour r\u00e9pondre \u00e0 une base d&rsquo;utilisateurs diversifi\u00e9e.<\/li>\n<li><strong>Paiements mondiaux :<\/strong> \u00c9largissez votre port\u00e9e \u00e0 l&rsquo;\u00e9chelle internationale en acceptant des paiements dans plusieurs devises, facilitant la vie des utilisateurs du monde entier.<\/li>\n<li><strong>Analytiques compl\u00e8tes :<\/strong> Restez organis\u00e9 et prenez des d\u00e9cisions \u00e9clair\u00e9es avec des fonctionnalit\u00e9s de reporting d\u00e9taill\u00e9es qui vous aident \u00e0 suivre vos revenus.<\/li>\n<\/ul>\n<p><strong>Rencontrez Paytm :<\/strong> Paytm est un fournisseur respect\u00e9 de passerelles de paiement, reconnu pour sa fiabilit\u00e9 et son adaptabilit\u00e9. Leur plateforme est con\u00e7ue pour offrir une exp\u00e9rience de paiement s\u00e9curis\u00e9e et sans heurts aux entreprises et aux utilisateurs.<\/p>\n<p><strong>Pour commencer :<\/strong> Pour commencer \u00e0 utiliser le Paytm Payment Gateway for Gravity Forms, suivez ces \u00e9tapes :<\/p>\n<ol>\n<li><strong><a href=\"https:\/\/paytm.com\/\" target=\"_new\" rel=\"noopener\">Inscrivez-vous pour un compte Paytm<\/a><\/strong> : Commencez par cr\u00e9er un compte Paytm pour acc\u00e9der \u00e0 leurs puissants services de passerelle de paiement.<\/li>\n<li><strong>Configuration :<\/strong> Configurez le module compl\u00e9mentaire pour int\u00e9grer de mani\u00e8re transparente Paytm dans votre syst\u00e8me Gravity Forms.<\/li>\n<\/ol>\n<p>Ne manquez pas l&rsquo;opportunit\u00e9 d&rsquo;am\u00e9liorer vos formulaires. Portez votre processus de paiement au niveau sup\u00e9rieur avec le Paytm Payment Gateway for Gravity Forms. Simplifiez les paiements, inspirez la confiance des utilisateurs et boostez le succ\u00e8s de vos formulaires. Lancez-vous d\u00e8s maintenant et d\u00e9couvrez les avantages des paiements en ligne sans tracas.<\/p>\n<p>Pr\u00eat \u00e0 \u00e9lever vos formulaires ? T\u00e9l\u00e9chargez le Paytm Payment Gateway for Gravity Forms et commencez \u00e0 accepter des paiements en toute confiance.<\/p>\n<div class=\"cl-preview-section\">\n<h4 id=\"disclaimer\">Avis de non-responsabilit\u00e9<\/h4>\n<\/div>\n<div class=\"cl-preview-section\">\n<p>Toutes les transactions sont trait\u00e9es en toute s\u00e9curit\u00e9 sur la plateforme Paytm, garantissant les plus hauts niveaux de s\u00e9curit\u00e9 et de conformit\u00e9.<\/p>\n<\/div>\n","protected":false},"excerpt":{"rendered":"<p>Integrate\u00a0 Paytm Gateway for Gravity Forms<\/p>\n","protected":false},"featured_media":2257,"comment_status":"open","ping_status":"closed","template":"","meta":{"_acf_changed":false},"product_cat":[50],"product_tag":[208],"class_list":{"0":"post-2238","1":"product","2":"type-product","3":"status-publish","4":"has-post-thumbnail","6":"product_cat-gravity-forms","7":"product_tag-paytm","9":"first","10":"instock","11":"shipping-taxable","12":"purchasable","13":"product-type-simple"},"acf":[],"_links":{"self":[{"href":"https:\/\/wpayo.com\/fr\/wp-json\/wp\/v2\/product\/2238","targetHints":{"allow":["GET"]}}],"collection":[{"href":"https:\/\/wpayo.com\/fr\/wp-json\/wp\/v2\/product"}],"about":[{"href":"https:\/\/wpayo.com\/fr\/wp-json\/wp\/v2\/types\/product"}],"replies":[{"embeddable":true,"href":"https:\/\/wpayo.com\/fr\/wp-json\/wp\/v2\/comments?post=2238"}],"wp:featuredmedia":[{"embeddable":true,"href":"https:\/\/wpayo.com\/fr\/wp-json\/wp\/v2\/media\/2257"}],"wp:attachment":[{"href":"https:\/\/wpayo.com\/fr\/wp-json\/wp\/v2\/media?parent=2238"}],"wp:term":[{"taxonomy":"product_cat","embeddable":true,"href":"https:\/\/wpayo.com\/fr\/wp-json\/wp\/v2\/product_cat?post=2238"},{"taxonomy":"product_tag","embeddable":true,"href":"https:\/\/wpayo.com\/fr\/wp-json\/wp\/v2\/product_tag?post=2238"}],"curies":[{"name":"wp","href":"https:\/\/api.w.org\/{rel}","templated":true}]}}