{"id":2240,"date":"2024-01-17T11:39:40","date_gmt":"2024-01-17T11:39:40","guid":{"rendered":"https:\/\/wpayo.com\/fr\/?post_type=product&#038;p=2240"},"modified":"2024-01-17T11:39:41","modified_gmt":"2024-01-17T11:39:41","slug":"paytm-payment-gateway-contact-form-7","status":"publish","type":"product","link":"https:\/\/wpayo.com\/fr\/paiement-gateway\/paytm-payment-gateway-contact-form-7\/","title":{"rendered":"Paytm Payment Gateway &#8211; Contact Form 7"},"content":{"rendered":"<p>Am\u00e9liorez les capacit\u00e9s de traitement de vos formulaires avec la passerelle de paiement<strong> Paytm pour Contact Form 7<\/strong>. Cette extension essentielle int\u00e8gre de mani\u00e8re transparente Paytm, une passerelle de paiement fiable et polyvalente, dans vos formulaires, permettant \u00e0 vos utilisateurs de r\u00e9aliser des paiements s\u00e9curis\u00e9s tout en soumettant des demandes, des requ\u00eates ou des informations.<\/p>\n<p>La passerelle de paiement Paytm pour Contact Form 7 est une passerelle de paiement puissante, fiable et s\u00e9curis\u00e9e permettant l&rsquo;int\u00e9gration avec vos formulaires Contact Form 7. Ce plugin vous permet d&rsquo;int\u00e9grer Paytm en tant que processeur de paiement dans votre formulaire, offrant aux utilisateurs la possibilit\u00e9 de payer via leur portefeuille Paytm ou leur carte de d\u00e9bit\/cr\u00e9dit. Avec ce formidable plugin, vous pouvez facilement accepter des paiements sur votre site Web sans tracas.<\/p>\n<h3>Qu&rsquo;est-ce que Paytm ?<\/h3>\n<p>Paytm est l&rsquo;une des solutions de paiement mobile les plus populaires en Inde, permettant aux utilisateurs de r\u00e9aliser des paiements en ligne via leurs smartphones. Fond\u00e9e en 2010, elle est devenue l&rsquo;un des principaux portefeuilles num\u00e9riques en Inde, offrant aux clients une plateforme s\u00fbre et s\u00e9curis\u00e9e pour effectuer leurs transactions financi\u00e8res. Avec sa large gamme de services tels que la recharge mobile, les paiements de factures d&rsquo;\u00e9nergie, les recharges DTH, les paiements en ligne et plus encore, Paytm a r\u00e9volutionn\u00e9 la mani\u00e8re dont les gens effectuent des paiements en Inde.<\/p>\n<p><strong>Pourquoi choisir la passerelle de paiement Paytm pour Contact Form 7 :<\/strong><\/p>\n<ul>\n<li><strong>Transactions sans faille :<\/strong> Simplifiez le processus de paiement dans vos formulaires, garantissant une exp\u00e9rience sans tracas pour vos utilisateurs.<\/li>\n<li><strong>S\u00e9curit\u00e9 avanc\u00e9e :<\/strong> Fiez-vous aux fonctionnalit\u00e9s de s\u00e9curit\u00e9 de pointe de Paytm pour prot\u00e9ger toutes les transactions de paiement, assurant la confidentialit\u00e9 des donn\u00e9es sensibles des utilisateurs.<\/li>\n<li><strong>Polyvalence des paiements :<\/strong> Acceptez une vari\u00e9t\u00e9 de modes de paiement, des cartes de cr\u00e9dit\/d\u00e9bit aux portefeuilles num\u00e9riques, pour r\u00e9pondre \u00e0 une base d&rsquo;utilisateurs diversifi\u00e9e.<\/li>\n<li><strong>Paiements mondiaux :<\/strong> \u00c9largissez votre port\u00e9e \u00e0 l&rsquo;\u00e9chelle internationale en acceptant des paiements dans plusieurs devises, facilitant la t\u00e2che des utilisateurs du monde entier.<\/li>\n<li><strong>Rapports complets :<\/strong> Restez organis\u00e9 et prenez des d\u00e9cisions \u00e9clair\u00e9es gr\u00e2ce \u00e0 des fonctionnalit\u00e9s de rapports d\u00e9taill\u00e9s qui vous aident \u00e0 suivre vos revenus.<\/li>\n<\/ul>\n<p><strong>Rencontrez Paytm :<\/strong> Paytm est un fournisseur respect\u00e9 de passerelles de paiement connu pour sa fiabilit\u00e9 et son adaptabilit\u00e9. Leur plateforme est con\u00e7ue pour offrir une exp\u00e9rience de paiement s\u00e9curis\u00e9e et transparente aux entreprises et aux utilisateurs.<\/p>\n<p><strong>Pour commencer :<\/strong> Pour commencer \u00e0 utiliser la passerelle de paiement Paytm pour Contact Form 7, suivez ces \u00e9tapes :<\/p>\n<ol>\n<li><strong><a href=\"https:\/\/paytm.com\/\" target=\"_new\" rel=\"noopener\">Inscrivez-vous pour un compte Paytm<\/a><\/strong> : Commencez par cr\u00e9er un compte Paytm pour acc\u00e9der \u00e0 leurs puissants services de passerelle de paiement.<\/li>\n<li><strong>Configuration :<\/strong> Configurez le module compl\u00e9mentaire pour int\u00e9grer de mani\u00e8re transparente Paytm dans votre syst\u00e8me Contact Form 7.<\/li>\n<\/ol>\n<p>Ne manquez pas l&rsquo;opportunit\u00e9 d&rsquo;am\u00e9liorer vos formulaires. Poussez le processus de paiement, inspirez la confiance des utilisateurs et boostez le succ\u00e8s de vos formulaires. Lancez-vous maintenant et d\u00e9couvrez les avantages des paiements en ligne sans tracas.<\/p>\n<p>Pr\u00eat \u00e0 rehausser vos formulaires ? T\u00e9l\u00e9chargez la passerelle de paiement Paytm pour Contact Form 7 et commencez \u00e0 accepter des paiements en toute confiance.<\/p>\n<p>&nbsp;<\/p>\n<div class=\"cl-preview-section\">\n<h4 id=\"disclaimer\">Avis de non-responsabilit\u00e9<\/h4>\n<\/div>\n<div class=\"cl-preview-section\">Toutes les transactions sont trait\u00e9es de mani\u00e8re s\u00e9curis\u00e9e sur la plateforme Paytm, garantissant les plus hauts niveaux de s\u00e9curit\u00e9 et de conformit\u00e9.<\/div>\n","protected":false},"excerpt":{"rendered":"<p>Integrate\u00a0 Paytm Gateway for Contact Form 7<\/p>\n","protected":false},"featured_media":2241,"comment_status":"open","ping_status":"closed","template":"","meta":{"_acf_changed":false},"product_cat":[53],"product_tag":[208],"class_list":{"0":"post-2240","1":"product","2":"type-product","3":"status-publish","4":"has-post-thumbnail","6":"product_cat-contact-form-7","7":"product_tag-paytm","9":"first","10":"instock","11":"shipping-taxable","12":"purchasable","13":"product-type-simple"},"acf":[],"_links":{"self":[{"href":"https:\/\/wpayo.com\/fr\/wp-json\/wp\/v2\/product\/2240","targetHints":{"allow":["GET"]}}],"collection":[{"href":"https:\/\/wpayo.com\/fr\/wp-json\/wp\/v2\/product"}],"about":[{"href":"https:\/\/wpayo.com\/fr\/wp-json\/wp\/v2\/types\/product"}],"replies":[{"embeddable":true,"href":"https:\/\/wpayo.com\/fr\/wp-json\/wp\/v2\/comments?post=2240"}],"wp:featuredmedia":[{"embeddable":true,"href":"https:\/\/wpayo.com\/fr\/wp-json\/wp\/v2\/media\/2241"}],"wp:attachment":[{"href":"https:\/\/wpayo.com\/fr\/wp-json\/wp\/v2\/media?parent=2240"}],"wp:term":[{"taxonomy":"product_cat","embeddable":true,"href":"https:\/\/wpayo.com\/fr\/wp-json\/wp\/v2\/product_cat?post=2240"},{"taxonomy":"product_tag","embeddable":true,"href":"https:\/\/wpayo.com\/fr\/wp-json\/wp\/v2\/product_tag?post=2240"}],"curies":[{"name":"wp","href":"https:\/\/api.w.org\/{rel}","templated":true}]}}