{"id":2242,"date":"2024-01-17T11:39:39","date_gmt":"2024-01-17T11:39:39","guid":{"rendered":"https:\/\/wpayo.com\/fr\/?post_type=product&#038;p=2242"},"modified":"2024-01-17T11:39:40","modified_gmt":"2024-01-17T11:39:40","slug":"paytm-payment-gateway-learndash","status":"publish","type":"product","link":"https:\/\/wpayo.com\/fr\/paiement-gateway\/paytm-payment-gateway-learndash\/","title":{"rendered":"Paytm Payment Gateway &#8211; LearnDash"},"content":{"rendered":"<p>Rehaussez votre plateforme d&rsquo;apprentissage en ligne avec la passerelle de paiement Paytm pour LearnDash. Cette extension essentielle int\u00e8gre de mani\u00e8re transparente Paytm, une passerelle de paiement fiable et polyvalente, dans votre processus d&rsquo;inscription aux cours et de paiement, facilitant l&rsquo;inscription de vos utilisateurs aux cours et la r\u00e9alisation de paiements s\u00e9curis\u00e9s.<\/p>\n<p><strong>Pourquoi choisir la passerelle de paiement Paytm pour LearnDash :<\/strong><\/p>\n<ul>\n<li><strong>Inscription aux cours sans effort :<\/strong> Simplifiez le processus d&rsquo;inscription aux cours et de paiement, garantissant une exp\u00e9rience fluide et conviviale pour vos utilisateurs.<\/li>\n<li><strong>S\u00e9curit\u00e9 avanc\u00e9e :<\/strong> Fiez-vous aux fonctionnalit\u00e9s de s\u00e9curit\u00e9 de pointe de Paytm pour prot\u00e9ger toutes les transactions de paiement, assurant la confidentialit\u00e9 des donn\u00e9es sensibles des utilisateurs.<\/li>\n<li><strong>Polyvalence des paiements :<\/strong> Acceptez une vari\u00e9t\u00e9 de modes de paiement, des cartes de cr\u00e9dit\/d\u00e9bit aux portefeuilles num\u00e9riques, pour r\u00e9pondre \u00e0 une base d&rsquo;utilisateurs diversifi\u00e9e.<\/li>\n<li><strong>Apprentissage mondial :<\/strong> \u00c9largissez votre port\u00e9e \u00e0 l&rsquo;\u00e9chelle internationale en acceptant des paiements dans plusieurs devises, facilitant la t\u00e2che des utilisateurs du monde entier.<\/li>\n<li><strong>Rapports complets :<\/strong> Restez organis\u00e9 et prenez des d\u00e9cisions \u00e9clair\u00e9es gr\u00e2ce \u00e0 des fonctionnalit\u00e9s de rapports d\u00e9taill\u00e9s qui vous aident \u00e0 suivre vos inscriptions aux cours et vos revenus.<\/li>\n<\/ul>\n<p><strong>Rencontrez Paytm :<\/strong> Paytm est un fournisseur respect\u00e9 de passerelles de paiement connu pour sa fiabilit\u00e9 et son adaptabilit\u00e9. Leur plateforme est con\u00e7ue pour offrir une exp\u00e9rience de paiement s\u00e9curis\u00e9e et transparente aux \u00e9tablissements \u00e9ducatifs et aux utilisateurs.<\/p>\n<p>Paytm est la principale plateforme de paiement num\u00e9rique en Inde qui offre un moyen rapide, fiable et s\u00e9curis\u00e9 de r\u00e9aliser des paiements. En un clic, les clients peuvent payer facilement avec leur portefeuille Paytm ou leurs comptes bancaires compatibles UPI. Il devient rapidement l&rsquo;une des solutions les plus populaires pour les paiements en ligne en Inde.<\/p>\n<p>Avec la passerelle de paiement Paytm, vous pouvez facilement accepter les paiements de vos clients sans vous soucier de la s\u00e9curit\u00e9 ou de la fiabilit\u00e9. Elle offre un environnement s\u00e9curis\u00e9 avec un cryptage multicouche pour prot\u00e9ger les donn\u00e9es de vos clients et les informations de transaction. Vous pouvez \u00e9galement acc\u00e9der \u00e0 des rapports d\u00e9taill\u00e9s et \u00e0 des analyses pour obtenir des informations pr\u00e9cieuses sur votre performance financi\u00e8re.<\/p>\n<p><strong>Pour commencer :<\/strong> Pour commencer \u00e0 utiliser la passerelle de paiement Paytm pour LearnDash, suivez ces \u00e9tapes :<\/p>\n<ol>\n<li><strong><a href=\"https:\/\/paytm.com\/\" target=\"_new\" rel=\"noopener\">Inscrivez-vous pour un compte Paytm<\/a><\/strong> : Commencez par cr\u00e9er un compte Paytm pour acc\u00e9der \u00e0 leurs puissants services de passerelle de paiement.<\/li>\n<li><strong>Configuration :<\/strong> Configurez le module compl\u00e9mentaire pour int\u00e9grer de mani\u00e8re transparente Paytm dans votre syst\u00e8me d&rsquo;apprentissage LearnDash.<\/li>\n<\/ol>\n<p>Ne manquez pas l&rsquo;opportunit\u00e9 d&rsquo;am\u00e9liorer vos cours en ligne. Poussez le processus de paiement, inspirez la confiance des utilisateurs et boostez le succ\u00e8s de votre plateforme \u00e9ducative. Lancez-vous maintenant et d\u00e9couvrez les avantages d&rsquo;un apprentissage en ligne sans tracas.<\/p>\n<p>Pr\u00eat \u00e0 rehausser votre plateforme d&rsquo;apprentissage en ligne ? T\u00e9l\u00e9chargez la passerelle de paiement Paytm pour LearnDash et commencez \u00e0 accepter des paiements en toute confiance.<\/p>\n<p>&nbsp;<\/p>\n<div class=\"cl-preview-section\">\n<h4 id=\"disclaimer\">Avis de non-responsabilit\u00e9<\/h4>\n<\/div>\n<div class=\"cl-preview-section\">Toutes les transactions sont trait\u00e9es de mani\u00e8re s\u00e9curis\u00e9e sur la plateforme Paytm, garantissant les plus hauts niveaux de s\u00e9curit\u00e9 et de conformit\u00e9.<\/div>\n","protected":false},"excerpt":{"rendered":"<p>Integrate\u00a0 Paytm Gateway for LearnDash<\/p>\n","protected":false},"featured_media":2243,"comment_status":"open","ping_status":"closed","template":"","meta":{"_acf_changed":false},"product_cat":[55],"product_tag":[208],"class_list":{"0":"post-2242","1":"product","2":"type-product","3":"status-publish","4":"has-post-thumbnail","6":"product_cat-learndash","7":"product_tag-paytm","9":"first","10":"instock","11":"shipping-taxable","12":"purchasable","13":"product-type-simple"},"acf":[],"_links":{"self":[{"href":"https:\/\/wpayo.com\/fr\/wp-json\/wp\/v2\/product\/2242","targetHints":{"allow":["GET"]}}],"collection":[{"href":"https:\/\/wpayo.com\/fr\/wp-json\/wp\/v2\/product"}],"about":[{"href":"https:\/\/wpayo.com\/fr\/wp-json\/wp\/v2\/types\/product"}],"replies":[{"embeddable":true,"href":"https:\/\/wpayo.com\/fr\/wp-json\/wp\/v2\/comments?post=2242"}],"wp:featuredmedia":[{"embeddable":true,"href":"https:\/\/wpayo.com\/fr\/wp-json\/wp\/v2\/media\/2243"}],"wp:attachment":[{"href":"https:\/\/wpayo.com\/fr\/wp-json\/wp\/v2\/media?parent=2242"}],"wp:term":[{"taxonomy":"product_cat","embeddable":true,"href":"https:\/\/wpayo.com\/fr\/wp-json\/wp\/v2\/product_cat?post=2242"},{"taxonomy":"product_tag","embeddable":true,"href":"https:\/\/wpayo.com\/fr\/wp-json\/wp\/v2\/product_tag?post=2242"}],"curies":[{"name":"wp","href":"https:\/\/api.w.org\/{rel}","templated":true}]}}