{"id":2247,"date":"2024-01-17T11:39:36","date_gmt":"2024-01-17T11:39:36","guid":{"rendered":"https:\/\/wpayo.com\/fr\/?post_type=product&#038;p=2247"},"modified":"2024-01-17T11:39:37","modified_gmt":"2024-01-17T11:39:37","slug":"paytm-payment-gateway-events-manager","status":"publish","type":"product","link":"https:\/\/wpayo.com\/fr\/paiement-gateway\/paytm-payment-gateway-events-manager\/","title":{"rendered":"Paytm Payment Gateway &#8211; Events Manager"},"content":{"rendered":"<p>La passerelle de paiement Paytm pour Events Manager est un plugin WordPress con\u00e7u pour faciliter la vie des organisateurs d&rsquo;\u00e9v\u00e9nements. Il offre une passerelle de paiement facile \u00e0 utiliser et s\u00e9curis\u00e9e qui permet aux clients de payer les frais d&rsquo;\u00e9v\u00e9nement avec leur portefeuille Paytm ou toute carte de d\u00e9bit\/cr\u00e9dit. Le plugin s&rsquo;int\u00e8gre de mani\u00e8re transparente avec le plugin Events Manager, vous permettant de configurer rapidement et facilement des \u00e9v\u00e9nements et d&rsquo;accepter des paiements sans avoir \u00e0 quitter le tableau de bord d&rsquo;administration WordPress.<\/p>\n<h3>Qu&rsquo;est-ce que Paytm ?<\/h3>\n<p>Paytm est une plateforme de paiement num\u00e9rique indienne et un service de portefeuille, offrant des options de paiement pratiques et s\u00e9curis\u00e9es pour les entreprises en ligne et hors ligne. Il prend en charge les paiements par carte de d\u00e9bit\/cr\u00e9dit, UPI (Interface de paiement unifi\u00e9e), portefeuilles, ainsi que la banque en ligne. Les clients peuvent \u00e9galement utiliser leur portefeuille Paytm pour effectuer des paiements pour des \u00e9v\u00e9nements.<\/p>\n<p>Rehaussez votre gestion d&rsquo;\u00e9v\u00e9nements avec la passerelle de paiement Paytm pour Events Manager. Cette extension essentielle int\u00e8gre de mani\u00e8re transparente Paytm, une passerelle de paiement fiable et polyvalente, dans votre processus d&rsquo;inscription aux \u00e9v\u00e9nements et de paiement, facilitant l&rsquo;inscription de vos utilisateurs aux \u00e9v\u00e9nements et la r\u00e9alisation de paiements s\u00e9curis\u00e9s.<\/p>\n<p><strong>Pourquoi choisir la passerelle de paiement Paytm pour Events Manager :<\/strong><\/p>\n<ul>\n<li><strong>Inscription aux \u00e9v\u00e9nements sans effort :<\/strong> Simplifiez le processus d&rsquo;inscription aux \u00e9v\u00e9nements et de paiement, garantissant une exp\u00e9rience fluide et conviviale pour vos utilisateurs.<\/li>\n<li><strong>S\u00e9curit\u00e9 avanc\u00e9e :<\/strong> Fiez-vous aux fonctionnalit\u00e9s de s\u00e9curit\u00e9 de pointe de Paytm pour prot\u00e9ger toutes les transactions de paiement, assurant la confidentialit\u00e9 des donn\u00e9es sensibles des utilisateurs.<\/li>\n<li><strong>Polyvalence des paiements :<\/strong> Acceptez une vari\u00e9t\u00e9 de modes de paiement, des cartes de cr\u00e9dit\/d\u00e9bit aux portefeuilles num\u00e9riques, pour r\u00e9pondre \u00e0 une base d&rsquo;utilisateurs diversifi\u00e9e.<\/li>\n<li><strong>Gestion mondiale des \u00e9v\u00e9nements :<\/strong> \u00c9largissez votre port\u00e9e \u00e0 l&rsquo;\u00e9chelle internationale en acceptant des paiements dans plusieurs devises, facilitant la t\u00e2che des utilisateurs du monde entier.<\/li>\n<li><strong>Rapports complets :<\/strong> Restez organis\u00e9 et prenez des d\u00e9cisions \u00e9clair\u00e9es gr\u00e2ce \u00e0 des fonctionnalit\u00e9s de rapports d\u00e9taill\u00e9s qui vous aident \u00e0 suivre vos inscriptions aux \u00e9v\u00e9nements et vos revenus.<\/li>\n<\/ul>\n<p><strong>Rencontrez Paytm :<\/strong> Paytm est un fournisseur respect\u00e9 de passerelles de paiement connu pour sa fiabilit\u00e9 et son adaptabilit\u00e9. Leur plateforme est con\u00e7ue pour offrir une exp\u00e9rience de paiement s\u00e9curis\u00e9e et transparente aux organisateurs d&rsquo;\u00e9v\u00e9nements et aux utilisateurs.<\/p>\n<p><strong>Pour commencer :<\/strong> Pour commencer \u00e0 utiliser la passerelle de paiement Paytm pour Events Manager, suivez ces \u00e9tapes :<\/p>\n<ol>\n<li><strong><a href=\"https:\/\/paytm.com\/\" target=\"_new\" rel=\"noopener\">Inscrivez-vous pour un compte Paytm<\/a><\/strong> : Commencez par cr\u00e9er un compte Paytm pour acc\u00e9der \u00e0 leurs puissants services de passerelle de paiement.<\/li>\n<li><strong>Configuration :<\/strong> Configurez le module compl\u00e9mentaire pour int\u00e9grer de mani\u00e8re transparente Paytm dans votre syst\u00e8me Events Manager.<\/li>\n<\/ol>\n<p>Ne manquez pas l&rsquo;opportunit\u00e9 d&rsquo;am\u00e9liorer votre gestion d&rsquo;\u00e9v\u00e9nements. Poussez votre processus d&rsquo;inscription aux \u00e9v\u00e9nements vers le niveau sup\u00e9rieur avec la passerelle de paiement Paytm pour Events Manager. Simplifiez le processus de paiement, inspirez la confiance des utilisateurs et boostez le succ\u00e8s de votre plateforme d&rsquo;\u00e9v\u00e9nements. Lancez-vous maintenant et d\u00e9couvrez les avantages d&rsquo;une gestion d&rsquo;\u00e9v\u00e9nements en ligne sans tracas.<\/p>\n<p>Pr\u00eat \u00e0 rehausser votre gestion d&rsquo;\u00e9v\u00e9nements ? T\u00e9l\u00e9chargez la passerelle de paiement Paytm pour Events Manager et commencez \u00e0 accepter des paiements en toute confiance.<\/p>\n<p>&nbsp;<\/p>\n<div class=\"cl-preview-section\">\n<h4 id=\"disclaimer\">Avis de non-responsabilit\u00e9<\/h4>\n<\/div>\n<div class=\"cl-preview-section\">Toutes les transactions sont trait\u00e9es de mani\u00e8re s\u00e9curis\u00e9e sur la plateforme Paytm, garantissant les plus hauts niveaux de s\u00e9curit\u00e9 et de conformit\u00e9.<\/div>\n","protected":false},"excerpt":{"rendered":"<p>Integrate\u00a0 Paytm Gateway for Events Manager Pro<\/p>\n","protected":false},"featured_media":2248,"comment_status":"open","ping_status":"closed","template":"","meta":{"_acf_changed":false},"product_cat":[116],"product_tag":[208],"class_list":{"0":"post-2247","1":"product","2":"type-product","3":"status-publish","4":"has-post-thumbnail","6":"product_cat-events-manager-pro","7":"product_tag-paytm","9":"first","10":"instock","11":"shipping-taxable","12":"purchasable","13":"product-type-simple"},"acf":[],"_links":{"self":[{"href":"https:\/\/wpayo.com\/fr\/wp-json\/wp\/v2\/product\/2247","targetHints":{"allow":["GET"]}}],"collection":[{"href":"https:\/\/wpayo.com\/fr\/wp-json\/wp\/v2\/product"}],"about":[{"href":"https:\/\/wpayo.com\/fr\/wp-json\/wp\/v2\/types\/product"}],"replies":[{"embeddable":true,"href":"https:\/\/wpayo.com\/fr\/wp-json\/wp\/v2\/comments?post=2247"}],"wp:featuredmedia":[{"embeddable":true,"href":"https:\/\/wpayo.com\/fr\/wp-json\/wp\/v2\/media\/2248"}],"wp:attachment":[{"href":"https:\/\/wpayo.com\/fr\/wp-json\/wp\/v2\/media?parent=2247"}],"wp:term":[{"taxonomy":"product_cat","embeddable":true,"href":"https:\/\/wpayo.com\/fr\/wp-json\/wp\/v2\/product_cat?post=2247"},{"taxonomy":"product_tag","embeddable":true,"href":"https:\/\/wpayo.com\/fr\/wp-json\/wp\/v2\/product_tag?post=2247"}],"curies":[{"name":"wp","href":"https:\/\/api.w.org\/{rel}","templated":true}]}}