{"id":2249,"date":"2024-01-17T11:39:35","date_gmt":"2024-01-17T11:39:35","guid":{"rendered":"https:\/\/wpayo.com\/fr\/?post_type=product&#038;p=2249"},"modified":"2024-01-17T11:39:36","modified_gmt":"2024-01-17T11:39:36","slug":"paytm-payment-gateway-ninjaforms","status":"publish","type":"product","link":"https:\/\/wpayo.com\/fr\/paiement-gateway\/paytm-payment-gateway-ninjaforms\/","title":{"rendered":"Paytm Payment Gateway &#8211; NinjaForms"},"content":{"rendered":"<p>Optimisez vos soumissions de formulaires avec la passerelle de paiement Paytm pour NinjaForms. Cette extension essentielle int\u00e8gre de mani\u00e8re transparente Paytm, une passerelle de paiement fiable et polyvalente, dans vos formulaires, permettant aux utilisateurs de r\u00e9aliser des paiements s\u00e9curis\u00e9s tout en soumettant des informations, des demandes ou des requ\u00eates.<\/p>\n<p>La passerelle de paiement Paytm pour NinjaForms est un plugin WordPress qui int\u00e8gre la passerelle de paiement Paytm avec NinjaForms. Avec ce plugin, vous pouvez facilement accepter des paiements de vos clients et traiter en toute s\u00e9curit\u00e9 leurs transactions via Paytm. Ce plugin vous aide \u00e0 ajouter rapidement et facilement des formulaires de paiement \u00e0 votre site Web.<\/p>\n<h3>Qu&rsquo;est-ce que Paytm ?<\/h3>\n<p>Paytm est une soci\u00e9t\u00e9 indienne de portefeuille num\u00e9rique et de paiement \u00e9lectronique bas\u00e9e en Inde. Elle permet aux utilisateurs de r\u00e9aliser des paiements en ligne ou en magasin en utilisant leur portefeuille Paytm, UPI, carte de d\u00e9bit, carte de cr\u00e9dit ou net banking. Avec la passerelle de paiement Paytm pour NinjaForms, vous pouvez int\u00e9grer la passerelle dans vos formulaires afin que les clients puissent payer directement depuis leur portefeuille Paytm ou d&rsquo;autres m\u00e9thodes de paiement disponibles sur la plateforme.<\/p>\n<p><strong>Pourquoi choisir la passerelle de paiement Paytm pour NinjaForms :<\/strong><\/p>\n<ul>\n<li><strong>Transactions sans faille :<\/strong> Simplifiez le processus de paiement dans vos formulaires, garantissant une exp\u00e9rience sans tracas pour vos utilisateurs.<\/li>\n<li><strong>S\u00e9curit\u00e9 avanc\u00e9e :<\/strong> Fiez-vous aux fonctionnalit\u00e9s de s\u00e9curit\u00e9 de pointe de Paytm pour prot\u00e9ger toutes les transactions de paiement, assurant la confidentialit\u00e9 des donn\u00e9es sensibles des utilisateurs.<\/li>\n<li><strong>Polyvalence des paiements :<\/strong> Acceptez une vari\u00e9t\u00e9 de modes de paiement, des cartes de d\u00e9bit\/cr\u00e9dit aux portefeuilles num\u00e9riques, pour r\u00e9pondre \u00e0 une base d&rsquo;utilisateurs diversifi\u00e9e.<\/li>\n<li><strong>Paiements mondiaux :<\/strong> \u00c9largissez votre port\u00e9e \u00e0 l&rsquo;\u00e9chelle internationale en acceptant des paiements dans plusieurs devises, facilitant la t\u00e2che des utilisateurs du monde entier.<\/li>\n<li><strong>Rapports complets :<\/strong> Restez organis\u00e9 et prenez des d\u00e9cisions \u00e9clair\u00e9es gr\u00e2ce \u00e0 des fonctionnalit\u00e9s de rapports d\u00e9taill\u00e9s qui vous aident \u00e0 suivre vos revenus.<\/li>\n<\/ul>\n<p><strong>Rencontrez Paytm :<\/strong> Paytm est un fournisseur respect\u00e9 de passerelles de paiement connu pour sa fiabilit\u00e9 et son adaptabilit\u00e9. Leur plateforme est con\u00e7ue pour offrir une exp\u00e9rience de paiement s\u00e9curis\u00e9e et transparente aux entreprises et aux utilisateurs.<\/p>\n<p><strong>Pour commencer :<\/strong> Pour commencer \u00e0 utiliser la passerelle de paiement Paytm pour NinjaForms, suivez ces \u00e9tapes :<\/p>\n<ol>\n<li><strong><a href=\"https:\/\/paytm.com\/\" target=\"_new\" rel=\"noopener\">Inscrivez-vous pour un compte Paytm<\/a><\/strong> : Commencez par cr\u00e9er un compte Paytm pour acc\u00e9der \u00e0 leurs puissants services de passerelle de paiement.<\/li>\n<li><strong>Configuration :<\/strong> Configurez le module compl\u00e9mentaire pour int\u00e9grer de mani\u00e8re transparente Paytm dans votre syst\u00e8me NinjaForms.<\/li>\n<\/ol>\n<p>Ne manquez pas l&rsquo;opportunit\u00e9 d&rsquo;am\u00e9liorer vos formulaires. Poussez le processus de paiement, inspirez la confiance des utilisateurs et boostez le succ\u00e8s de vos formulaires. Lancez-vous maintenant et d\u00e9couvrez les avantages des paiements en ligne sans tracas.<\/p>\n<p>Pr\u00eat \u00e0 \u00e9lever vos formulaires ? T\u00e9l\u00e9chargez la passerelle de paiement Paytm pour NinjaForms et commencez \u00e0 accepter des paiements en toute confiance.<\/p>\n<p>&nbsp;<\/p>\n<div class=\"cl-preview-section\">\n<h4 id=\"disclaimer\">Avis de non-responsabilit\u00e9<\/h4>\n<\/div>\n<div class=\"cl-preview-section\">Toutes les transactions sont trait\u00e9es de mani\u00e8re s\u00e9curis\u00e9e sur la plateforme Paytm, garantissant les plus hauts niveaux de s\u00e9curit\u00e9 et de conformit\u00e9.<\/div>\n","protected":false},"excerpt":{"rendered":"<p>Integrate\u00a0 Paytm Gateway for NinjaForms<\/p>\n","protected":false},"featured_media":2250,"comment_status":"open","ping_status":"closed","template":"","meta":{"_acf_changed":false},"product_cat":[52],"product_tag":[208],"class_list":{"0":"post-2249","1":"product","2":"type-product","3":"status-publish","4":"has-post-thumbnail","6":"product_cat-ninja-forms","7":"product_tag-paytm","9":"first","10":"instock","11":"shipping-taxable","12":"purchasable","13":"product-type-simple"},"acf":[],"_links":{"self":[{"href":"https:\/\/wpayo.com\/fr\/wp-json\/wp\/v2\/product\/2249","targetHints":{"allow":["GET"]}}],"collection":[{"href":"https:\/\/wpayo.com\/fr\/wp-json\/wp\/v2\/product"}],"about":[{"href":"https:\/\/wpayo.com\/fr\/wp-json\/wp\/v2\/types\/product"}],"replies":[{"embeddable":true,"href":"https:\/\/wpayo.com\/fr\/wp-json\/wp\/v2\/comments?post=2249"}],"wp:featuredmedia":[{"embeddable":true,"href":"https:\/\/wpayo.com\/fr\/wp-json\/wp\/v2\/media\/2250"}],"wp:attachment":[{"href":"https:\/\/wpayo.com\/fr\/wp-json\/wp\/v2\/media?parent=2249"}],"wp:term":[{"taxonomy":"product_cat","embeddable":true,"href":"https:\/\/wpayo.com\/fr\/wp-json\/wp\/v2\/product_cat?post=2249"},{"taxonomy":"product_tag","embeddable":true,"href":"https:\/\/wpayo.com\/fr\/wp-json\/wp\/v2\/product_tag?post=2249"}],"curies":[{"name":"wp","href":"https:\/\/api.w.org\/{rel}","templated":true}]}}