{"id":2251,"date":"2024-01-17T11:39:34","date_gmt":"2024-01-17T11:39:34","guid":{"rendered":"https:\/\/wpayo.com\/fr\/?post_type=product&#038;p=2251"},"modified":"2024-01-17T11:39:35","modified_gmt":"2024-01-17T11:39:35","slug":"paytm-payment-gateway-woocommerce","status":"publish","type":"product","link":"https:\/\/wpayo.com\/fr\/paiement-gateway\/paytm-payment-gateway-woocommerce\/","title":{"rendered":"Paytm Payment Gateway &#8211; WooCommerce"},"content":{"rendered":"<p>\u00cates-vous \u00e0 la recherche d&rsquo;un moyen fiable, s\u00e9curis\u00e9 et rentable pour accepter les paiements sur votre boutique en ligne WooCommerce ? Ne cherchez pas plus loin que la passerelle de paiement Paytm pour WooCommerce. Ce plugin permet \u00e0 vos clients de payer via la passerelle de paiement Paytm en utilisant leur carte de cr\u00e9dit, carte de d\u00e9bit, le paiement bancaire en ligne ou le portefeuille Paytm. Il a \u00e9t\u00e9 con\u00e7u pour \u00eatre facile \u00e0 utiliser et \u00e0 mettre en \u0153uvre sur n&rsquo;importe quel site Web WordPress.<\/p>\n<h3>Qu&rsquo;est-ce que Paytm ?<\/h3>\n<p>Paytm est une plateforme de technologie financi\u00e8re et de paiement num\u00e9rique bas\u00e9e en Inde. Elle permet aux utilisateurs de r\u00e9aliser des paiements en ligne avec leur carte de d\u00e9bit, carte de cr\u00e9dit, paiement bancaire en ligne, UPI ou portefeuille Paytm. Elle propose \u00e9galement divers services tels que le paiement de factures, la r\u00e9servation de billets, la recharge mobile, etc. La passerelle de paiement Paytm pour WooCommerce transforme votre boutique WooCommerce.<\/p>\n<p>Transformez votre boutique WooCommerce avec la passerelle de paiement Paytm. Cette extension essentielle int\u00e8gre de mani\u00e8re transparente Paytm, une passerelle de paiement fiable et polyvalente, dans votre boutique en ligne, offrant aux clients un moyen s\u00e9curis\u00e9 et pratique de finaliser leurs transactions et d&rsquo;acheter leurs produits pr\u00e9f\u00e9r\u00e9s.<\/p>\n<p><strong>Pourquoi choisir la passerelle de paiement Paytm pour WooCommerce :<\/strong><\/p>\n<ul>\n<li><strong>Processus de paiement simplifi\u00e9 :<\/strong> Simplifiez le processus de paiement, offrant aux clients une exp\u00e9rience d&rsquo;achat fluide et sans tracas.<\/li>\n<li><strong>S\u00e9curit\u00e9 avanc\u00e9e :<\/strong> Faites confiance aux mesures de s\u00e9curit\u00e9 de pointe de Paytm pour prot\u00e9ger toutes les transactions, garantissant la confidentialit\u00e9 des donn\u00e9es sensibles des clients.<\/li>\n<li><strong>Versatilit\u00e9 des paiements :<\/strong> Acceptez une large gamme de m\u00e9thodes de paiement, des cartes de d\u00e9bit\/cr\u00e9dit aux portefeuilles num\u00e9riques, pour r\u00e9pondre \u00e0 une client\u00e8le diversifi\u00e9e.<\/li>\n<li><strong>Commerce mondial :<\/strong> \u00c9largissez votre pr\u00e9sence sur le march\u00e9 en acceptant des paiements dans plusieurs devises, facilitant les transactions internationales.<\/li>\n<li><strong>Informations compl\u00e8tes :<\/strong> Restez organis\u00e9 et prenez des d\u00e9cisions \u00e9clair\u00e9es gr\u00e2ce \u00e0 des analyses d\u00e9taill\u00e9es, vous aidant \u00e0 suivre les ventes et \u00e0 optimiser votre boutique en ligne.<\/li>\n<\/ul>\n<p><strong>Rencontrez Paytm :<\/strong> Paytm est un fournisseur respect\u00e9 de passerelles de paiement, c\u00e9l\u00e9br\u00e9 pour sa fiabilit\u00e9 et son adaptabilit\u00e9. Leur plateforme est con\u00e7ue pour offrir une exp\u00e9rience de paiement s\u00e9curis\u00e9e et fluide pour les entreprises et les clients.<\/p>\n<p><strong>Comment commencer :<\/strong> Pour commencer \u00e0 utiliser la passerelle de paiement Paytm pour WooCommerce, suivez ces \u00e9tapes :<\/p>\n<ol>\n<li><strong><a href=\"https:\/\/paytm.com\/\" target=\"_new\" rel=\"noopener\">Inscrivez-vous pour un compte Paytm<\/a><\/strong> : Commencez par cr\u00e9er un compte Paytm pour acc\u00e9der \u00e0 leurs puissants services de passerelle de paiement.<\/li>\n<li><strong>Configuration<\/strong> : Configurez et mettez en place l&rsquo;extension pour int\u00e9grer Paytm dans votre boutique WooCommerce de mani\u00e8re transparente.<\/li>\n<\/ol>\n<p>Ne manquez pas l&rsquo;occasion d&rsquo;am\u00e9liorer votre boutique en ligne. Propulsez votre processus de paiement, inspirez la confiance des clients et augmentez le succ\u00e8s de votre commerce \u00e9lectronique avec la passerelle de paiement Paytm pour WooCommerce. Lancez-vous d\u00e8s maintenant et d\u00e9couvrez les avantages d&rsquo;un shopping en ligne sans friction.<\/p>\n<p>Pr\u00eat \u00e0 emmener votre boutique en ligne vers de nouveaux sommets ? T\u00e9l\u00e9chargez la passerelle de paiement Paytm pour WooCommerce et offrez \u00e0 vos clients une exp\u00e9rience d&rsquo;achat s\u00e9curis\u00e9e, pratique et efficace.<\/p>\n<div class=\"cl-preview-section\">\n<h4 id=\"disclaimer\">Avis de non-responsabilit\u00e9<\/h4>\n<\/div>\n<div class=\"cl-preview-section\">\n<p>Toutes les transactions sont trait\u00e9es en toute s\u00e9curit\u00e9 sur la plateforme Paytm, garantissant les plus hauts niveaux de s\u00e9curit\u00e9 et de conformit\u00e9.<\/p>\n<\/div>\n","protected":false},"excerpt":{"rendered":"<p>Integrate\u00a0 Paytm Gateway for WooCommerce<\/p>\n","protected":false},"featured_media":2252,"comment_status":"open","ping_status":"closed","template":"","meta":{"_acf_changed":false},"product_cat":[47],"product_tag":[208],"class_list":{"0":"post-2251","1":"product","2":"type-product","3":"status-publish","4":"has-post-thumbnail","6":"product_cat-woocommerce","7":"product_tag-paytm","9":"first","10":"instock","11":"shipping-taxable","12":"purchasable","13":"product-type-simple"},"acf":[],"_links":{"self":[{"href":"https:\/\/wpayo.com\/fr\/wp-json\/wp\/v2\/product\/2251","targetHints":{"allow":["GET"]}}],"collection":[{"href":"https:\/\/wpayo.com\/fr\/wp-json\/wp\/v2\/product"}],"about":[{"href":"https:\/\/wpayo.com\/fr\/wp-json\/wp\/v2\/types\/product"}],"replies":[{"embeddable":true,"href":"https:\/\/wpayo.com\/fr\/wp-json\/wp\/v2\/comments?post=2251"}],"wp:featuredmedia":[{"embeddable":true,"href":"https:\/\/wpayo.com\/fr\/wp-json\/wp\/v2\/media\/2252"}],"wp:attachment":[{"href":"https:\/\/wpayo.com\/fr\/wp-json\/wp\/v2\/media?parent=2251"}],"wp:term":[{"taxonomy":"product_cat","embeddable":true,"href":"https:\/\/wpayo.com\/fr\/wp-json\/wp\/v2\/product_cat?post=2251"},{"taxonomy":"product_tag","embeddable":true,"href":"https:\/\/wpayo.com\/fr\/wp-json\/wp\/v2\/product_tag?post=2251"}],"curies":[{"name":"wp","href":"https:\/\/api.w.org\/{rel}","templated":true}]}}