{"id":2254,"date":"2024-01-17T11:39:33","date_gmt":"2024-01-17T11:39:33","guid":{"rendered":"https:\/\/wpayo.com\/fr\/?post_type=product&#038;p=2254"},"modified":"2024-01-17T11:39:34","modified_gmt":"2024-01-17T11:39:34","slug":"paytm-payment-gateway-easy-digital-downloads","status":"publish","type":"product","link":"https:\/\/wpayo.com\/fr\/paiement-gateway\/paytm-payment-gateway-easy-digital-downloads\/","title":{"rendered":"Paytm Payment Gateway &#8211; Easy Digital Downloads"},"content":{"rendered":"<p>La passerelle de paiement Paytm pour Easy Digital Downloads est un puissant et efficace plugin WordPress qui permet aux utilisateurs d&rsquo;accepter des paiements via Paytm, le principal fournisseur de portefeuilles num\u00e9riques en Inde. Ce plugin facilite les achats pour les clients qui peuvent d\u00e9sormais effectuer des achats directement depuis leur portefeuille Paytm, offrant ainsi une mani\u00e8re s\u00e9curis\u00e9e et pratique de faire des achats en ligne. Gr\u00e2ce \u00e0 ce plugin, les entreprises peuvent tirer parti de la popularit\u00e9 croissante de Paytm et offrir \u00e0 leurs clients une passerelle de paiement facile et fiable.<\/p>\n<h3>Qu&rsquo;est-ce que Paytm ?<\/h3>\n<p>Paytm est un syst\u00e8me de paiement \u00e9lectronique et une soci\u00e9t\u00e9 de portefeuille num\u00e9rique bas\u00e9e \u00e0 Noida, en Inde. Lanc\u00e9 en ao\u00fbt 2010, il offre un moyen s\u00e9curis\u00e9 et pratique aux clients de r\u00e9aliser des paiements en ligne. Avec plus de 350 millions d&rsquo;utilisateurs, Paytm est l&rsquo;une des passerelles de paiement les plus populaires en Inde, offrant une large gamme de services tels que les paiements mobiles, les achats, le paiement de factures, les recharges et les transferts d&rsquo;argent num\u00e9rique. Gr\u00e2ce \u00e0 ce plugin, les entreprises peuvent maintenant profiter de la popularit\u00e9 croissante de Paytm et offrir \u00e0 leurs clients une passerelle de paiement s\u00e9curis\u00e9e et pratique.<\/p>\n<p>Optimisez votre plateforme de vente de produits num\u00e9riques avec la passerelle de paiement Paytm pour Easy Digital Downloads. Cette extension essentielle int\u00e8gre de mani\u00e8re transparente Paytm, une passerelle de paiement fiable et polyvalente, dans votre syst\u00e8me de vente de produits num\u00e9riques, garantissant une exp\u00e9rience s\u00e9curis\u00e9e et conviviale pour vos clients.<\/p>\n<p><strong>Pourquoi choisir la passerelle de paiement Paytm pour Easy Digital Downloads :<\/strong><\/p>\n<ul>\n<li><strong>Transactions num\u00e9riques sans effort :<\/strong> Simplifiez le processus de paiement, garantissant une exp\u00e9rience sans tracas pour vos clients lors de l&rsquo;achat de vos produits num\u00e9riques.<\/li>\n<li><strong>S\u00e9curit\u00e9 avanc\u00e9e :<\/strong> Fiez-vous aux fonctionnalit\u00e9s de s\u00e9curit\u00e9 de pointe de Paytm pour prot\u00e9ger chaque transaction, pr\u00e9servant la confidentialit\u00e9 des donn\u00e9es client.<\/li>\n<li><strong>Polyvalence des paiements :<\/strong> Acceptez une large gamme de modes de paiement, des cartes de d\u00e9bit\/cr\u00e9dit aux portefeuilles num\u00e9riques, pour r\u00e9pondre \u00e0 une base de clients diversifi\u00e9e.<\/li>\n<li><strong>Ventes num\u00e9riques mondiales :<\/strong> \u00c9tendez votre port\u00e9e \u00e0 l&rsquo;\u00e9chelle mondiale en acceptant des paiements dans plusieurs devises, facilitant les transactions internationales.<\/li>\n<li><strong>Rapports complets :<\/strong> Restez organis\u00e9 et prenez des d\u00e9cisions \u00e9clair\u00e9es gr\u00e2ce \u00e0 des outils de rapports d\u00e9taill\u00e9s, vous permettant de surveiller et d&rsquo;optimiser vos ventes num\u00e9riques.<\/li>\n<\/ul>\n<p><strong>Rencontrez Paytm :<\/strong> Paytm est un fournisseur respect\u00e9 de passerelles de paiement connu pour sa fiabilit\u00e9 et son adaptabilit\u00e9. Leur plateforme est con\u00e7ue pour offrir une exp\u00e9rience de paiement s\u00e9curis\u00e9e et transparente aux entreprises et aux clients.<\/p>\n<p><strong>Pour commencer :<\/strong> Pour commencer \u00e0 utiliser la passerelle de paiement Paytm pour Easy Digital Downloads, suivez ces \u00e9tapes :<\/p>\n<ol>\n<li><strong><a href=\"https:\/\/paytm.com\/\" target=\"_new\" rel=\"noopener\">Inscrivez-vous pour un compte Paytm<\/a><\/strong> : Commencez par cr\u00e9er un compte Paytm pour acc\u00e9der \u00e0 leurs puissants services de passerelle de paiement.<\/li>\n<li><strong>Configuration :<\/strong> Configurez le module compl\u00e9mentaire pour int\u00e9grer de mani\u00e8re transparente Paytm dans votre syst\u00e8me Easy Digital Downloads.<\/li>\n<\/ol>\n<p>Ne manquez pas l&rsquo;opportunit\u00e9 d&rsquo;am\u00e9liorer vos ventes num\u00e9riques. Poussez le processus de paiement, inspirez la confiance des clients et boostez le succ\u00e8s de vos ventes num\u00e9riques. Lancez-vous maintenant et d\u00e9couvrez les avantages d&rsquo;une vente en ligne sans tracas.<\/p>\n<p>Pr\u00eat \u00e0 \u00e9lever vos ventes de produits num\u00e9riques ? T\u00e9l\u00e9chargez la passerelle de paiement Paytm pour Easy Digital Downloads et commencez \u00e0 accepter des paiements en toute confiance.<\/p>\n<p>&nbsp;<\/p>\n<div class=\"cl-preview-section\">\n<h4 id=\"disclaimer\">Avis de non-responsabilit\u00e9<\/h4>\n<\/div>\n<div class=\"cl-preview-section\">Toutes les transactions sont trait\u00e9es de mani\u00e8re s\u00e9curis\u00e9e sur la plateforme Paytm, garantissant les plus hauts niveaux de s\u00e9curit\u00e9 et de conformit\u00e9.<\/div>\n","protected":false},"excerpt":{"rendered":"<p>Integrate\u00a0 Paytm Gateway for Easy Digital Downloads<\/p>\n","protected":false},"featured_media":2255,"comment_status":"open","ping_status":"closed","template":"","meta":{"_acf_changed":false},"product_cat":[48],"product_tag":[208],"class_list":{"0":"post-2254","1":"product","2":"type-product","3":"status-publish","4":"has-post-thumbnail","6":"product_cat-easy-digital-downloads","7":"product_tag-paytm","9":"first","10":"instock","11":"shipping-taxable","12":"purchasable","13":"product-type-simple"},"acf":[],"_links":{"self":[{"href":"https:\/\/wpayo.com\/fr\/wp-json\/wp\/v2\/product\/2254","targetHints":{"allow":["GET"]}}],"collection":[{"href":"https:\/\/wpayo.com\/fr\/wp-json\/wp\/v2\/product"}],"about":[{"href":"https:\/\/wpayo.com\/fr\/wp-json\/wp\/v2\/types\/product"}],"replies":[{"embeddable":true,"href":"https:\/\/wpayo.com\/fr\/wp-json\/wp\/v2\/comments?post=2254"}],"wp:featuredmedia":[{"embeddable":true,"href":"https:\/\/wpayo.com\/fr\/wp-json\/wp\/v2\/media\/2255"}],"wp:attachment":[{"href":"https:\/\/wpayo.com\/fr\/wp-json\/wp\/v2\/media?parent=2254"}],"wp:term":[{"taxonomy":"product_cat","embeddable":true,"href":"https:\/\/wpayo.com\/fr\/wp-json\/wp\/v2\/product_cat?post=2254"},{"taxonomy":"product_tag","embeddable":true,"href":"https:\/\/wpayo.com\/fr\/wp-json\/wp\/v2\/product_tag?post=2254"}],"curies":[{"name":"wp","href":"https:\/\/api.w.org\/{rel}","templated":true}]}}