{"id":2258,"date":"2024-01-17T11:39:32","date_gmt":"2024-01-17T11:39:32","guid":{"rendered":"https:\/\/wpayo.com\/fr\/?post_type=product&#038;p=2258"},"modified":"2024-01-17T11:39:33","modified_gmt":"2024-01-17T11:39:33","slug":"payu-payment-gateway-gravity-forms","status":"publish","type":"product","link":"https:\/\/wpayo.com\/fr\/paiement-gateway\/payu-payment-gateway-gravity-forms\/","title":{"rendered":"Payu Payment Gateway &#8211; Gravity Forms"},"content":{"rendered":"<p>La passerelle de paiement PayU pour Gravity Forms est un plugin qui permet aux utilisateurs d&rsquo;int\u00e9grer la passerelle de paiement PayU dans leurs Gravity Forms. PayU est une solution de paiement en ligne populaire qui permet aux entreprises d&rsquo;accepter des paiements de clients via divers modes de paiement tels que les cartes de cr\u00e9dit, les cartes de d\u00e9bit et la banque en ligne. En utilisant la passerelle de paiement PayU pour Gravity Forms, les entreprises peuvent facilement ajouter une option de paiement \u00e0 leurs Gravity Forms, facilitant ainsi aux clients de r\u00e9aliser des paiements directement via le formulaire. Ce plugin simplifie le processus de paiement et am\u00e9liore l&rsquo;exp\u00e9rience globale des utilisateurs pour les entreprises et les clients.<\/p>\n<p>Am\u00e9liorez les fonctionnalit\u00e9s de vos Gravity Forms avec la passerelle de paiement PayU. Cette extension essentielle int\u00e8gre de mani\u00e8re transparente PayU, une passerelle de paiement fiable et polyvalente, dans vos formulaires, permettant aux utilisateurs d&rsquo;effectuer des paiements s\u00e9curis\u00e9s tout en soumettant des informations, des demandes ou des requ\u00eates.<\/p>\n<p><strong>Pourquoi choisir la passerelle de paiement PayU pour Gravity Forms :<\/strong><\/p>\n<ul>\n<li><strong>Transactions sans effort :<\/strong> Simplifiez le processus de paiement au sein de vos formulaires, garantissant une exp\u00e9rience fluide et conviviale pour vos utilisateurs.<\/li>\n<li><strong>S\u00e9curit\u00e9 avanc\u00e9e :<\/strong> Fiez-vous aux fonctionnalit\u00e9s de s\u00e9curit\u00e9 de pointe de PayU pour prot\u00e9ger toutes les transactions, assurant la confidentialit\u00e9 des donn\u00e9es sensibles des utilisateurs.<\/li>\n<li><strong>Polyvalence des paiements :<\/strong> Acceptez une vari\u00e9t\u00e9 de m\u00e9thodes de paiement, des cartes de d\u00e9bit\/cr\u00e9dit aux portefeuilles num\u00e9riques, r\u00e9pondant \u00e0 une base d&rsquo;utilisateurs diversifi\u00e9e.<\/li>\n<li><strong>Paiements mondiaux :<\/strong> \u00c9largissez votre port\u00e9e \u00e0 l&rsquo;\u00e9chelle internationale en acceptant des paiements dans plusieurs devises, offrant ainsi une commodit\u00e9 aux utilisateurs du monde entier.<\/li>\n<li><strong>Analytiques compl\u00e8tes :<\/strong> Restez organis\u00e9 et prenez des d\u00e9cisions \u00e9clair\u00e9es gr\u00e2ce \u00e0 des fonctionnalit\u00e9s de rapports d\u00e9taill\u00e9s qui vous aident \u00e0 suivre vos revenus.<\/li>\n<\/ul>\n<p><strong>Rencontrez PayU :<\/strong> PayU est un fournisseur respect\u00e9 de passerelles de paiement connu pour sa fiabilit\u00e9 et son adaptabilit\u00e9. Leur plateforme est con\u00e7ue pour offrir une exp\u00e9rience de paiement s\u00e9curis\u00e9e et transparente aux entreprises et aux utilisateurs.<\/p>\n<p><strong>Pour commencer :<\/strong> Pour commencer \u00e0 utiliser la passerelle de paiement PayU pour Gravity Forms, suivez ces \u00e9tapes :<\/p>\n<ol>\n<li><strong><a href=\"https:\/\/www.payu.com\/\" target=\"_new\" rel=\"noopener\">Inscrivez-vous pour un compte PayU<\/a><\/strong> : Commencez par cr\u00e9er un compte PayU pour acc\u00e9der \u00e0 leurs puissants services de passerelle de paiement.<\/li>\n<li><strong>Configuration :<\/strong> Configurez le module compl\u00e9mentaire pour int\u00e9grer de mani\u00e8re transparente PayU dans votre syst\u00e8me Gravity Forms.<\/li>\n<\/ol>\n<p>Ne manquez pas l&rsquo;opportunit\u00e9 d&rsquo;am\u00e9liorer vos formulaires. Poussez le processus de paiement, inspirez la confiance des utilisateurs et boostez le succ\u00e8s de vos formulaires. Lancez-vous maintenant et d\u00e9couvrez les avantages des paiements en ligne sans tracas.<\/p>\n<p>Pr\u00eat \u00e0 \u00e9lever vos formulaires ? T\u00e9l\u00e9chargez la passerelle de paiement PayU pour Gravity Forms et commencez \u00e0 accepter des paiements en toute confiance.<\/p>\n<p>&nbsp;<\/p>\n<div class=\"cl-preview-section\">\n<h4 id=\"disclaimer\">Avis de non-responsabilit\u00e9<\/h4>\n<\/div>\n<div class=\"cl-preview-section\">Toutes les transactions sont trait\u00e9es de mani\u00e8re s\u00e9curis\u00e9e sur la plateforme PayU, garantissant les plus hauts niveaux de s\u00e9curit\u00e9 et de conformit\u00e9.<\/div>\n","protected":false},"excerpt":{"rendered":"<p>Integrate\u00a0 Payu Gateway for\u00a0 Gravity Forms<\/p>\n","protected":false},"featured_media":2259,"comment_status":"open","ping_status":"closed","template":"","meta":{"_acf_changed":false},"product_cat":[50],"product_tag":[211,157],"class_list":{"0":"post-2258","1":"product","2":"type-product","3":"status-publish","4":"has-post-thumbnail","6":"product_cat-gravity-forms","7":"product_tag-payu-india","8":"product_tag-payu","10":"first","11":"instock","12":"shipping-taxable","13":"purchasable","14":"product-type-simple"},"acf":[],"_links":{"self":[{"href":"https:\/\/wpayo.com\/fr\/wp-json\/wp\/v2\/product\/2258","targetHints":{"allow":["GET"]}}],"collection":[{"href":"https:\/\/wpayo.com\/fr\/wp-json\/wp\/v2\/product"}],"about":[{"href":"https:\/\/wpayo.com\/fr\/wp-json\/wp\/v2\/types\/product"}],"replies":[{"embeddable":true,"href":"https:\/\/wpayo.com\/fr\/wp-json\/wp\/v2\/comments?post=2258"}],"wp:featuredmedia":[{"embeddable":true,"href":"https:\/\/wpayo.com\/fr\/wp-json\/wp\/v2\/media\/2259"}],"wp:attachment":[{"href":"https:\/\/wpayo.com\/fr\/wp-json\/wp\/v2\/media?parent=2258"}],"wp:term":[{"taxonomy":"product_cat","embeddable":true,"href":"https:\/\/wpayo.com\/fr\/wp-json\/wp\/v2\/product_cat?post=2258"},{"taxonomy":"product_tag","embeddable":true,"href":"https:\/\/wpayo.com\/fr\/wp-json\/wp\/v2\/product_tag?post=2258"}],"curies":[{"name":"wp","href":"https:\/\/api.w.org\/{rel}","templated":true}]}}