{"id":2260,"date":"2024-01-17T11:39:31","date_gmt":"2024-01-17T11:39:31","guid":{"rendered":"https:\/\/wpayo.com\/fr\/?post_type=product&#038;p=2260"},"modified":"2024-01-17T11:39:32","modified_gmt":"2024-01-17T11:39:32","slug":"payu-payment-gateway-woocommerce","status":"publish","type":"product","link":"https:\/\/wpayo.com\/fr\/paiement-gateway\/payu-payment-gateway-woocommerce\/","title":{"rendered":"Payu Payment Gateway &#8211; WooCommerce"},"content":{"rendered":"<p>La passerelle de paiement PayU pour WooCommerce est un plugin qui permet aux commer\u00e7ants en ligne d&rsquo;int\u00e9grer la passerelle de paiement PayU dans leurs boutiques WooCommerce. PayU est un prestataire de services de paiement en ligne de premier plan qui permet aux entreprises d&rsquo;accepter des paiements en ligne de mani\u00e8re s\u00e9curis\u00e9e et pratique. Avec ce plugin, les commer\u00e7ants peuvent offrir \u00e0 leurs clients une large gamme d&rsquo;options de paiement, notamment les cartes de cr\u00e9dit et de d\u00e9bit, la banque en ligne et les portefeuilles num\u00e9riques. La passerelle de paiement PayU pour WooCommerce garantit une exp\u00e9rience de paiement fluide et sans tracas tant pour le commer\u00e7ant que pour le client, am\u00e9liorant l&rsquo;exp\u00e9rience d&rsquo;achat globale et augmentant la satisfaction client.<\/p>\n<p>Rehaussez votre boutique WooCommerce avec la passerelle de paiement PayU. Cette extension essentielle int\u00e8gre de mani\u00e8re transparente PayU, une passerelle de paiement fiable et polyvalente, dans votre boutique en ligne, offrant aux clients un moyen s\u00e9curis\u00e9 et pratique de finaliser leurs transactions et d&rsquo;acheter leurs produits pr\u00e9f\u00e9r\u00e9s.<\/p>\n<p><strong>Pourquoi choisir la passerelle de paiement PayU pour WooCommerce :<\/strong><\/p>\n<ul>\n<li><strong>Commande simplifi\u00e9e :<\/strong> Simplifiez le processus de commande, offrant aux clients une exp\u00e9rience d&rsquo;achat fluide et sans tracas.<\/li>\n<li><strong>S\u00e9curit\u00e9 avanc\u00e9e :<\/strong> Fiez-vous aux mesures de s\u00e9curit\u00e9 de pointe de PayU pour prot\u00e9ger toutes les transactions, assurant la confidentialit\u00e9 des donn\u00e9es sensibles des clients.<\/li>\n<li><strong>Diversit\u00e9 des paiements :<\/strong> Acceptez une large gamme de m\u00e9thodes de paiement, des cartes de d\u00e9bit\/cr\u00e9dit aux portefeuilles num\u00e9riques, r\u00e9pondant \u00e0 une base de clients diversifi\u00e9e.<\/li>\n<li><strong>Commerce mondial :<\/strong> \u00c9largissez votre pr\u00e9sence sur le march\u00e9 en acceptant des paiements dans plusieurs devises, facilitant les transactions internationales.<\/li>\n<li><strong>Informations compl\u00e8tes :<\/strong> Restez organis\u00e9 et prenez des d\u00e9cisions \u00e9clair\u00e9es avec des analyses d\u00e9taill\u00e9es qui vous aident \u00e0 suivre les ventes et \u00e0 optimiser votre boutique en ligne.<\/li>\n<\/ul>\n<p><strong>Rencontrez PayU :<\/strong> PayU est un fournisseur respect\u00e9 de passerelles de paiement c\u00e9l\u00e9br\u00e9 pour sa fiabilit\u00e9 et son adaptabilit\u00e9. Leur plateforme est con\u00e7ue pour offrir une exp\u00e9rience de paiement s\u00e9curis\u00e9e et transparente aux entreprises et aux clients.<\/p>\n<p><strong>Pour commencer :<\/strong> Pour commencer \u00e0 utiliser la passerelle de paiement PayU pour WooCommerce, suivez ces \u00e9tapes :<\/p>\n<ol>\n<li><strong><a href=\"https:\/\/www.payu.com\/\" target=\"_new\" rel=\"noopener\">Inscrivez-vous pour un compte PayU<\/a><\/strong> : Commencez par cr\u00e9er un compte PayU pour acc\u00e9der \u00e0 leurs puissants services de passerelle de paiement.<\/li>\n<li><strong>Configuration :<\/strong> Configurez le module compl\u00e9mentaire pour int\u00e9grer de mani\u00e8re transparente PayU dans votre boutique WooCommerce.<\/li>\n<\/ol>\n<p>Ne manquez pas l&rsquo;opportunit\u00e9 d&rsquo;am\u00e9liorer votre boutique en ligne. Rehaussez votre processus de paiement, renforcez la confiance des clients et stimulez le succ\u00e8s de votre commerce \u00e9lectronique avec la passerelle de paiement PayU pour WooCommerce. Lancez-vous maintenant et d\u00e9couvrez les avantages du shopping en ligne sans friction.<\/p>\n<p>Pr\u00eat \u00e0 porter votre boutique en ligne \u00e0 de nouveaux sommets ? T\u00e9l\u00e9chargez la passerelle de paiement PayU pour WooCommerce et offrez \u00e0 vos clients une exp\u00e9rience d&rsquo;achat s\u00e9curis\u00e9e, pratique et efficace.<\/p>\n<p>&nbsp;<\/p>\n<div class=\"cl-preview-section\">\n<h4 id=\"disclaimer\">Avis de non-responsabilit\u00e9<\/h4>\n<\/div>\n<div class=\"cl-preview-section\">Toutes les transactions sont trait\u00e9es de mani\u00e8re s\u00e9curis\u00e9e sur la plateforme PayU, garantissant les plus hauts niveaux de s\u00e9curit\u00e9 et de conformit\u00e9.<\/div>\n","protected":false},"excerpt":{"rendered":"<p>Integrate\u00a0 Payu Gateway for\u00a0 WooCommerce<\/p>\n","protected":false},"featured_media":2261,"comment_status":"open","ping_status":"closed","template":"","meta":{"_acf_changed":false},"product_cat":[47],"product_tag":[211,157],"class_list":{"0":"post-2260","1":"product","2":"type-product","3":"status-publish","4":"has-post-thumbnail","6":"product_cat-woocommerce","7":"product_tag-payu-india","8":"product_tag-payu","10":"first","11":"instock","12":"shipping-taxable","13":"purchasable","14":"product-type-simple"},"acf":[],"_links":{"self":[{"href":"https:\/\/wpayo.com\/fr\/wp-json\/wp\/v2\/product\/2260","targetHints":{"allow":["GET"]}}],"collection":[{"href":"https:\/\/wpayo.com\/fr\/wp-json\/wp\/v2\/product"}],"about":[{"href":"https:\/\/wpayo.com\/fr\/wp-json\/wp\/v2\/types\/product"}],"replies":[{"embeddable":true,"href":"https:\/\/wpayo.com\/fr\/wp-json\/wp\/v2\/comments?post=2260"}],"wp:featuredmedia":[{"embeddable":true,"href":"https:\/\/wpayo.com\/fr\/wp-json\/wp\/v2\/media\/2261"}],"wp:attachment":[{"href":"https:\/\/wpayo.com\/fr\/wp-json\/wp\/v2\/media?parent=2260"}],"wp:term":[{"taxonomy":"product_cat","embeddable":true,"href":"https:\/\/wpayo.com\/fr\/wp-json\/wp\/v2\/product_cat?post=2260"},{"taxonomy":"product_tag","embeddable":true,"href":"https:\/\/wpayo.com\/fr\/wp-json\/wp\/v2\/product_tag?post=2260"}],"curies":[{"name":"wp","href":"https:\/\/api.w.org\/{rel}","templated":true}]}}